{"id":899,"date":"2022-12-19T10:24:40","date_gmt":"2022-12-19T09:24:40","guid":{"rendered":"https:\/\/www.camping-laclairiere.fr\/?page_id=899"},"modified":"2026-01-16T13:22:23","modified_gmt":"2026-01-16T12:22:23","slug":"camping-familial-saint-paul-en-born","status":"publish","type":"page","link":"https:\/\/www.camping-laclairiere.fr\/fr\/camping-familial-saint-paul-en-born\/","title":{"rendered":"Restaurant et services"},"content":{"rendered":"<section id=\"ls-section-block_0b3def634e0461b340d2d233ad6e2e9b\" class=\"ls-section  page-intro\" >\n        <div class=\"container \">\n        \n\n<h1 class=\"ls__heading wp-block-heading has-text-align-center aquarelle deco-centre\">Camping familial \u00e0 St. Paul-en-Born<\/h1>\n\n\n    <\/div>\n<\/section>\n\n<section id=\"ls-section-block_76f7d2cde3cf48ff65c85f40268acd66\" class=\"ls-section  page-one has-p-b p-b-14\" >\n        <div class=\"container container--wide\">\n        \n\n<div class=\"wp-block-columns is-layout-flex wp-container-core-columns-is-layout-9d6595d7 wp-block-columns-is-layout-flex\">\n<div class=\"wp-block-column is-vertically-aligned-center left is-layout-flow wp-block-column-is-layout-flow\" style=\"flex-basis:33.33%\">\n<figure class=\"wp-block-image size-full plante\"><img decoding=\"async\" width=\"220\" height=\"217\" src=\"https:\/\/www.camping-laclairiere.fr\/wp-content\/uploads\/2022\/12\/plante.png\" alt=\"plante\" class=\"wp-image-654\"\/><\/figure>\n\n\n\n<h2 class=\"ls__heading wp-block-heading deco-gauche\" id=\"services\">Nos services 4 \u00e9toiles<\/h2>\n\n\n\n<h3 class=\"ls__heading wp-block-heading\">L&rsquo;accueil du camping<\/h3>\n\n\n\n<p class=\"ls-paragraph\">Votre premier contact avec le <a href=\"\/fr\/\">camping la Clairi\u00e8re<\/a> sera le sourire qui vous accueille lorsque vous franchissez la porte de la r\u00e9ception. Notre \u00e9quipe se tient \u00e0 votre disposition pour <strong>rendre inoubliable votre s\u00e9jour sur la c\u00f4te aquitaine<\/strong>. Nous sommes l\u00e0 pour vous aider au quotidien mais aussi pour vous conseiller des visites dans la r\u00e9gion. N&rsquo;h\u00e9sitez pas \u00e0 nous questionner, nous vous indiquerons la plus jolie balade \u00e0 v\u00e9lo ainsi que nos plages pr\u00e9f\u00e9r\u00e9es. Et, de retour de vos excursions, vous pourrez poster vos plus beaux souvenirs sur les r\u00e9seaux sociaux gr\u00e2ce \u00e0 la connexion Wi-Fi gratuite sur l\u2019ensemble du camping.<\/p>\n\n\n\n<p class=\"ls-paragraph\">Le camping met \u00e0 disposition matelas et tables \u00e0 langer, un coffre-fort pour les clients et la location de v\u00e9los.<\/p>\n\n\n\n<p class=\"ls-paragraph\"><strong>R\u00e9ception<\/strong> <strong>:<\/strong> <\/p>\n\n\n\n<p class=\"ls-paragraph\"><strong>\u25cf Haute saison :<\/strong> Lundi au vendredi et dimanche 8h30-13h\/14h-20h et samedi 8h-12h\/13h-20h. <\/p>\n\n\n\n<p class=\"ls-paragraph\"><strong>\u25cf Basse saison : <\/strong>9h-12h\/13h-20h tous les jours.<\/p>\n\n\n\n<p class=\"ls-paragraph\"><strong>Restaurant\/ Bar<\/strong> : Ouvert pendant toute la p\u00e9riode d&rsquo;ouverture du camping, les horaires peuvent varier en basse saison notamment en fonction de la m\u00e9t\u00e9o.<\/p>\n\n\n\n<p class=\"ls-paragraph\"><strong>Piscine<\/strong> : du 15 mai au 15 septembre (selon conditions m\u00e9t\u00e9orologiques).<\/p>\n<\/div>\n\n\n\n<div class=\"wp-block-column is-vertically-aligned-center right is-layout-flow wp-block-column-is-layout-flow\" style=\"flex-basis:66.66%\">\n<figure class=\"wp-block-image size-full animated fadeInUp delay-200ms slow\"><img decoding=\"async\" width=\"900\" height=\"600\" src=\"https:\/\/www.camping-laclairiere.fr\/wp-content\/uploads\/2023\/09\/La-Clairiere-Escapades_restaurant-table.jpg\" alt=\"\" class=\"wp-image-2620\" srcset=\"https:\/\/www.camping-laclairiere.fr\/wp-content\/uploads\/2023\/09\/La-Clairiere-Escapades_restaurant-table.jpg 900w, https:\/\/www.camping-laclairiere.fr\/wp-content\/uploads\/2023\/09\/La-Clairiere-Escapades_restaurant-table-300x200.jpg 300w, https:\/\/www.camping-laclairiere.fr\/wp-content\/uploads\/2023\/09\/La-Clairiere-Escapades_restaurant-table-768x512.jpg 768w\" sizes=\"(max-width: 900px) 100vw, 900px\" \/><\/figure>\n<\/div>\n<\/div>\n\n\n    <\/div>\n<\/section>\n\n<section id=\"ls-section-block_a639b723f222cb110df3456f6f9328ef\" class=\"ls-section  page-two has-background has-color-3-background-color has-p-t p-t-14 has-p-b p-b-14\" >\n        <div class=\"container container--wide\">\n        \n\n<div class=\"wp-block-columns is-layout-flex wp-container-core-columns-is-layout-9d6595d7 wp-block-columns-is-layout-flex\">\n<div class=\"wp-block-column left is-layout-flow wp-block-column-is-layout-flow\">\n<figure class=\"wp-block-image size-full animated fadeInRight delay-200ms slow\"><a href=\"https:\/\/www.camping-laclairiere.fr\/wp-content\/uploads\/2022\/12\/camping-avec-epicerie-landes.jpg\"><img decoding=\"async\" width=\"800\" height=\"532\" src=\"https:\/\/www.camping-laclairiere.fr\/wp-content\/uploads\/2022\/12\/camping-avec-epicerie-landes.jpg\" alt=\"camping avec epicerie landes\" class=\"wp-image-1196\" srcset=\"https:\/\/www.camping-laclairiere.fr\/wp-content\/uploads\/2022\/12\/camping-avec-epicerie-landes.jpg 800w, https:\/\/www.camping-laclairiere.fr\/wp-content\/uploads\/2022\/12\/camping-avec-epicerie-landes-300x200.jpg 300w, https:\/\/www.camping-laclairiere.fr\/wp-content\/uploads\/2022\/12\/camping-avec-epicerie-landes-768x511.jpg 768w\" sizes=\"(max-width: 800px) 100vw, 800px\" \/><\/a><\/figure>\n\n\n\n<h3 class=\"ls__heading wp-block-heading deco-gauche m-t-5\">D\u00e9p\u00f4t de pain et de viennoiseries<\/h3>\n\n\n\n<p class=\"ls-paragraph\">Pas besoin d\u2019aller jusqu\u2019\u00e0 la boulangerie ou de pr\u00e9voir votre petit-d\u00e9jeuner. Au petit matin, venez r\u00e9cup\u00e9rer votre pain et vos viennoiseries au bar du camping.<\/p>\n\n\n\n<h3 class=\"ls__heading wp-block-heading epicerie-titre\">L&rsquo;\u00e9picerie \u00e0 St. Paul-en-Born<\/h3>\n\n\n\n<p class=\"ls-paragraph epicerie-paragraphe\">Dans l\u2019enceinte du camping, l\u2019\u00e9picerie est ouverte aux <strong>m\u00eames horaires<\/strong> que le bar \/ restaurant.<\/p>\n<\/div>\n\n\n\n<div class=\"wp-block-column right is-layout-flow wp-block-column-is-layout-flow\">\n<figure class=\"wp-block-image size-full pin\"><img decoding=\"async\" width=\"211\" height=\"227\" src=\"https:\/\/www.camping-laclairiere.fr\/wp-content\/uploads\/2022\/12\/pin.png\" alt=\"pins\" class=\"wp-image-660\" title=\"pin\"\/><\/figure>\n\n\n\n<h3 class=\"ls__heading wp-block-heading\">Restez connect\u00e9 au wifi<\/h3>\n\n\n\n<p class=\"ls-paragraph\">Partagez vos souvenirs avec vos proches \u00e0 tout moment ! Profitez de la Wi-Fi <strong>gratuitement avec jusqu&rsquo;\u00e0 2 connexions<\/strong> par emplacement ou s\u00e9jour. Des connexions suppl\u00e9mentaires sont disponibles moyennant un suppl\u00e9ment de 5 \u20ac par s\u00e9jour<\/p>\n\n\n\n<h3 class=\"ls__heading wp-block-heading\">La laverie<\/h3>\n\n\n\n<p class=\"ls-paragraph\">Au sein du camping, la laverie en <strong>libre-service<\/strong>, vous permet de passer des vacances sans tracas. La machine est \u00e0 6\u20ac et le s\u00e8che-linge \u00e0 4\u20ac. Une table et un fer \u00e0 repasser sont \u00e9galement mis \u00e0 votre disposition.<\/p>\n\n\n\n<figure class=\"wp-block-image size-full animated fadeInLeft delay-200ms slow\"><a href=\"https:\/\/www.camping-laclairiere.fr\/wp-content\/uploads\/2022\/12\/camping-avec-espace-laverie.jpg\"><img decoding=\"async\" width=\"800\" height=\"532\" src=\"https:\/\/www.camping-laclairiere.fr\/wp-content\/uploads\/2022\/12\/camping-avec-espace-laverie.jpg\" alt=\"camping avec espace laverie\" class=\"wp-image-1192\" srcset=\"https:\/\/www.camping-laclairiere.fr\/wp-content\/uploads\/2022\/12\/camping-avec-espace-laverie.jpg 800w, https:\/\/www.camping-laclairiere.fr\/wp-content\/uploads\/2022\/12\/camping-avec-espace-laverie-300x200.jpg 300w, https:\/\/www.camping-laclairiere.fr\/wp-content\/uploads\/2022\/12\/camping-avec-espace-laverie-768x511.jpg 768w\" sizes=\"(max-width: 800px) 100vw, 800px\" \/><\/a><\/figure>\n<\/div>\n<\/div>\n\n\n    <\/div>\n<\/section>\n\n<section id=\"ls-section-block_76f7d2cde3cf48ff65c85f40268acd66\" class=\"ls-section  page-one has-p-b p-b-14\" >\n        <div class=\"container container--wide\">\n        \n\n<div class=\"wp-block-columns is-layout-flex wp-container-core-columns-is-layout-9d6595d7 wp-block-columns-is-layout-flex\">\n<div class=\"wp-block-column right is-layout-flow wp-block-column-is-layout-flow\" style=\"flex-basis:66.66%\">\n<figure class=\"wp-block-image size-full animated fadeInUp delay-200ms slow\"><img decoding=\"async\" width=\"900\" height=\"600\" src=\"https:\/\/www.camping-laclairiere.fr\/wp-content\/uploads\/2023\/09\/La-Clairiere-Escapades_bar.jpg\" alt=\"\" class=\"wp-image-2624\" srcset=\"https:\/\/www.camping-laclairiere.fr\/wp-content\/uploads\/2023\/09\/La-Clairiere-Escapades_bar.jpg 900w, https:\/\/www.camping-laclairiere.fr\/wp-content\/uploads\/2023\/09\/La-Clairiere-Escapades_bar-300x200.jpg 300w, https:\/\/www.camping-laclairiere.fr\/wp-content\/uploads\/2023\/09\/La-Clairiere-Escapades_bar-768x512.jpg 768w\" sizes=\"(max-width: 900px) 100vw, 900px\" \/><\/figure>\n<\/div>\n\n\n\n<div class=\"wp-block-column is-vertically-aligned-center left is-layout-flow wp-block-column-is-layout-flow\" style=\"flex-basis:33.33%\">\n<figure class=\"wp-block-image size-full plante\"><img decoding=\"async\" width=\"220\" height=\"217\" src=\"https:\/\/www.camping-laclairiere.fr\/wp-content\/uploads\/2022\/12\/plante.png\" alt=\"plante\" class=\"wp-image-654\"\/><\/figure>\n\n\n\n<h2 class=\"ls__heading wp-block-heading deco-gauche\" id=\"restaurant\">Restaurant \u00e0 St. Paul-en-Born<\/h2>\n\n\n\n<p class=\"ls-paragraph\">Au camping la Clairi\u00e8re, tout est fait pour rendre votre s\u00e9jour dans les Landes aussi agr\u00e9able que possible. Apr\u00e8s avoir pass\u00e9 la journ\u00e9e \u00e0 participer \u00e0 <a href=\"\/fr\/camping-animations-saint-paul-en-born\/\">nos animations<\/a> ou sur un transat <a href=\"\/fr\/camping-piscine-saint-paul-en-born\/\">au bord de la piscine<\/a> vous pourrez profiter, en famille ou entre amis, de l&rsquo;<strong>ambiance conviviale<\/strong> de notre bar\/restaurant. Ouvert midi et soir pendant toute la p\u00e9riode d&rsquo;ouverture du camping (variable en hors saison selon les conditions m\u00e9t\u00e9orologiques), ce restaurant vous propose une carte simple mais agr\u00e9able o\u00f9 figurent des pizzas, des steaks frites, des salades, du poulet mais aussi quelques sp\u00e9cialit\u00e9s du Sud-Ouest telles que le foie gras ou le magret de canard.<\/p>\n\n\n\n<p class=\"ls-paragraph\">Un service de <strong>plats \u00e0 emporter<\/strong> vous permet de manger sur votre emplacement sans pour autant avoir \u00e0 cuisiner. Au bar, vous trouverez \u00e9galement quelques produits de premi\u00e8re n\u00e9cessit\u00e9 ainsi qu&rsquo;un <strong>d\u00e9p\u00f4t de pain<\/strong> o\u00f9 vous attendent du pain frais et des viennoiseries tous les matins.<\/p>\n<\/div>\n<\/div>\n\n\n    <\/div>\n<\/section>\n\n<section id=\"ls-section-block_7c3ca7edc515907bd4c4a5da7fcdec9b\" class=\"ls-section  page-avis has-background has-color-3-background-color has-p-t p-t-14 has-p-b p-b-14\" >\n        <div class=\"container \">\n        \n\n<div id=\"ls-heading ls-titre-div-block_657983061ca63930b82454dcd41694f1\" class=\"ls-titre-div deco-first  aligncenter h2-like has-m-b m-b-8\" >\n    Et nos clients, que pensent-ils de nos services ?<\/div>\n\n\n<div class=\"avis-container-pages\"><div class=\"avis\"><div class=\"avis-content-container\"><div class=\"avis-text-container\"><div class=\"avis-name\">Matthieu M.<\/div><div class=\"avis-note\">\n                <span><i class=\"clairiere-star\"><\/i><\/span><span><i class=\"clairiere-star\"><\/i><\/span><span><i class=\"clairiere-star\"><\/i><\/span><span><i class=\"clairiere-star\"><\/i><\/span><span><i class=\"clairiere-star\"><\/i><\/span>\n                <\/div><div class=\"avis-content\"><p>Nous avons pass\u00e9s une superbe semaine dans ce camping. Personnel hyper agr\u00e9able, <b>restaurant<\/b> de qualit\u00e9s, et surtout mobil home tr\u00e8s propre.<\/p>\n<\/div><\/div><\/div><\/div><div class=\"avis\"><div class=\"avis-content-container\"><div class=\"avis-text-container\"><div class=\"avis-name\">Gilles D.<\/div><div class=\"avis-note\">\n                <span><i class=\"clairiere-star\"><\/i><\/span><span><i class=\"clairiere-star\"><\/i><\/span><span><i class=\"clairiere-star\"><\/i><\/span><span><i class=\"clairiere-star\"><\/i><\/span><span><i class=\"clairiere-star\"><\/i><\/span>\n                <\/div><div class=\"avis-content\"><p>Camping tr\u00e8s calme avec un staff incroyablement sympathique Le <b>restaurant<\/b> est super sympa aussi, je recommande fortement ce camping !<\/p>\n<\/div><\/div><\/div><\/div><div class=\"avis\"><div class=\"avis-content-container\"><div class=\"avis-text-container\"><div class=\"avis-name\">Pierre-Alain M.<\/div><div class=\"avis-note\">\n                <span><i class=\"clairiere-star\"><\/i><\/span><span><i class=\"clairiere-star\"><\/i><\/span><span><i class=\"clairiere-star\"><\/i><\/span><span><i class=\"clairiere-star\"><\/i><\/span><span><i class=\"clairiere-star\"><\/i><\/span>\n                <\/div><div class=\"avis-content\"><p>Camping familial tr\u00e8s agr\u00e9able et calme. Le club enfant est gratuit ! Il y a une belle piscine surveill\u00e9e. Le <b>restaurant<\/b> y est de qualit\u00e9 et \u00e0 tarif raisonnable L&rsquo;accueil est tr\u00e8s chaleureux et sympathique ! Bref je recommande.<\/p>\n<\/div><\/div><\/div><\/div><\/div>\n\n\n    <\/div>\n<\/section>\n\n<section id=\"ls-section-block_720988b03b4662166bf0c9ed123d48f6\" class=\"ls-section  page-maillage has-background has-color-white-background-color has-p-t p-t-14 has-p-b p-b-14\" >\n        <div class=\"container container--wide\">\n        \n\n<div id=\"ls-heading ls-titre-div-block_bf778d32a34042303aed76086e55f53f\" class=\"ls-titre-div deco-centre aligncenter h2-like\" >\n    D\u00e9couvrez les animations et la piscine de notre camping<\/div>\n\n\n<div id=\"ls-maillage-block_7cfe550150df3b5147b2d1982b07f6c0\" class=\"ls-maillage cta-style-normal has-p-t p-t-8\" data-rows=\"3\">\n    <div class=\"wp-block-columns\"><div class=\"wp-block-column\">\n\n<a href=\"https:\/\/www.camping-laclairiere.fr\/fr\/camping-animations-saint-paul-en-born\/\" target=\"\" rel=\"noopener\" class=\"ls-cta__link\">\n\n\t<div class=\"ls-cta__image\"><img decoding=\"async\" src=\"https:\/\/www.camping-laclairiere.fr\/wp-content\/uploads\/2022\/12\/camping-avec-animations-dans-les-landes-768x511.jpg\" alt=\"camping avec animation dans les landes\"><\/div>\n\t<div class=\"ls-cta__title\">\n\t\tAnimations\t<\/div>\n\n\t\t\n<\/a><\/div><div class=\"wp-block-column\">\n\n<a href=\"https:\/\/www.camping-laclairiere.fr\/fr\/camping-piscine-saint-paul-en-born\/\" target=\"\" rel=\"noopener\" class=\"ls-cta__link\">\n\n\t<div class=\"ls-cta__image\"><img decoding=\"async\" src=\"https:\/\/www.camping-laclairiere.fr\/wp-content\/uploads\/2022\/12\/piscine-chauffee-camping-la-clairiere-768x511.jpg\" alt=\"piscine chauff\u00e9e camping la clairi\u00e8re\"><\/div>\n\t<div class=\"ls-cta__title\">\n\t\tLa piscine\t<\/div>\n\n\t\t\n<\/a><\/div><div class=\"wp-block-column\">\n\n<a href=\"https:\/\/www.camping-laclairiere.fr\/fr\/camping-bord-riviere-saint-paul-en-born\/\" target=\"\" rel=\"noopener\" class=\"ls-cta__link\">\n\n\t<div class=\"ls-cta__image\"><img decoding=\"async\" src=\"https:\/\/www.camping-laclairiere.fr\/wp-content\/uploads\/2022\/12\/riviere-camping-la-clairiere-768x511.jpg\" alt=\"riviere camping la clairiere\"><\/div>\n\t<div class=\"ls-cta__title\">\n\t\tBord de rivi\u00e8re\t<\/div>\n\n\t\t\n<\/a><\/div><\/div><\/div>\n\n    <\/div>\n<\/section>","protected":false},"excerpt":{"rendered":"","protected":false},"author":1,"featured_media":2628,"parent":0,"menu_order":0,"comment_status":"closed","ping_status":"closed","template":"","meta":{"_acf_changed":false,"footnotes":""},"sujet":[],"class_list":["post-899","page","type-page","status-publish","has-post-thumbnail","hentry"],"acf":[],"yoast_head":"<!-- This site is optimized with the Yoast SEO plugin v25.3 - https:\/\/yoast.com\/wordpress\/plugins\/seo\/ -->\n<title>Bar-restaurant et conseil sur les excursions | La Clairi\u00e8re<\/title>\n<meta name=\"description\" content=\"S\u00e9jour agr\u00e9able avec son bar-restaurant, produits de premi\u00e8re n\u00e9cessit\u00e9 et une \u00e9quipe pour vous conseiller\" \/>\n<meta name=\"robots\" content=\"index, follow, max-snippet:-1, max-image-preview:large, max-video-preview:-1\" \/>\n<link rel=\"canonical\" href=\"https:\/\/www.camping-laclairiere.fr\/fr\/camping-familial-saint-paul-en-born\/\" \/>\n<meta property=\"og:locale\" content=\"fr_FR\" \/>\n<meta property=\"og:type\" content=\"article\" \/>\n<meta property=\"og:title\" content=\"Bar-restaurant et conseil sur les excursions | La Clairi\u00e8re\" \/>\n<meta property=\"og:description\" content=\"S\u00e9jour agr\u00e9able avec son bar-restaurant, produits de premi\u00e8re n\u00e9cessit\u00e9 et une \u00e9quipe pour vous conseiller\" \/>\n<meta property=\"og:url\" content=\"https:\/\/www.camping-laclairiere.fr\/fr\/camping-familial-saint-paul-en-born\/\" \/>\n<meta property=\"og:site_name\" content=\"Camping La Clairi\u00e8re\" \/>\n<meta property=\"article:modified_time\" content=\"2026-01-16T12:22:23+00:00\" \/>\n<meta property=\"og:image\" content=\"https:\/\/www.camping-laclairiere.fr\/wp-content\/uploads\/2023\/09\/La-Clairiere-Escapades_banner-restaurant.jpg\" \/>\n\t<meta property=\"og:image:width\" content=\"1920\" \/>\n\t<meta property=\"og:image:height\" content=\"712\" \/>\n\t<meta property=\"og:image:type\" content=\"image\/jpeg\" \/>\n<meta name=\"twitter:card\" content=\"summary_large_image\" \/>\n<meta name=\"twitter:label1\" content=\"Dur\u00e9e de lecture estim\u00e9e\" \/>\n\t<meta name=\"twitter:data1\" content=\"5 minutes\" \/>\n<script type=\"application\/ld+json\" class=\"yoast-schema-graph\">{\"@context\":\"https:\/\/schema.org\",\"@graph\":[{\"@type\":\"WebPage\",\"@id\":\"https:\/\/www.camping-laclairiere.fr\/fr\/camping-familial-saint-paul-en-born\/\",\"url\":\"https:\/\/www.camping-laclairiere.fr\/fr\/camping-familial-saint-paul-en-born\/\",\"name\":\"Bar-restaurant et conseil sur les excursions | La Clairi\u00e8re\",\"isPartOf\":{\"@id\":\"https:\/\/www.camping-laclairiere.fr\/fr\/#website\"},\"primaryImageOfPage\":{\"@id\":\"https:\/\/www.camping-laclairiere.fr\/fr\/camping-familial-saint-paul-en-born\/#primaryimage\"},\"image\":{\"@id\":\"https:\/\/www.camping-laclairiere.fr\/fr\/camping-familial-saint-paul-en-born\/#primaryimage\"},\"thumbnailUrl\":\"https:\/\/www.camping-laclairiere.fr\/wp-content\/uploads\/2023\/09\/La-Clairiere-Escapades_banner-restaurant.jpg\",\"datePublished\":\"2022-12-19T09:24:40+00:00\",\"dateModified\":\"2026-01-16T12:22:23+00:00\",\"description\":\"S\u00e9jour agr\u00e9able avec son bar-restaurant, produits de premi\u00e8re n\u00e9cessit\u00e9 et une \u00e9quipe pour vous conseiller\",\"breadcrumb\":{\"@id\":\"https:\/\/www.camping-laclairiere.fr\/fr\/camping-familial-saint-paul-en-born\/#breadcrumb\"},\"inLanguage\":\"fr-FR\",\"potentialAction\":[{\"@type\":\"ReadAction\",\"target\":[\"https:\/\/www.camping-laclairiere.fr\/fr\/camping-familial-saint-paul-en-born\/\"]}]},{\"@type\":\"ImageObject\",\"inLanguage\":\"fr-FR\",\"@id\":\"https:\/\/www.camping-laclairiere.fr\/fr\/camping-familial-saint-paul-en-born\/#primaryimage\",\"url\":\"https:\/\/www.camping-laclairiere.fr\/wp-content\/uploads\/2023\/09\/La-Clairiere-Escapades_banner-restaurant.jpg\",\"contentUrl\":\"https:\/\/www.camping-laclairiere.fr\/wp-content\/uploads\/2023\/09\/La-Clairiere-Escapades_banner-restaurant.jpg\",\"width\":1920,\"height\":712},{\"@type\":\"BreadcrumbList\",\"@id\":\"https:\/\/www.camping-laclairiere.fr\/fr\/camping-familial-saint-paul-en-born\/#breadcrumb\",\"itemListElement\":[{\"@type\":\"ListItem\",\"position\":1,\"name\":\"Camping Landes\",\"item\":\"https:\/\/www.camping-laclairiere.fr\/fr\/\"},{\"@type\":\"ListItem\",\"position\":2,\"name\":\"Les services\"}]},{\"@type\":\"WebSite\",\"@id\":\"https:\/\/www.camping-laclairiere.fr\/fr\/#website\",\"url\":\"https:\/\/www.camping-laclairiere.fr\/fr\/\",\"name\":\"Camping La Clairi\u00e8re\",\"description\":\"\",\"publisher\":{\"@id\":\"https:\/\/www.camping-laclairiere.fr\/fr\/#organization\"},\"potentialAction\":[{\"@type\":\"SearchAction\",\"target\":{\"@type\":\"EntryPoint\",\"urlTemplate\":\"https:\/\/www.camping-laclairiere.fr\/fr\/?s={search_term_string}\"},\"query-input\":{\"@type\":\"PropertyValueSpecification\",\"valueRequired\":true,\"valueName\":\"search_term_string\"}}],\"inLanguage\":\"fr-FR\"},{\"@type\":\"Organization\",\"@id\":\"https:\/\/www.camping-laclairiere.fr\/fr\/#organization\",\"name\":\"Camping La Clairi\u00e8re\",\"url\":\"https:\/\/www.camping-laclairiere.fr\/fr\/\",\"logo\":{\"@type\":\"ImageObject\",\"inLanguage\":\"fr-FR\",\"@id\":\"https:\/\/www.camping-laclairiere.fr\/fr\/#\/schema\/logo\/image\/\",\"url\":\"https:\/\/www.camping-laclairiere.fr\/wp-content\/uploads\/2022\/12\/logo-camping-la-clairiere.png\",\"contentUrl\":\"https:\/\/www.camping-laclairiere.fr\/wp-content\/uploads\/2022\/12\/logo-camping-la-clairiere.png\",\"width\":317,\"height\":111,\"caption\":\"Camping La Clairi\u00e8re\"},\"image\":{\"@id\":\"https:\/\/www.camping-laclairiere.fr\/fr\/#\/schema\/logo\/image\/\"}}]}<\/script>\n<!-- \/ Yoast SEO plugin. -->","yoast_head_json":{"title":"Bar-restaurant et conseil sur les excursions | La Clairi\u00e8re","description":"S\u00e9jour agr\u00e9able avec son bar-restaurant, produits de premi\u00e8re n\u00e9cessit\u00e9 et une \u00e9quipe pour vous conseiller","robots":{"index":"index","follow":"follow","max-snippet":"max-snippet:-1","max-image-preview":"max-image-preview:large","max-video-preview":"max-video-preview:-1"},"canonical":"https:\/\/www.camping-laclairiere.fr\/fr\/camping-familial-saint-paul-en-born\/","og_locale":"fr_FR","og_type":"article","og_title":"Bar-restaurant et conseil sur les excursions | La Clairi\u00e8re","og_description":"S\u00e9jour agr\u00e9able avec son bar-restaurant, produits de premi\u00e8re n\u00e9cessit\u00e9 et une \u00e9quipe pour vous conseiller","og_url":"https:\/\/www.camping-laclairiere.fr\/fr\/camping-familial-saint-paul-en-born\/","og_site_name":"Camping La Clairi\u00e8re","article_modified_time":"2026-01-16T12:22:23+00:00","og_image":[{"width":1920,"height":712,"url":"https:\/\/www.camping-laclairiere.fr\/wp-content\/uploads\/2023\/09\/La-Clairiere-Escapades_banner-restaurant.jpg","type":"image\/jpeg"}],"twitter_card":"summary_large_image","twitter_misc":{"Dur\u00e9e de lecture estim\u00e9e":"5 minutes"},"schema":{"@context":"https:\/\/schema.org","@graph":[{"@type":"WebPage","@id":"https:\/\/www.camping-laclairiere.fr\/fr\/camping-familial-saint-paul-en-born\/","url":"https:\/\/www.camping-laclairiere.fr\/fr\/camping-familial-saint-paul-en-born\/","name":"Bar-restaurant et conseil sur les excursions | La Clairi\u00e8re","isPartOf":{"@id":"https:\/\/www.camping-laclairiere.fr\/fr\/#website"},"primaryImageOfPage":{"@id":"https:\/\/www.camping-laclairiere.fr\/fr\/camping-familial-saint-paul-en-born\/#primaryimage"},"image":{"@id":"https:\/\/www.camping-laclairiere.fr\/fr\/camping-familial-saint-paul-en-born\/#primaryimage"},"thumbnailUrl":"https:\/\/www.camping-laclairiere.fr\/wp-content\/uploads\/2023\/09\/La-Clairiere-Escapades_banner-restaurant.jpg","datePublished":"2022-12-19T09:24:40+00:00","dateModified":"2026-01-16T12:22:23+00:00","description":"S\u00e9jour agr\u00e9able avec son bar-restaurant, produits de premi\u00e8re n\u00e9cessit\u00e9 et une \u00e9quipe pour vous conseiller","breadcrumb":{"@id":"https:\/\/www.camping-laclairiere.fr\/fr\/camping-familial-saint-paul-en-born\/#breadcrumb"},"inLanguage":"fr-FR","potentialAction":[{"@type":"ReadAction","target":["https:\/\/www.camping-laclairiere.fr\/fr\/camping-familial-saint-paul-en-born\/"]}]},{"@type":"ImageObject","inLanguage":"fr-FR","@id":"https:\/\/www.camping-laclairiere.fr\/fr\/camping-familial-saint-paul-en-born\/#primaryimage","url":"https:\/\/www.camping-laclairiere.fr\/wp-content\/uploads\/2023\/09\/La-Clairiere-Escapades_banner-restaurant.jpg","contentUrl":"https:\/\/www.camping-laclairiere.fr\/wp-content\/uploads\/2023\/09\/La-Clairiere-Escapades_banner-restaurant.jpg","width":1920,"height":712},{"@type":"BreadcrumbList","@id":"https:\/\/www.camping-laclairiere.fr\/fr\/camping-familial-saint-paul-en-born\/#breadcrumb","itemListElement":[{"@type":"ListItem","position":1,"name":"Camping Landes","item":"https:\/\/www.camping-laclairiere.fr\/fr\/"},{"@type":"ListItem","position":2,"name":"Les services"}]},{"@type":"WebSite","@id":"https:\/\/www.camping-laclairiere.fr\/fr\/#website","url":"https:\/\/www.camping-laclairiere.fr\/fr\/","name":"Camping La Clairi\u00e8re","description":"","publisher":{"@id":"https:\/\/www.camping-laclairiere.fr\/fr\/#organization"},"potentialAction":[{"@type":"SearchAction","target":{"@type":"EntryPoint","urlTemplate":"https:\/\/www.camping-laclairiere.fr\/fr\/?s={search_term_string}"},"query-input":{"@type":"PropertyValueSpecification","valueRequired":true,"valueName":"search_term_string"}}],"inLanguage":"fr-FR"},{"@type":"Organization","@id":"https:\/\/www.camping-laclairiere.fr\/fr\/#organization","name":"Camping La Clairi\u00e8re","url":"https:\/\/www.camping-laclairiere.fr\/fr\/","logo":{"@type":"ImageObject","inLanguage":"fr-FR","@id":"https:\/\/www.camping-laclairiere.fr\/fr\/#\/schema\/logo\/image\/","url":"https:\/\/www.camping-laclairiere.fr\/wp-content\/uploads\/2022\/12\/logo-camping-la-clairiere.png","contentUrl":"https:\/\/www.camping-laclairiere.fr\/wp-content\/uploads\/2022\/12\/logo-camping-la-clairiere.png","width":317,"height":111,"caption":"Camping La Clairi\u00e8re"},"image":{"@id":"https:\/\/www.camping-laclairiere.fr\/fr\/#\/schema\/logo\/image\/"}}]}},"_links":{"self":[{"href":"https:\/\/www.camping-laclairiere.fr\/fr\/wp-json\/wp\/v2\/pages\/899","targetHints":{"allow":["GET"]}}],"collection":[{"href":"https:\/\/www.camping-laclairiere.fr\/fr\/wp-json\/wp\/v2\/pages"}],"about":[{"href":"https:\/\/www.camping-laclairiere.fr\/fr\/wp-json\/wp\/v2\/types\/page"}],"author":[{"embeddable":true,"href":"https:\/\/www.camping-laclairiere.fr\/fr\/wp-json\/wp\/v2\/users\/1"}],"replies":[{"embeddable":true,"href":"https:\/\/www.camping-laclairiere.fr\/fr\/wp-json\/wp\/v2\/comments?post=899"}],"version-history":[{"count":55,"href":"https:\/\/www.camping-laclairiere.fr\/fr\/wp-json\/wp\/v2\/pages\/899\/revisions"}],"predecessor-version":[{"id":3143,"href":"https:\/\/www.camping-laclairiere.fr\/fr\/wp-json\/wp\/v2\/pages\/899\/revisions\/3143"}],"wp:featuredmedia":[{"embeddable":true,"href":"https:\/\/www.camping-laclairiere.fr\/fr\/wp-json\/wp\/v2\/media\/2628"}],"wp:attachment":[{"href":"https:\/\/www.camping-laclairiere.fr\/fr\/wp-json\/wp\/v2\/media?parent=899"}],"wp:term":[{"taxonomy":"sujet","embeddable":true,"href":"https:\/\/www.camping-laclairiere.fr\/fr\/wp-json\/wp\/v2\/sujet?post=899"}],"curies":[{"name":"wp","href":"https:\/\/api.w.org\/{rel}","templated":true}]}}