{"id":326,"date":"2022-12-07T10:12:28","date_gmt":"2022-12-07T09:12:28","guid":{"rendered":"https:\/\/www.camping-laclairiere.fr\/?page_id=326"},"modified":"2025-05-22T10:48:00","modified_gmt":"2025-05-22T08:48:00","slug":"activites-landes","status":"publish","type":"page","link":"https:\/\/www.camping-laclairiere.fr\/fr\/activites-landes\/","title":{"rendered":"Les activit\u00e9s autour"},"content":{"rendered":"<section id=\"ls-section-block_25e8495a6ff70ba063b1efc2d65901b2\" class=\"ls-section  page-intro\" >\n        <div class=\"container \">\n        \n\n<h1 class=\"ls__heading wp-block-heading has-text-align-center aquarelle deco-centre\">Des activit\u00e9s familiales autour du camping<\/h1>\n\n\n    <\/div>\n<\/section>\n\n<section id=\"ls-section-block_5020c21fd53604aa0038e2275f47a542\" class=\"ls-section  page-one has-p-b p-b-14\" >\n        <div class=\"container container--wide\">\n        \n\n<div class=\"wp-block-columns is-layout-flex wp-container-core-columns-is-layout-9d6595d7 wp-block-columns-is-layout-flex\">\n<div class=\"wp-block-column is-vertically-aligned-center left is-layout-flow wp-block-column-is-layout-flow\" style=\"flex-basis:33.33%\">\n<figure class=\"wp-block-image size-full plante\"><img decoding=\"async\" width=\"220\" height=\"217\" src=\"https:\/\/www.camping-laclairiere.fr\/wp-content\/uploads\/2022\/12\/plante.png\" alt=\"plante\" class=\"wp-image-654\"\/><\/figure>\n\n\n\n<h2 class=\"ls__heading wp-block-heading deco-gauche\">Landes aventures<\/h2>\n\n\n\n<p class=\"ls-paragraph\">Avec 120 ateliers pour tous les \u00e2ges, le parc accrobranche <a href=\"http:\/\/landesaventure.fr\/\" target=\"_blank\" rel=\"noreferrer noopener nofollow\">Landes Aventure<\/a> vous accueille dans la for\u00eat de Mimizan pour une balade dans les arbres. Tous les \u00e2ges trouveront leur bonheur dans ce parc. Des plus petits avec les parcours junior accessibles \u00e0 partir de 2 ans aux <strong>amateurs de sensations fortes<\/strong> avec la plus longue tyrolienne du Sud-Ouest ! Et \u00e0 seulement 15min du camping La Clairi\u00e8re !<\/p>\n\n\n\n<h2 class=\"ls__heading wp-block-heading deco-gauche\">Cano\u00eb sur les rivi\u00e8res landaises<\/h2>\n\n\n\n<p class=\"ls-paragraph\">Le club <a href=\"https:\/\/www.canoe-aventure.fr\/\" target=\"_blank\" rel=\"noreferrer noopener\">Cano\u00eb Aventure<\/a> vous propose de d\u00e9couvrir la for\u00eat landaise avec un nouvel \u0153il, en descendant la rivi\u00e8re des Forges, cours d&rsquo;eau encore sauvage, en cano\u00eb ou en kayak. Deux parcours vous sont propos\u00e9s : 1h30 ou 2h30.<\/p>\n<\/div>\n\n\n\n<div class=\"wp-block-column is-vertically-aligned-center right is-layout-flow wp-block-column-is-layout-flow\" style=\"flex-basis:66.66%\">\n<figure class=\"wp-block-image size-full animated fadeInUp delay-200ms slow\"><img decoding=\"async\" width=\"800\" height=\"532\" src=\"https:\/\/www.camping-laclairiere.fr\/wp-content\/uploads\/2023\/01\/canoe-kayak-mimizan.jpg\" alt=\"canoe kayak mimizan\" class=\"wp-image-1537\" srcset=\"https:\/\/www.camping-laclairiere.fr\/wp-content\/uploads\/2023\/01\/canoe-kayak-mimizan.jpg 800w, https:\/\/www.camping-laclairiere.fr\/wp-content\/uploads\/2023\/01\/canoe-kayak-mimizan-300x200.jpg 300w, https:\/\/www.camping-laclairiere.fr\/wp-content\/uploads\/2023\/01\/canoe-kayak-mimizan-768x511.jpg 768w\" sizes=\"(max-width: 800px) 100vw, 800px\" \/><\/figure>\n<\/div>\n<\/div>\n\n\n    <\/div>\n<\/section>\n\n<section id=\"ls-section-block_d2e8444c11c5030b1f57caa6aaa1d7f3\" class=\"ls-section  page-two has-background has-color-3-background-color has-p-t p-t-14 has-p-b p-b-14\" >\n        <div class=\"container container--wide\">\n        \n\n<div class=\"wp-block-columns is-layout-flex wp-container-core-columns-is-layout-9d6595d7 wp-block-columns-is-layout-flex\">\n<div class=\"wp-block-column is-vertically-aligned-center left is-layout-flow wp-block-column-is-layout-flow\">\n<figure class=\"wp-block-gallery has-nested-images columns-2 is-cropped wp-block-gallery-1 is-layout-flex wp-block-gallery-is-layout-flex\">\n<figure class=\"wp-block-image size-large\"><img decoding=\"async\" width=\"900\" height=\"602\" data-id=\"2327\" src=\"https:\/\/www.camping-laclairiere.fr\/wp-content\/uploads\/2023\/01\/surf-landes.webp\" alt=\"surf landes\" class=\"wp-image-2327\" srcset=\"https:\/\/www.camping-laclairiere.fr\/wp-content\/uploads\/2023\/01\/surf-landes.webp 900w, https:\/\/www.camping-laclairiere.fr\/wp-content\/uploads\/2023\/01\/surf-landes-300x201.webp 300w, https:\/\/www.camping-laclairiere.fr\/wp-content\/uploads\/2023\/01\/surf-landes-768x514.webp 768w\" sizes=\"(max-width: 900px) 100vw, 900px\" \/><\/figure>\n\n\n\n<figure class=\"wp-block-image size-large\"><img decoding=\"async\" width=\"900\" height=\"600\" data-id=\"2344\" src=\"https:\/\/www.camping-laclairiere.fr\/wp-content\/uploads\/2023\/01\/paddle-landes.webp\" alt=\"paddle landes\" class=\"wp-image-2344\" srcset=\"https:\/\/www.camping-laclairiere.fr\/wp-content\/uploads\/2023\/01\/paddle-landes.webp 900w, https:\/\/www.camping-laclairiere.fr\/wp-content\/uploads\/2023\/01\/paddle-landes-300x200.webp 300w, https:\/\/www.camping-laclairiere.fr\/wp-content\/uploads\/2023\/01\/paddle-landes-768x512.webp 768w\" sizes=\"(max-width: 900px) 100vw, 900px\" \/><\/figure>\n\n\n\n<figure class=\"wp-block-image size-large\"><img decoding=\"async\" width=\"800\" height=\"532\" data-id=\"1534\" src=\"https:\/\/www.camping-laclairiere.fr\/wp-content\/uploads\/2023\/01\/camping-surf-landes.jpg\" alt=\"camping surf landes\" class=\"wp-image-1534\" srcset=\"https:\/\/www.camping-laclairiere.fr\/wp-content\/uploads\/2023\/01\/camping-surf-landes.jpg 800w, https:\/\/www.camping-laclairiere.fr\/wp-content\/uploads\/2023\/01\/camping-surf-landes-300x200.jpg 300w, https:\/\/www.camping-laclairiere.fr\/wp-content\/uploads\/2023\/01\/camping-surf-landes-768x511.jpg 768w\" sizes=\"(max-width: 800px) 100vw, 800px\" \/><\/figure>\n<\/figure>\n<\/div>\n\n\n\n<div class=\"wp-block-column is-vertically-aligned-center right is-layout-flow wp-block-column-is-layout-flow\">\n<figure class=\"wp-block-image size-full pin\"><img decoding=\"async\" width=\"211\" height=\"227\" src=\"https:\/\/www.camping-laclairiere.fr\/wp-content\/uploads\/2022\/12\/pin.png\" alt=\"pins\" class=\"wp-image-660\" title=\"pin\"\/><\/figure>\n\n\n\n<h2 class=\"ls__heading wp-block-heading deco-gauche\">Paradis de la glisse<\/h2>\n\n\n\n<p class=\"ls-paragraph\">De mars \u00e0 octobre, l&rsquo;<strong>\u00e9cole de surf<\/strong> de Mimizan vous accueille d\u00e8s 8 ans pour vous initier aux joies du surf et de la glisse. Seul ou en groupe, ces le\u00e7ons de 1h30 vous permettront de d\u00e9couvrir les joies du surf sur les vagues de l&rsquo;oc\u00e9an Atlantique. L&rsquo;<a href=\"https:\/\/www.garluche.com\/\" target=\"_blank\" rel=\"noreferrer noopener nofollow\">\u00e9cole de surf<\/a> loue \u00e9galement du mat\u00e9riel si vous souhaitez vous adonner seul aux joies du surf<\/p>\n\n\n\n<h2 class=\"ls__heading wp-block-heading deco-gauche\">Cercle nautique<\/h2>\n\n\n\n<p class=\"ls-paragraph\">Au c\u0153ur de la for\u00eat landaise, sur un site naturel magnifique de 44 hectares, class\u00e9 Natura 2000, le <a href=\"https:\/\/cercle-nautique-mimizan.org\/\" target=\"_blank\" rel=\"noreferrer noopener nofollow\">cercle nautique de Mimizan<\/a> vous accueille sur les rives de l&rsquo;\u00e9tang d&rsquo;Aureilhan et vous propose un large choix d&rsquo;<strong>activit\u00e9s nautiques<\/strong> (voile, stand up paddle, bateaux \u00e9lectriques, aviron, etc.) \u00e0 pratiquer dans un cadre exceptionnel.<\/p>\n\n\n\n<h2 class=\"ls__heading wp-block-heading\">Survolez les Landes avec Les Planeurs de Rion-des-Landes<\/h2>\n\n\n\n<p class=\"ls-paragraph\">D\u00e9couvrez les sensations uniques du <strong>vol en planeur<\/strong> avec <a href=\"https:\/\/planeursderiondeslandes.fr\">Les Planeurs de Rion-des-Landes<\/a> ! Ce club passionn\u00e9 propose des vols d\u2019initiation, des stages et des formations dans un cadre naturel exceptionnel. Vues imprenables sur la for\u00eat landaise, les dunes et les \u00e9tangs d&rsquo;Arjuzanx garanties !<\/p>\n<\/div>\n<\/div>\n\n\n\n<div class=\"wp-block-columns is-layout-flex wp-container-core-columns-is-layout-9d6595d7 wp-block-columns-is-layout-flex\">\n<div class=\"wp-block-column left is-layout-flow wp-block-column-is-layout-flow\">\n<h2 class=\"ls__heading wp-block-heading deco-gauche\">My Mizen Form<\/h2>\n\n\n\n<p class=\"ls-paragraph\">\u00c0 Mimizan, la salle de sport \u00ab My Mizen Form \u00bb vous accueille \u00e0 quelques kilom\u00e8tres de notre <a href=\"\/fr\/\">camping dans les Landes<\/a>. C&rsquo;est l&rsquo;endroit id\u00e9al pour <strong>retrouver la forme<\/strong> pendant les vacances. Avec ses 2 moniteurs et ses \u00e9quipements r\u00e9cents, elle propose des s\u00e9ances de zumba, de cardio-training, etc. ainsi qu&rsquo;un acc\u00e8s libre \u00e0 sa salle de musculation.<\/p>\n\n\n\n<h2 class=\"ls__heading wp-block-heading deco-gauche\">Coccinelle \u00e0 Gujan Mestras<\/h2>\n\n\n\n<p class=\"ls-paragraph\">Ce <a href=\"https:\/\/www.la-coccinelle.fr\/\" target=\"_blank\" rel=\"noreferrer noopener nofollow\">parc original<\/a> a pour th\u00e8me les animaux domestiques. Outre ses man\u00e8ges, les enfants adorent venir y <strong>d\u00e9couvrir les animaux de la ferme<\/strong> ainsi que quelques esp\u00e8ces insolites comme le lama ou le mouton \u00e0 4 cornes. Dans la <strong>mini-ferme<\/strong>, ils pourront approcher et caresser ces animaux. Toutefois, le moment pr\u00e9f\u00e9r\u00e9 des enfants demeure l&rsquo;heure du biberon lorsqu&rsquo;ils peuvent donner \u00e0 boire \u00e0 des agneaux, des veaux ou de petits chevaux. Un moment de pur bonheur pour eux et de magnifiques photos souvenir pour les parents!<\/p>\n<\/div>\n\n\n\n<div class=\"wp-block-column is-vertically-aligned-center right is-layout-flow wp-block-column-is-layout-flow\">\n<figure class=\"wp-block-image size-full animated fadeInLeft delay-200ms slow\"><a href=\"https:\/\/www.camping-laclairiere.fr\/wp-content\/uploads\/2022\/12\/mini-ferme-gujan-mestras.jpg\"><img decoding=\"async\" width=\"800\" height=\"532\" src=\"https:\/\/www.camping-laclairiere.fr\/wp-content\/uploads\/2022\/12\/mini-ferme-gujan-mestras.jpg\" alt=\"mini ferme gujan mestras\" class=\"wp-image-1248\" srcset=\"https:\/\/www.camping-laclairiere.fr\/wp-content\/uploads\/2022\/12\/mini-ferme-gujan-mestras.jpg 800w, https:\/\/www.camping-laclairiere.fr\/wp-content\/uploads\/2022\/12\/mini-ferme-gujan-mestras-300x200.jpg 300w, https:\/\/www.camping-laclairiere.fr\/wp-content\/uploads\/2022\/12\/mini-ferme-gujan-mestras-768x511.jpg 768w\" sizes=\"(max-width: 800px) 100vw, 800px\" \/><\/a><\/figure>\n<\/div>\n<\/div>\n\n\n    <\/div>\n<\/section>\n\n<section id=\"ls-section-block_d86cb2d657062b1ca619373f0fdee3bf\" class=\"ls-section \" >\n        <div class=\"container container--wide\">\n        \n\n<div class=\"wp-block-columns is-layout-flex wp-container-core-columns-is-layout-9d6595d7 wp-block-columns-is-layout-flex\">\n<div class=\"wp-block-column is-vertically-aligned-center right is-layout-flow wp-block-column-is-layout-flow\" style=\"flex-basis:66.66%\">\n<figure class=\"wp-block-image size-full animated fadeInUp delay-200ms slow\"><img decoding=\"async\" width=\"800\" height=\"532\" src=\"https:\/\/www.camping-laclairiere.fr\/wp-content\/uploads\/2022\/12\/aqualand-gujan-mestras.jpg\" alt=\"aqualand gujan mestras\" class=\"wp-image-1254\" srcset=\"https:\/\/www.camping-laclairiere.fr\/wp-content\/uploads\/2022\/12\/aqualand-gujan-mestras.jpg 800w, https:\/\/www.camping-laclairiere.fr\/wp-content\/uploads\/2022\/12\/aqualand-gujan-mestras-300x200.jpg 300w, https:\/\/www.camping-laclairiere.fr\/wp-content\/uploads\/2022\/12\/aqualand-gujan-mestras-768x511.jpg 768w\" sizes=\"(max-width: 800px) 100vw, 800px\" \/><\/figure>\n<\/div>\n\n\n\n<div class=\"wp-block-column is-vertically-aligned-center left is-layout-flow wp-block-column-is-layout-flow\" style=\"flex-basis:33.33%\">\n<h2 class=\"ls__heading wp-block-heading deco-gauche\">Kid Parc \u00e0 Gujan Mestras<\/h2>\n\n\n\n<p class=\"ls-paragraph\">Adapt\u00e9 aux enfants de 2 \u00e0 12 ans, ce parc d&rsquo;attractions, <a href=\"https:\/\/www.kidparc.com\/\">Kid Parc<\/a>, fera le bonheur de vos enfants ! Nich\u00e9 sur une \u00eele que ceinture une rivi\u00e8re, ce parc sur le th\u00e8me des pirates propose des dizaines d&rsquo;<strong>attractions \u00e0 sensations<\/strong> comme les montagnes russes mais aussi des man\u00e8ges plus calmes pour les plus jeunes. Pr\u00e9vu pour les enfants, nul doute que ce parc amusera \u00e9galement les parents qui les accompagnent.<\/p>\n\n\n\n<h2 class=\"ls__heading wp-block-heading deco-gauche\">Aqualand \u00e0 Gujan Mestras<\/h2>\n\n\n\n<p class=\"ls-paragraph\"><a href=\"https:\/\/www.aqualand.fr\/bassin-d-arcachon\/\" target=\"_blank\" rel=\"noreferrer noopener nofollow\">Aqualand<\/a> est le plus grand parc aquatique de la c\u00f4te Atlantique. Petits et grands s&rsquo;y amuseront \u00e0 plonger dans les piscines et \u00e0 glisser sur les <strong>toboggans aquatiques<\/strong>. Si certaines attractions sont \u00e0 r\u00e9server aux amateurs de <strong>sensations fortes<\/strong> avec des pentes vertigineuses, l&rsquo;aire de jeux aqualudique Kids World fera le bonheur des plus petits. Une bulle de fra\u00eecheur pendant les chaudes journ\u00e9es estivales !<\/p>\n<\/div>\n<\/div>\n\n\n    <\/div>\n<\/section>\n\n<section id=\"ls-section-block_537dfe359e550be60436afeaef7a246a\" class=\"ls-section  page-maillage has-background has-color-3-background-color has-p-t p-t-14 has-p-b p-b-14\" >\n        <div class=\"container container--wide\">\n        \n\n<div id=\"ls-heading ls-titre-div-block_4bae037c64f4c4f87ff998b3fd828183\" class=\"ls-titre-div deco-centre aligncenter h2-like\" >\n    A d\u00e9couvrir aux alentours du camping<\/div>\n\n\n<div id=\"ls-maillage-block_bb2dca51d94d6e7d3c39b1549ceb2404\" class=\"ls-maillage cta-style-normal has-p-t p-t-8\" data-rows=\"3\">\n    <div class=\"wp-block-columns\"><div class=\"wp-block-column\">\n\n<a href=\"https:\/\/www.camping-laclairiere.fr\/fr\/tourisme-landes\/\" target=\"\" rel=\"noopener\" class=\"ls-cta__link\">\n\n\t<div class=\"ls-cta__image\"><img decoding=\"async\" src=\"https:\/\/www.camping-laclairiere.fr\/wp-content\/uploads\/2022\/12\/camping-la-clairiere-dans-la-foret-landaise.jpg\" alt=\"camping la clairiere dans la foret landaise\"><\/div>\n\t<div class=\"ls-cta__title\">\n\t\tLes Landes\t<\/div>\n\n\t\t\n<\/a><\/div><div class=\"wp-block-column\">\n\n<a href=\"https:\/\/www.camping-laclairiere.fr\/fr\/camping-animations-saint-paul-en-born\/\" target=\"\" rel=\"noopener\" class=\"ls-cta__link\">\n\n\t<div class=\"ls-cta__image\"><img decoding=\"async\" src=\"https:\/\/www.camping-laclairiere.fr\/wp-content\/uploads\/2022\/12\/camping-avec-animations-dans-les-landes-768x511.jpg\" alt=\"camping avec animation dans les landes\"><\/div>\n\t<div class=\"ls-cta__title\">\n\t\tAnimations\t<\/div>\n\n\t\t\n<\/a><\/div><div class=\"wp-block-column\">\n\n<a href=\"https:\/\/www.camping-laclairiere.fr\/fr\/camping-familial-saint-paul-en-born\/\" target=\"\" rel=\"noopener\" class=\"ls-cta__link\">\n\n\t<div class=\"ls-cta__image\"><img decoding=\"async\" src=\"https:\/\/www.camping-laclairiere.fr\/wp-content\/uploads\/2022\/12\/vienoisserie-et-depot-de-pain-la-clairiere-landes.jpg\" alt=\"viennoiserie et depot de pain\"><\/div>\n\t<div class=\"ls-cta__title\">\n\t\tRestaurant et services\t<\/div>\n\n\t\t\n<\/a><\/div><\/div><\/div>\n\n    <\/div>\n<\/section>","protected":false},"excerpt":{"rendered":"","protected":false},"author":1,"featured_media":1257,"parent":0,"menu_order":0,"comment_status":"closed","ping_status":"closed","template":"","meta":{"_acf_changed":false,"footnotes":""},"sujet":[],"class_list":["post-326","page","type-page","status-publish","has-post-thumbnail","hentry"],"acf":[],"yoast_head":"<!-- This site is optimized with the Yoast SEO plugin v25.3 - https:\/\/yoast.com\/wordpress\/plugins\/seo\/ -->\n<title>Activit\u00e9s dans les Landes | Activit\u00e9s sportives \u00e0 faire Landes<\/title>\n<meta name=\"robots\" content=\"index, follow, max-snippet:-1, max-image-preview:large, max-video-preview:-1\" \/>\n<link rel=\"canonical\" href=\"https:\/\/www.camping-laclairiere.fr\/fr\/activites-landes\/\" \/>\n<meta property=\"og:locale\" content=\"fr_FR\" \/>\n<meta property=\"og:type\" content=\"article\" \/>\n<meta property=\"og:title\" content=\"Activit\u00e9s dans les Landes | Activit\u00e9s sportives \u00e0 faire Landes\" \/>\n<meta property=\"og:url\" content=\"https:\/\/www.camping-laclairiere.fr\/fr\/activites-landes\/\" \/>\n<meta property=\"og:site_name\" content=\"Camping La Clairi\u00e8re\" \/>\n<meta property=\"article:modified_time\" content=\"2025-05-22T08:48:00+00:00\" \/>\n<meta property=\"og:image\" content=\"https:\/\/www.camping-laclairiere.fr\/wp-content\/uploads\/2022\/12\/activites-dans-les-landes-proche-du-camping.jpg\" \/>\n\t<meta property=\"og:image:width\" content=\"1920\" \/>\n\t<meta property=\"og:image:height\" content=\"712\" \/>\n\t<meta property=\"og:image:type\" content=\"image\/jpeg\" \/>\n<meta name=\"twitter:card\" content=\"summary_large_image\" \/>\n<meta name=\"twitter:label1\" content=\"Dur\u00e9e de lecture estim\u00e9e\" \/>\n\t<meta name=\"twitter:data1\" content=\"5 minutes\" \/>\n<script type=\"application\/ld+json\" class=\"yoast-schema-graph\">{\"@context\":\"https:\/\/schema.org\",\"@graph\":[{\"@type\":\"WebPage\",\"@id\":\"https:\/\/www.camping-laclairiere.fr\/fr\/activites-landes\/\",\"url\":\"https:\/\/www.camping-laclairiere.fr\/fr\/activites-landes\/\",\"name\":\"Activit\u00e9s dans les Landes | Activit\u00e9s sportives \u00e0 faire Landes\",\"isPartOf\":{\"@id\":\"https:\/\/www.camping-laclairiere.fr\/fr\/#website\"},\"primaryImageOfPage\":{\"@id\":\"https:\/\/www.camping-laclairiere.fr\/fr\/activites-landes\/#primaryimage\"},\"image\":{\"@id\":\"https:\/\/www.camping-laclairiere.fr\/fr\/activites-landes\/#primaryimage\"},\"thumbnailUrl\":\"https:\/\/www.camping-laclairiere.fr\/wp-content\/uploads\/2022\/12\/activites-dans-les-landes-proche-du-camping.jpg\",\"datePublished\":\"2022-12-07T09:12:28+00:00\",\"dateModified\":\"2025-05-22T08:48:00+00:00\",\"breadcrumb\":{\"@id\":\"https:\/\/www.camping-laclairiere.fr\/fr\/activites-landes\/#breadcrumb\"},\"inLanguage\":\"fr-FR\",\"potentialAction\":[{\"@type\":\"ReadAction\",\"target\":[\"https:\/\/www.camping-laclairiere.fr\/fr\/activites-landes\/\"]}]},{\"@type\":\"ImageObject\",\"inLanguage\":\"fr-FR\",\"@id\":\"https:\/\/www.camping-laclairiere.fr\/fr\/activites-landes\/#primaryimage\",\"url\":\"https:\/\/www.camping-laclairiere.fr\/wp-content\/uploads\/2022\/12\/activites-dans-les-landes-proche-du-camping.jpg\",\"contentUrl\":\"https:\/\/www.camping-laclairiere.fr\/wp-content\/uploads\/2022\/12\/activites-dans-les-landes-proche-du-camping.jpg\",\"width\":1920,\"height\":712,\"caption\":\"activit\u00e9s dans les landes proche du camping\"},{\"@type\":\"BreadcrumbList\",\"@id\":\"https:\/\/www.camping-laclairiere.fr\/fr\/activites-landes\/#breadcrumb\",\"itemListElement\":[{\"@type\":\"ListItem\",\"position\":1,\"name\":\"Camping Landes\",\"item\":\"https:\/\/www.camping-laclairiere.fr\/fr\/\"},{\"@type\":\"ListItem\",\"position\":2,\"name\":\"Activit\u00e9s sportives \u00e0 faire dans les Landes\"}]},{\"@type\":\"WebSite\",\"@id\":\"https:\/\/www.camping-laclairiere.fr\/fr\/#website\",\"url\":\"https:\/\/www.camping-laclairiere.fr\/fr\/\",\"name\":\"Camping La Clairi\u00e8re\",\"description\":\"\",\"publisher\":{\"@id\":\"https:\/\/www.camping-laclairiere.fr\/fr\/#organization\"},\"potentialAction\":[{\"@type\":\"SearchAction\",\"target\":{\"@type\":\"EntryPoint\",\"urlTemplate\":\"https:\/\/www.camping-laclairiere.fr\/fr\/?s={search_term_string}\"},\"query-input\":{\"@type\":\"PropertyValueSpecification\",\"valueRequired\":true,\"valueName\":\"search_term_string\"}}],\"inLanguage\":\"fr-FR\"},{\"@type\":\"Organization\",\"@id\":\"https:\/\/www.camping-laclairiere.fr\/fr\/#organization\",\"name\":\"Camping La Clairi\u00e8re\",\"url\":\"https:\/\/www.camping-laclairiere.fr\/fr\/\",\"logo\":{\"@type\":\"ImageObject\",\"inLanguage\":\"fr-FR\",\"@id\":\"https:\/\/www.camping-laclairiere.fr\/fr\/#\/schema\/logo\/image\/\",\"url\":\"https:\/\/www.camping-laclairiere.fr\/wp-content\/uploads\/2022\/12\/logo-camping-la-clairiere.png\",\"contentUrl\":\"https:\/\/www.camping-laclairiere.fr\/wp-content\/uploads\/2022\/12\/logo-camping-la-clairiere.png\",\"width\":317,\"height\":111,\"caption\":\"Camping La Clairi\u00e8re\"},\"image\":{\"@id\":\"https:\/\/www.camping-laclairiere.fr\/fr\/#\/schema\/logo\/image\/\"}}]}<\/script>\n<!-- \/ Yoast SEO plugin. -->","yoast_head_json":{"title":"Activit\u00e9s dans les Landes | Activit\u00e9s sportives \u00e0 faire Landes","robots":{"index":"index","follow":"follow","max-snippet":"max-snippet:-1","max-image-preview":"max-image-preview:large","max-video-preview":"max-video-preview:-1"},"canonical":"https:\/\/www.camping-laclairiere.fr\/fr\/activites-landes\/","og_locale":"fr_FR","og_type":"article","og_title":"Activit\u00e9s dans les Landes | Activit\u00e9s sportives \u00e0 faire Landes","og_url":"https:\/\/www.camping-laclairiere.fr\/fr\/activites-landes\/","og_site_name":"Camping La Clairi\u00e8re","article_modified_time":"2025-05-22T08:48:00+00:00","og_image":[{"width":1920,"height":712,"url":"https:\/\/www.camping-laclairiere.fr\/wp-content\/uploads\/2022\/12\/activites-dans-les-landes-proche-du-camping.jpg","type":"image\/jpeg"}],"twitter_card":"summary_large_image","twitter_misc":{"Dur\u00e9e de lecture estim\u00e9e":"5 minutes"},"schema":{"@context":"https:\/\/schema.org","@graph":[{"@type":"WebPage","@id":"https:\/\/www.camping-laclairiere.fr\/fr\/activites-landes\/","url":"https:\/\/www.camping-laclairiere.fr\/fr\/activites-landes\/","name":"Activit\u00e9s dans les Landes | Activit\u00e9s sportives \u00e0 faire Landes","isPartOf":{"@id":"https:\/\/www.camping-laclairiere.fr\/fr\/#website"},"primaryImageOfPage":{"@id":"https:\/\/www.camping-laclairiere.fr\/fr\/activites-landes\/#primaryimage"},"image":{"@id":"https:\/\/www.camping-laclairiere.fr\/fr\/activites-landes\/#primaryimage"},"thumbnailUrl":"https:\/\/www.camping-laclairiere.fr\/wp-content\/uploads\/2022\/12\/activites-dans-les-landes-proche-du-camping.jpg","datePublished":"2022-12-07T09:12:28+00:00","dateModified":"2025-05-22T08:48:00+00:00","breadcrumb":{"@id":"https:\/\/www.camping-laclairiere.fr\/fr\/activites-landes\/#breadcrumb"},"inLanguage":"fr-FR","potentialAction":[{"@type":"ReadAction","target":["https:\/\/www.camping-laclairiere.fr\/fr\/activites-landes\/"]}]},{"@type":"ImageObject","inLanguage":"fr-FR","@id":"https:\/\/www.camping-laclairiere.fr\/fr\/activites-landes\/#primaryimage","url":"https:\/\/www.camping-laclairiere.fr\/wp-content\/uploads\/2022\/12\/activites-dans-les-landes-proche-du-camping.jpg","contentUrl":"https:\/\/www.camping-laclairiere.fr\/wp-content\/uploads\/2022\/12\/activites-dans-les-landes-proche-du-camping.jpg","width":1920,"height":712,"caption":"activit\u00e9s dans les landes proche du camping"},{"@type":"BreadcrumbList","@id":"https:\/\/www.camping-laclairiere.fr\/fr\/activites-landes\/#breadcrumb","itemListElement":[{"@type":"ListItem","position":1,"name":"Camping Landes","item":"https:\/\/www.camping-laclairiere.fr\/fr\/"},{"@type":"ListItem","position":2,"name":"Activit\u00e9s sportives \u00e0 faire dans les Landes"}]},{"@type":"WebSite","@id":"https:\/\/www.camping-laclairiere.fr\/fr\/#website","url":"https:\/\/www.camping-laclairiere.fr\/fr\/","name":"Camping La Clairi\u00e8re","description":"","publisher":{"@id":"https:\/\/www.camping-laclairiere.fr\/fr\/#organization"},"potentialAction":[{"@type":"SearchAction","target":{"@type":"EntryPoint","urlTemplate":"https:\/\/www.camping-laclairiere.fr\/fr\/?s={search_term_string}"},"query-input":{"@type":"PropertyValueSpecification","valueRequired":true,"valueName":"search_term_string"}}],"inLanguage":"fr-FR"},{"@type":"Organization","@id":"https:\/\/www.camping-laclairiere.fr\/fr\/#organization","name":"Camping La Clairi\u00e8re","url":"https:\/\/www.camping-laclairiere.fr\/fr\/","logo":{"@type":"ImageObject","inLanguage":"fr-FR","@id":"https:\/\/www.camping-laclairiere.fr\/fr\/#\/schema\/logo\/image\/","url":"https:\/\/www.camping-laclairiere.fr\/wp-content\/uploads\/2022\/12\/logo-camping-la-clairiere.png","contentUrl":"https:\/\/www.camping-laclairiere.fr\/wp-content\/uploads\/2022\/12\/logo-camping-la-clairiere.png","width":317,"height":111,"caption":"Camping La Clairi\u00e8re"},"image":{"@id":"https:\/\/www.camping-laclairiere.fr\/fr\/#\/schema\/logo\/image\/"}}]}},"_links":{"self":[{"href":"https:\/\/www.camping-laclairiere.fr\/fr\/wp-json\/wp\/v2\/pages\/326","targetHints":{"allow":["GET"]}}],"collection":[{"href":"https:\/\/www.camping-laclairiere.fr\/fr\/wp-json\/wp\/v2\/pages"}],"about":[{"href":"https:\/\/www.camping-laclairiere.fr\/fr\/wp-json\/wp\/v2\/types\/page"}],"author":[{"embeddable":true,"href":"https:\/\/www.camping-laclairiere.fr\/fr\/wp-json\/wp\/v2\/users\/1"}],"replies":[{"embeddable":true,"href":"https:\/\/www.camping-laclairiere.fr\/fr\/wp-json\/wp\/v2\/comments?post=326"}],"version-history":[{"count":32,"href":"https:\/\/www.camping-laclairiere.fr\/fr\/wp-json\/wp\/v2\/pages\/326\/revisions"}],"predecessor-version":[{"id":3029,"href":"https:\/\/www.camping-laclairiere.fr\/fr\/wp-json\/wp\/v2\/pages\/326\/revisions\/3029"}],"wp:featuredmedia":[{"embeddable":true,"href":"https:\/\/www.camping-laclairiere.fr\/fr\/wp-json\/wp\/v2\/media\/1257"}],"wp:attachment":[{"href":"https:\/\/www.camping-laclairiere.fr\/fr\/wp-json\/wp\/v2\/media?parent=326"}],"wp:term":[{"taxonomy":"sujet","embeddable":true,"href":"https:\/\/www.camping-laclairiere.fr\/fr\/wp-json\/wp\/v2\/sujet?post=326"}],"curies":[{"name":"wp","href":"https:\/\/api.w.org\/{rel}","templated":true}]}}