{"id":324,"date":"2022-12-07T10:12:12","date_gmt":"2022-12-07T09:12:12","guid":{"rendered":"https:\/\/www.camping-laclairiere.fr\/?page_id=324"},"modified":"2023-01-20T10:18:05","modified_gmt":"2023-01-20T09:18:05","slug":"tourisme-landes","status":"publish","type":"page","link":"https:\/\/www.camping-laclairiere.fr\/fr\/tourisme-landes\/","title":{"rendered":"Les Landes"},"content":{"rendered":"<section id=\"ls-section-block_8f2e2b0e20fc7ceb3ea4ebeed1d0a306\" class=\"ls-section  page-intro\" >\n        <div class=\"container \">\n        \n\n<h1 class=\"ls__heading has-text-align-center aquarelle deco-centre wp-block-heading\">D\u00e9couvrez les Landes depuis le camping<\/h1>\n\n\n    <\/div>\n<\/section>\n\n<section id=\"ls-section-block_7b37d94ed8345f82ca7025f12de3efff\" class=\"ls-section  page-one has-p-b p-b-14\" >\n        <div class=\"container container--wide\">\n        \n\n<div class=\"wp-block-columns is-layout-flex wp-container-core-columns-is-layout-9d6595d7 wp-block-columns-is-layout-flex\">\n<div class=\"wp-block-column is-vertically-aligned-center left is-layout-flow wp-block-column-is-layout-flow\" style=\"flex-basis:33.33%\">\n<figure class=\"wp-block-image size-full plante\"><img decoding=\"async\" width=\"220\" height=\"217\" src=\"https:\/\/www.camping-laclairiere.fr\/wp-content\/uploads\/2022\/12\/plante.png\" alt=\"plante\" class=\"wp-image-654\"\/><\/figure>\n\n\n\n<h2 class=\"ls__heading deco-gauche wp-block-heading\">Les lieux incontournables<\/h2>\n\n\n\n<p class=\"ls-paragraph\">Remplis de <strong>beaut\u00e9 naturelle<\/strong> et d&rsquo;innombrables occasions de s&rsquo;amuser en famille, les Landes sont l&rsquo;endroit id\u00e9al \u00e0 visiter. Un s\u00e9jour au <a href=\"\/fr\/\">Camping La Clairi\u00e8re \u00e0 Saint-Paul-en-Born<\/a> vous offrira de nombreuses options pour explorer la r\u00e9gion. D\u00e9couvrez le temps de votre s\u00e9jour :<\/p>\n\n\n\n<ul class=\"ls-list wp-block-list\">\n<li>Le lac d\u2019Aureilhan<\/li>\n\n\n\n<li>La promenade fleurie de Mimizan<\/li>\n\n\n\n<li>Le mus\u00e9e du Prieur\u00e9<\/li>\n\n\n\n<li>Le parc Landes Aventures<\/li>\n\n\n\n<li>La c\u00f4te Landaise<\/li>\n<\/ul>\n\n\n\n<p class=\"ls-paragraph\">Avec un s\u00e9jour au Camping La Clairi\u00e8re \u00e0 Saint-Paul-en-Born, vous aurez de nombreuses occasions d&rsquo;explorer la r\u00e9gion et de vivre tout ce que les Landes ont \u00e0 vous offrir.<\/p>\n<\/div>\n\n\n\n<div class=\"wp-block-column right is-layout-flow wp-block-column-is-layout-flow\" style=\"flex-basis:66.66%\">\n<figure class=\"wp-block-image size-full animated fadeInUp delay-200ms slow\"><img decoding=\"async\" width=\"800\" height=\"532\" src=\"https:\/\/www.camping-laclairiere.fr\/wp-content\/uploads\/2022\/12\/balade-fleuri-mimizan.jpg\" alt=\"balade fleuri mimizan\" class=\"wp-image-1244\" srcset=\"https:\/\/www.camping-laclairiere.fr\/wp-content\/uploads\/2022\/12\/balade-fleuri-mimizan.jpg 800w, https:\/\/www.camping-laclairiere.fr\/wp-content\/uploads\/2022\/12\/balade-fleuri-mimizan-300x200.jpg 300w, https:\/\/www.camping-laclairiere.fr\/wp-content\/uploads\/2022\/12\/balade-fleuri-mimizan-768x511.jpg 768w\" sizes=\"(max-width: 800px) 100vw, 800px\" \/><\/figure>\n<\/div>\n<\/div>\n\n\n    <\/div>\n<\/section>\n\n<section id=\"ls-section-block_39adab6ad407d9cc599d7235c426dff8\" class=\"ls-section  page-two has-background has-color-3-background-color has-p-t p-t-14 has-p-b p-b-14\" >\n        <div class=\"container container--wide\">\n        \n\n<div class=\"wp-block-columns is-layout-flex wp-container-core-columns-is-layout-9d6595d7 wp-block-columns-is-layout-flex\">\n<div class=\"wp-block-column left is-layout-flow wp-block-column-is-layout-flow\">\n<figure class=\"wp-block-image size-full animated fadeInRight delay-200ms slow\"><a href=\"https:\/\/www.camping-laclairiere.fr\/wp-content\/uploads\/2022\/12\/balade-a-velo-dans-les-forets-des-landes.jpg\"><img decoding=\"async\" width=\"800\" height=\"532\" src=\"https:\/\/www.camping-laclairiere.fr\/wp-content\/uploads\/2022\/12\/balade-a-velo-dans-les-forets-des-landes.jpg\" alt=\"balade \u00e0 v\u00e9lo dans les forets des landes\" class=\"wp-image-1236\" srcset=\"https:\/\/www.camping-laclairiere.fr\/wp-content\/uploads\/2022\/12\/balade-a-velo-dans-les-forets-des-landes.jpg 800w, https:\/\/www.camping-laclairiere.fr\/wp-content\/uploads\/2022\/12\/balade-a-velo-dans-les-forets-des-landes-300x200.jpg 300w, https:\/\/www.camping-laclairiere.fr\/wp-content\/uploads\/2022\/12\/balade-a-velo-dans-les-forets-des-landes-768x511.jpg 768w\" sizes=\"(max-width: 800px) 100vw, 800px\" \/><\/a><\/figure>\n<\/div>\n\n\n\n<div class=\"wp-block-column right is-layout-flow wp-block-column-is-layout-flow\">\n<figure class=\"wp-block-image size-full pin\"><img decoding=\"async\" width=\"211\" height=\"227\" src=\"https:\/\/www.camping-laclairiere.fr\/wp-content\/uploads\/2022\/12\/pin.png\" alt=\"pins\" class=\"wp-image-660\" title=\"pin\"\/><\/figure>\n\n\n\n<h2 class=\"ls__heading deco-gauche wp-block-heading\">Les activit\u00e9s \u00e0 faire dans les Landes<\/h2>\n\n\n\n<p class=\"ls-paragraph\">\u00c0 seulement <strong>7 km de Mimizan<\/strong>, le camping la Clairi\u00e8re vous accueille dans un \u00e9crin de nature, au c\u0153ur de la for\u00eat des Landes. <\/p>\n\n\n\n<p class=\"ls-paragraph\">Sur pr\u00e8s d&rsquo;un million d&rsquo;hectares en bordure de l&rsquo;oc\u00e9an Atlantique, cette for\u00eat est parcourue par des centaines de kilom\u00e8tres de <strong>pistes cyclables<\/strong>. La for\u00eat des Landes, \u00e0 proximit\u00e9 de la <strong>v\u00e9lodys\u00e9e,<\/strong> offre un cadre propice aux longues balades \u00e0 v\u00e9lo. <\/p>\n\n\n\n<p class=\"ls-paragraph\">Outre le v\u00e9lo, les Landes sont un cadre de choix pour les <a href=\"\/fr\/activites-landes\/\">activit\u00e9s en tous genres<\/a>, notamment si vous <strong>parcourez Saint-Jacques-de-Compostelle<\/strong>.  <\/p>\n\n\n\n<p class=\"ls-paragraph\">Du golf, au tennis en passant par l&rsquo;accrobranche, vos vacances dans les Landes seront plac\u00e9es sous le signe des activit\u00e9s physiques !<\/p>\n<\/div>\n<\/div>\n\n\n\n<div class=\"wp-block-columns is-layout-flex wp-container-core-columns-is-layout-9d6595d7 wp-block-columns-is-layout-flex\">\n<div class=\"wp-block-column is-vertically-aligned-center left is-layout-flow wp-block-column-is-layout-flow\">\n<h2 class=\"ls__heading deco-gauche wp-block-heading\">Les plus belles plages des Landes<\/h2>\n\n\n\n<p class=\"ls-paragraph\">Avec ses hautes vagues et ses vastes plages, la c\u00f4te aquitaine est le paradis des sports de glisse. Les amateurs de planche \u00e0 voile, de surf ou de char \u00e0 voile pourront y pratiquer leur sport favori en toute libert\u00e9. Les autres pourront s&rsquo;adonner au <strong>farniente sur le sable chaud<\/strong>.<br>Voici quelques-unes des <strong>plus belles plages landaises<\/strong> :<\/p>\n\n\n\n<ul class=\"ls-list wp-block-list\">\n<li>la plage de <strong>Mimizan<\/strong> tout pr\u00e8s du camping<\/li>\n\n\n\n<li>la plage du Vivier \u00e0 <strong>Biscarosse<\/strong> et la plage de <strong>Contis<\/strong>, incontournables pour les surfeurs<\/li>\n\n\n\n<li>la plage du <strong>Lac Navarrosse<\/strong> pour passer des moments en famille et amis<\/li>\n\n\n\n<li>la plage de <strong>Saint-Girons<\/strong> pour les amoureux des lieux naturels et pr\u00e9serv\u00e9s<\/li>\n<\/ul>\n\n\n\n<p class=\"ls-paragraph\">R\u00e9servez avec nous aujourd&rsquo;hui et <strong>d\u00e9couvrez la r\u00e9gion<\/strong> des Landes dans le confort et avec style !<\/p>\n<\/div>\n\n\n\n<div class=\"wp-block-column is-vertically-aligned-center right is-layout-flow wp-block-column-is-layout-flow\">\n<figure class=\"wp-block-gallery has-nested-images columns-2 is-cropped wp-block-gallery-1 is-layout-flex wp-block-gallery-is-layout-flex\">\n<figure class=\"wp-block-image size-full\"><a href=\"https:\/\/www.camping-laclairiere.fr\/wp-content\/uploads\/2023\/01\/couche-de-soleil-biscarosse.webp\"><img decoding=\"async\" width=\"900\" height=\"600\" data-id=\"2348\" src=\"https:\/\/www.camping-laclairiere.fr\/wp-content\/uploads\/2023\/01\/couche-de-soleil-biscarosse.webp\" alt=\"couche de soleil biscarosse\" class=\"wp-image-2348\" srcset=\"https:\/\/www.camping-laclairiere.fr\/wp-content\/uploads\/2023\/01\/couche-de-soleil-biscarosse.webp 900w, https:\/\/www.camping-laclairiere.fr\/wp-content\/uploads\/2023\/01\/couche-de-soleil-biscarosse-300x200.webp 300w, https:\/\/www.camping-laclairiere.fr\/wp-content\/uploads\/2023\/01\/couche-de-soleil-biscarosse-768x512.webp 768w\" sizes=\"(max-width: 900px) 100vw, 900px\" \/><\/a><figcaption class=\"wp-element-caption\">Biscarosse<\/figcaption><\/figure>\n\n\n\n<figure class=\"wp-block-image size-large\"><a href=\"https:\/\/www.camping-laclairiere.fr\/wp-content\/uploads\/2023\/01\/phare-de-contis.webp\"><img decoding=\"async\" width=\"711\" height=\"900\" data-id=\"2340\" src=\"https:\/\/www.camping-laclairiere.fr\/wp-content\/uploads\/2023\/01\/phare-de-contis.webp\" alt=\"phare de contis\" class=\"wp-image-2340\" srcset=\"https:\/\/www.camping-laclairiere.fr\/wp-content\/uploads\/2023\/01\/phare-de-contis.webp 711w, https:\/\/www.camping-laclairiere.fr\/wp-content\/uploads\/2023\/01\/phare-de-contis-237x300.webp 237w\" sizes=\"(max-width: 711px) 100vw, 711px\" \/><\/a><figcaption class=\"wp-element-caption\">Phare de Contis<\/figcaption><\/figure>\n\n\n\n<figure class=\"wp-block-image size-large\"><a href=\"https:\/\/www.camping-laclairiere.fr\/wp-content\/uploads\/2023\/01\/plage-mimizan.webp\"><img decoding=\"async\" width=\"900\" height=\"601\" data-id=\"2352\" src=\"https:\/\/www.camping-laclairiere.fr\/wp-content\/uploads\/2023\/01\/plage-mimizan.webp\" alt=\"plage mimizan\" class=\"wp-image-2352\" srcset=\"https:\/\/www.camping-laclairiere.fr\/wp-content\/uploads\/2023\/01\/plage-mimizan.webp 900w, https:\/\/www.camping-laclairiere.fr\/wp-content\/uploads\/2023\/01\/plage-mimizan-300x200.webp 300w, https:\/\/www.camping-laclairiere.fr\/wp-content\/uploads\/2023\/01\/plage-mimizan-768x513.webp 768w\" sizes=\"(max-width: 900px) 100vw, 900px\" \/><\/a><figcaption class=\"wp-element-caption\">Plage de Mimizan<\/figcaption><\/figure>\n<\/figure>\n<\/div>\n<\/div>\n\n\n    <\/div>\n<\/section>\n\n<section id=\"ls-section-block_52deb41ab7f8b0747d1ff6bb2e034ed6\" class=\"ls-section  page-maillage has-background has-color-white-background-color has-p-t p-t-14 has-p-b p-b-14\" >\n        <div class=\"container container--wide\">\n        \n\n<div id=\"ls-heading ls-titre-div-block_c229c1b2dc76448a9f0973ad6dc212b5\" class=\"ls-titre-div deco-centre aligncenter h2-like\" >\n    D\u00e9couvrez le camping et ses alentours<\/div>\n\n\n<div id=\"ls-maillage-block_9a63d03a1c24fc5d3c4738b7c0e839e7\" class=\"ls-maillage cta-style-normal has-p-t p-t-8\" data-rows=\"3\">\n    <div class=\"wp-block-columns\"><div class=\"wp-block-column\">\n\n<a href=\"https:\/\/www.camping-laclairiere.fr\/fr\/activites-landes\/\" target=\"\" rel=\"noopener\" class=\"ls-cta__link\">\n\n\t<div class=\"ls-cta__image\"><img decoding=\"async\" src=\"https:\/\/www.camping-laclairiere.fr\/wp-content\/uploads\/2022\/12\/camping-la-clairiere-activite-parachutisme-dans-les-landes-768x512.jpg\" alt=\"camping la clairiere activite parachutisme dans les landes\"><\/div>\n\t<div class=\"ls-cta__title\">\n\t\tLes activit\u00e9s autour\t<\/div>\n\n\t\t\n<\/a><\/div><div class=\"wp-block-column\">\n\n<a href=\"https:\/\/www.camping-laclairiere.fr\/fr\/camping-piscine-saint-paul-en-born\/\" target=\"\" rel=\"noopener\" class=\"ls-cta__link\">\n\n\t<div class=\"ls-cta__image\"><img decoding=\"async\" src=\"https:\/\/www.camping-laclairiere.fr\/wp-content\/uploads\/2022\/12\/piscine-chauffee-camping-la-clairiere-768x511.jpg\" alt=\"piscine chauff\u00e9e camping la clairi\u00e8re\"><\/div>\n\t<div class=\"ls-cta__title\">\n\t\tLa piscine\t<\/div>\n\n\t\t\n<\/a><\/div><div class=\"wp-block-column\">\n\n<a href=\"https:\/\/www.camping-laclairiere.fr\/fr\/camping-animations-saint-paul-en-born\/\" target=\"\" rel=\"noopener\" class=\"ls-cta__link\">\n\n\t<div class=\"ls-cta__image\"><img decoding=\"async\" src=\"https:\/\/www.camping-laclairiere.fr\/wp-content\/uploads\/2022\/12\/camping-avec-animations-dans-les-landes-768x511.jpg\" alt=\"camping avec animation dans les landes\"><\/div>\n\t<div class=\"ls-cta__title\">\n\t\tAnimations\t<\/div>\n\n\t\t\n<\/a><\/div><\/div><\/div>\n\n    <\/div>\n<\/section>","protected":false},"excerpt":{"rendered":"","protected":false},"author":1,"featured_media":1242,"parent":0,"menu_order":0,"comment_status":"closed","ping_status":"closed","template":"","meta":{"_acf_changed":false,"footnotes":""},"sujet":[],"class_list":["post-324","page","type-page","status-publish","has-post-thumbnail","hentry"],"acf":[],"yoast_head":"<!-- This site is optimized with the Yoast SEO plugin v25.3 - https:\/\/yoast.com\/wordpress\/plugins\/seo\/ -->\n<title>D\u00e9couvrez les Landes | Lieux incontournables dans les Landes<\/title>\n<meta name=\"robots\" content=\"index, follow, max-snippet:-1, max-image-preview:large, max-video-preview:-1\" \/>\n<link rel=\"canonical\" href=\"https:\/\/www.camping-laclairiere.fr\/fr\/tourisme-landes\/\" \/>\n<meta property=\"og:locale\" content=\"fr_FR\" \/>\n<meta property=\"og:type\" content=\"article\" \/>\n<meta property=\"og:title\" content=\"D\u00e9couvrez les Landes | Lieux incontournables dans les Landes\" \/>\n<meta property=\"og:url\" content=\"https:\/\/www.camping-laclairiere.fr\/fr\/tourisme-landes\/\" \/>\n<meta property=\"og:site_name\" content=\"Camping La Clairi\u00e8re\" \/>\n<meta property=\"article:modified_time\" content=\"2023-01-20T09:18:05+00:00\" \/>\n<meta property=\"og:image\" content=\"https:\/\/www.camping-laclairiere.fr\/wp-content\/uploads\/2022\/12\/Camping-proche-du-lac-daureilhan.jpg\" \/>\n\t<meta property=\"og:image:width\" content=\"1920\" \/>\n\t<meta property=\"og:image:height\" content=\"712\" \/>\n\t<meta property=\"og:image:type\" content=\"image\/jpeg\" \/>\n<meta name=\"twitter:card\" content=\"summary_large_image\" \/>\n<meta name=\"twitter:label1\" content=\"Dur\u00e9e de lecture estim\u00e9e\" \/>\n\t<meta name=\"twitter:data1\" content=\"4 minutes\" \/>\n<script type=\"application\/ld+json\" class=\"yoast-schema-graph\">{\"@context\":\"https:\/\/schema.org\",\"@graph\":[{\"@type\":\"WebPage\",\"@id\":\"https:\/\/www.camping-laclairiere.fr\/fr\/tourisme-landes\/\",\"url\":\"https:\/\/www.camping-laclairiere.fr\/fr\/tourisme-landes\/\",\"name\":\"D\u00e9couvrez les Landes | Lieux incontournables dans les Landes\",\"isPartOf\":{\"@id\":\"https:\/\/www.camping-laclairiere.fr\/fr\/#website\"},\"primaryImageOfPage\":{\"@id\":\"https:\/\/www.camping-laclairiere.fr\/fr\/tourisme-landes\/#primaryimage\"},\"image\":{\"@id\":\"https:\/\/www.camping-laclairiere.fr\/fr\/tourisme-landes\/#primaryimage\"},\"thumbnailUrl\":\"https:\/\/www.camping-laclairiere.fr\/wp-content\/uploads\/2022\/12\/Camping-proche-du-lac-daureilhan.jpg\",\"datePublished\":\"2022-12-07T09:12:12+00:00\",\"dateModified\":\"2023-01-20T09:18:05+00:00\",\"breadcrumb\":{\"@id\":\"https:\/\/www.camping-laclairiere.fr\/fr\/tourisme-landes\/#breadcrumb\"},\"inLanguage\":\"fr-FR\",\"potentialAction\":[{\"@type\":\"ReadAction\",\"target\":[\"https:\/\/www.camping-laclairiere.fr\/fr\/tourisme-landes\/\"]}]},{\"@type\":\"ImageObject\",\"inLanguage\":\"fr-FR\",\"@id\":\"https:\/\/www.camping-laclairiere.fr\/fr\/tourisme-landes\/#primaryimage\",\"url\":\"https:\/\/www.camping-laclairiere.fr\/wp-content\/uploads\/2022\/12\/Camping-proche-du-lac-daureilhan.jpg\",\"contentUrl\":\"https:\/\/www.camping-laclairiere.fr\/wp-content\/uploads\/2022\/12\/Camping-proche-du-lac-daureilhan.jpg\",\"width\":1920,\"height\":712,\"caption\":\"camping proche du lac d'aureilhan\"},{\"@type\":\"BreadcrumbList\",\"@id\":\"https:\/\/www.camping-laclairiere.fr\/fr\/tourisme-landes\/#breadcrumb\",\"itemListElement\":[{\"@type\":\"ListItem\",\"position\":1,\"name\":\"Camping Landes\",\"item\":\"https:\/\/www.camping-laclairiere.fr\/fr\/\"},{\"@type\":\"ListItem\",\"position\":2,\"name\":\"Visiter les Landes\"}]},{\"@type\":\"WebSite\",\"@id\":\"https:\/\/www.camping-laclairiere.fr\/fr\/#website\",\"url\":\"https:\/\/www.camping-laclairiere.fr\/fr\/\",\"name\":\"Camping La Clairi\u00e8re\",\"description\":\"\",\"publisher\":{\"@id\":\"https:\/\/www.camping-laclairiere.fr\/fr\/#organization\"},\"potentialAction\":[{\"@type\":\"SearchAction\",\"target\":{\"@type\":\"EntryPoint\",\"urlTemplate\":\"https:\/\/www.camping-laclairiere.fr\/fr\/?s={search_term_string}\"},\"query-input\":{\"@type\":\"PropertyValueSpecification\",\"valueRequired\":true,\"valueName\":\"search_term_string\"}}],\"inLanguage\":\"fr-FR\"},{\"@type\":\"Organization\",\"@id\":\"https:\/\/www.camping-laclairiere.fr\/fr\/#organization\",\"name\":\"Camping La Clairi\u00e8re\",\"url\":\"https:\/\/www.camping-laclairiere.fr\/fr\/\",\"logo\":{\"@type\":\"ImageObject\",\"inLanguage\":\"fr-FR\",\"@id\":\"https:\/\/www.camping-laclairiere.fr\/fr\/#\/schema\/logo\/image\/\",\"url\":\"https:\/\/www.camping-laclairiere.fr\/wp-content\/uploads\/2022\/12\/logo-camping-la-clairiere.png\",\"contentUrl\":\"https:\/\/www.camping-laclairiere.fr\/wp-content\/uploads\/2022\/12\/logo-camping-la-clairiere.png\",\"width\":317,\"height\":111,\"caption\":\"Camping La Clairi\u00e8re\"},\"image\":{\"@id\":\"https:\/\/www.camping-laclairiere.fr\/fr\/#\/schema\/logo\/image\/\"}}]}<\/script>\n<!-- \/ Yoast SEO plugin. -->","yoast_head_json":{"title":"D\u00e9couvrez les Landes | Lieux incontournables dans les Landes","robots":{"index":"index","follow":"follow","max-snippet":"max-snippet:-1","max-image-preview":"max-image-preview:large","max-video-preview":"max-video-preview:-1"},"canonical":"https:\/\/www.camping-laclairiere.fr\/fr\/tourisme-landes\/","og_locale":"fr_FR","og_type":"article","og_title":"D\u00e9couvrez les Landes | Lieux incontournables dans les Landes","og_url":"https:\/\/www.camping-laclairiere.fr\/fr\/tourisme-landes\/","og_site_name":"Camping La Clairi\u00e8re","article_modified_time":"2023-01-20T09:18:05+00:00","og_image":[{"width":1920,"height":712,"url":"https:\/\/www.camping-laclairiere.fr\/wp-content\/uploads\/2022\/12\/Camping-proche-du-lac-daureilhan.jpg","type":"image\/jpeg"}],"twitter_card":"summary_large_image","twitter_misc":{"Dur\u00e9e de lecture estim\u00e9e":"4 minutes"},"schema":{"@context":"https:\/\/schema.org","@graph":[{"@type":"WebPage","@id":"https:\/\/www.camping-laclairiere.fr\/fr\/tourisme-landes\/","url":"https:\/\/www.camping-laclairiere.fr\/fr\/tourisme-landes\/","name":"D\u00e9couvrez les Landes | Lieux incontournables dans les Landes","isPartOf":{"@id":"https:\/\/www.camping-laclairiere.fr\/fr\/#website"},"primaryImageOfPage":{"@id":"https:\/\/www.camping-laclairiere.fr\/fr\/tourisme-landes\/#primaryimage"},"image":{"@id":"https:\/\/www.camping-laclairiere.fr\/fr\/tourisme-landes\/#primaryimage"},"thumbnailUrl":"https:\/\/www.camping-laclairiere.fr\/wp-content\/uploads\/2022\/12\/Camping-proche-du-lac-daureilhan.jpg","datePublished":"2022-12-07T09:12:12+00:00","dateModified":"2023-01-20T09:18:05+00:00","breadcrumb":{"@id":"https:\/\/www.camping-laclairiere.fr\/fr\/tourisme-landes\/#breadcrumb"},"inLanguage":"fr-FR","potentialAction":[{"@type":"ReadAction","target":["https:\/\/www.camping-laclairiere.fr\/fr\/tourisme-landes\/"]}]},{"@type":"ImageObject","inLanguage":"fr-FR","@id":"https:\/\/www.camping-laclairiere.fr\/fr\/tourisme-landes\/#primaryimage","url":"https:\/\/www.camping-laclairiere.fr\/wp-content\/uploads\/2022\/12\/Camping-proche-du-lac-daureilhan.jpg","contentUrl":"https:\/\/www.camping-laclairiere.fr\/wp-content\/uploads\/2022\/12\/Camping-proche-du-lac-daureilhan.jpg","width":1920,"height":712,"caption":"camping proche du lac d'aureilhan"},{"@type":"BreadcrumbList","@id":"https:\/\/www.camping-laclairiere.fr\/fr\/tourisme-landes\/#breadcrumb","itemListElement":[{"@type":"ListItem","position":1,"name":"Camping Landes","item":"https:\/\/www.camping-laclairiere.fr\/fr\/"},{"@type":"ListItem","position":2,"name":"Visiter les Landes"}]},{"@type":"WebSite","@id":"https:\/\/www.camping-laclairiere.fr\/fr\/#website","url":"https:\/\/www.camping-laclairiere.fr\/fr\/","name":"Camping La Clairi\u00e8re","description":"","publisher":{"@id":"https:\/\/www.camping-laclairiere.fr\/fr\/#organization"},"potentialAction":[{"@type":"SearchAction","target":{"@type":"EntryPoint","urlTemplate":"https:\/\/www.camping-laclairiere.fr\/fr\/?s={search_term_string}"},"query-input":{"@type":"PropertyValueSpecification","valueRequired":true,"valueName":"search_term_string"}}],"inLanguage":"fr-FR"},{"@type":"Organization","@id":"https:\/\/www.camping-laclairiere.fr\/fr\/#organization","name":"Camping La Clairi\u00e8re","url":"https:\/\/www.camping-laclairiere.fr\/fr\/","logo":{"@type":"ImageObject","inLanguage":"fr-FR","@id":"https:\/\/www.camping-laclairiere.fr\/fr\/#\/schema\/logo\/image\/","url":"https:\/\/www.camping-laclairiere.fr\/wp-content\/uploads\/2022\/12\/logo-camping-la-clairiere.png","contentUrl":"https:\/\/www.camping-laclairiere.fr\/wp-content\/uploads\/2022\/12\/logo-camping-la-clairiere.png","width":317,"height":111,"caption":"Camping La Clairi\u00e8re"},"image":{"@id":"https:\/\/www.camping-laclairiere.fr\/fr\/#\/schema\/logo\/image\/"}}]}},"_links":{"self":[{"href":"https:\/\/www.camping-laclairiere.fr\/fr\/wp-json\/wp\/v2\/pages\/324","targetHints":{"allow":["GET"]}}],"collection":[{"href":"https:\/\/www.camping-laclairiere.fr\/fr\/wp-json\/wp\/v2\/pages"}],"about":[{"href":"https:\/\/www.camping-laclairiere.fr\/fr\/wp-json\/wp\/v2\/types\/page"}],"author":[{"embeddable":true,"href":"https:\/\/www.camping-laclairiere.fr\/fr\/wp-json\/wp\/v2\/users\/1"}],"replies":[{"embeddable":true,"href":"https:\/\/www.camping-laclairiere.fr\/fr\/wp-json\/wp\/v2\/comments?post=324"}],"version-history":[{"count":35,"href":"https:\/\/www.camping-laclairiere.fr\/fr\/wp-json\/wp\/v2\/pages\/324\/revisions"}],"predecessor-version":[{"id":2416,"href":"https:\/\/www.camping-laclairiere.fr\/fr\/wp-json\/wp\/v2\/pages\/324\/revisions\/2416"}],"wp:featuredmedia":[{"embeddable":true,"href":"https:\/\/www.camping-laclairiere.fr\/fr\/wp-json\/wp\/v2\/media\/1242"}],"wp:attachment":[{"href":"https:\/\/www.camping-laclairiere.fr\/fr\/wp-json\/wp\/v2\/media?parent=324"}],"wp:term":[{"taxonomy":"sujet","embeddable":true,"href":"https:\/\/www.camping-laclairiere.fr\/fr\/wp-json\/wp\/v2\/sujet?post=324"}],"curies":[{"name":"wp","href":"https:\/\/api.w.org\/{rel}","templated":true}]}}