{"id":213,"date":"2022-12-06T13:54:30","date_gmt":"2022-12-06T12:54:30","guid":{"rendered":"https:\/\/www.camping-laclairiere.fr\/?page_id=213"},"modified":"2023-09-20T15:45:24","modified_gmt":"2023-09-20T13:45:24","slug":"camping-piscine-saint-paul-en-born","status":"publish","type":"page","link":"https:\/\/www.camping-laclairiere.fr\/fr\/camping-piscine-saint-paul-en-born\/","title":{"rendered":"La piscine"},"content":{"rendered":"<section id=\"ls-section-block_c2c9aaf42e58bea1f706fc09873ffc6a\" class=\"ls-section  page-intro\" >\n        <div class=\"container \">\n        \n\n<h1 class=\"ls__heading wp-block-heading has-text-align-center aquarelle deco-centre\">Camping avec piscine chauff\u00e9e <br>dans les Landes<\/h1>\n\n\n    <\/div>\n<\/section>\n\n<section id=\"ls-section-block_0d45b89c994e2bf64a13e03f65b1a4dd\" class=\"ls-section  page-one has-p-b p-b-14\" >\n        <div class=\"container container--wide\">\n        \n\n<div class=\"wp-block-columns is-layout-flex wp-container-core-columns-is-layout-9d6595d7 wp-block-columns-is-layout-flex\">\n<div class=\"wp-block-column is-vertically-aligned-center left is-layout-flow wp-block-column-is-layout-flow\" style=\"flex-basis:33.33%\">\n<figure class=\"wp-block-image size-full plante\"><img decoding=\"async\" width=\"220\" height=\"217\" src=\"https:\/\/www.camping-laclairiere.fr\/wp-content\/uploads\/2022\/12\/plante.png\" alt=\"plante\" class=\"wp-image-654\"\/><\/figure>\n\n\n\n<h2 class=\"ls__heading wp-block-heading deco-gauche\">Plongez dans le piscine chauff\u00e9e dans les Landes<\/h2>\n\n\n\n<p class=\"ls-paragraph\">Vous \u00eates \u00e0 la recherche d&rsquo;une exp\u00e9rience incroyable et unique cet \u00e9t\u00e9 ? Le <a href=\"\/fr\/\">camping La Clairi\u00e8re \u00e0 Saint-Paul-en-Born<\/a> est l&rsquo;endroit id\u00e9al pour vous !<\/p>\n\n\n\n<p class=\"ls-paragraph\">Notre camping dans les Landes vous propose une <strong>piscine chauff\u00e9e<\/strong> en plein air pour votre plus grand plaisir. Elle est parfaite pour les chaudes journ\u00e9es d&rsquo;\u00e9t\u00e9 et vous permet de vous rafra\u00eechir sans avoir \u00e0 quitter le camping.<\/p>\n\n\n\n<p class=\"ls-paragraph\">Notre piscine est chauff\u00e9e du 15 mai au 15 septembre de 10 h \u00e0 20 h. Elle offre une vari\u00e9t\u00e9 d&rsquo;<strong>activit\u00e9s pour tous les \u00e2ges<\/strong>, y compris la natation, la relaxation et les bains de soleil. Pour votre tranquillit\u00e9, pas de jeux d&rsquo;eau, de piscine nocturne ou de toboggans aquatiques. Un excellent moyen de passer du temps avec votre famille et vos amis.<\/p>\n<\/div>\n\n\n\n<div class=\"wp-block-column right is-layout-flow wp-block-column-is-layout-flow\" style=\"flex-basis:66.66%\">\n<figure class=\"wp-block-image size-full animated fadeInUp delay-200ms slow\"><img decoding=\"async\" width=\"800\" height=\"532\" src=\"https:\/\/www.camping-laclairiere.fr\/wp-content\/uploads\/2023\/09\/La-Clairiere-Escapades_piscine-transat.jpg\" alt=\"\" class=\"wp-image-2664\" srcset=\"https:\/\/www.camping-laclairiere.fr\/wp-content\/uploads\/2023\/09\/La-Clairiere-Escapades_piscine-transat.jpg 800w, https:\/\/www.camping-laclairiere.fr\/wp-content\/uploads\/2023\/09\/La-Clairiere-Escapades_piscine-transat-300x200.jpg 300w, https:\/\/www.camping-laclairiere.fr\/wp-content\/uploads\/2023\/09\/La-Clairiere-Escapades_piscine-transat-768x511.jpg 768w\" sizes=\"(max-width: 800px) 100vw, 800px\" \/><\/figure>\n<\/div>\n<\/div>\n\n\n    <\/div>\n<\/section>\n\n<section id=\"ls-section-block_a06502610f4c9931ce70dbeec25a288d\" class=\"ls-section  page-two has-background has-color-3-background-color has-p-t p-t-14 has-p-b p-b-14\" >\n        <div class=\"container container--wide\">\n        \n\n<div class=\"wp-block-columns is-layout-flex wp-container-core-columns-is-layout-9d6595d7 wp-block-columns-is-layout-flex\">\n<div class=\"wp-block-column left is-layout-flow wp-block-column-is-layout-flow\">\n<figure class=\"wp-block-image size-full animated fadeInRight delay-200ms slow\"><a href=\"https:\/\/www.camping-laclairiere.fr\/wp-content\/uploads\/2023\/01\/pateaugoire.jpg\"><img decoding=\"async\" width=\"800\" height=\"532\" src=\"https:\/\/www.camping-laclairiere.fr\/wp-content\/uploads\/2023\/01\/pateaugoire.jpg\" alt=\"pateaugoire\" class=\"wp-image-1503\" srcset=\"https:\/\/www.camping-laclairiere.fr\/wp-content\/uploads\/2023\/01\/pateaugoire.jpg 800w, https:\/\/www.camping-laclairiere.fr\/wp-content\/uploads\/2023\/01\/pateaugoire-300x200.jpg 300w, https:\/\/www.camping-laclairiere.fr\/wp-content\/uploads\/2023\/01\/pateaugoire-768x511.jpg 768w\" sizes=\"(max-width: 800px) 100vw, 800px\" \/><\/a><\/figure>\n\n\n\n<h2 class=\"ls__heading wp-block-heading deco-gauche\">Peaufinez votre bronzage <br>sur les transats en bord de piscine<\/h2>\n\n\n\n<p class=\"ls-paragraph\">Vous \u00eates \u00e0 la recherche d&rsquo;un endroit id\u00e9al pour vous d\u00e9tendre, prendre un bain de soleil et bronzer en m\u00eame temps ? Notre piscine chauff\u00e9e est parfaite pour ceux qui veulent se rafra\u00eechir pendant les chaudes journ\u00e9es d&rsquo;\u00e9t\u00e9, tandis que les enfants peuvent patauger en toute s\u00e9curit\u00e9.<\/p>\n\n\n\n<p class=\"ls-paragraph\">Les chaises longues et les transats au bord de la piscine vous offrent un <strong>confort maximal<\/strong> pendant que vous vous pr\u00e9lassez au soleil et que vous travaillez votre bronzage.<\/p>\n<\/div>\n\n\n\n<div class=\"wp-block-column right is-layout-flow wp-block-column-is-layout-flow\">\n<figure class=\"wp-block-image size-full pin\"><img decoding=\"async\" width=\"211\" height=\"227\" src=\"https:\/\/www.camping-laclairiere.fr\/wp-content\/uploads\/2022\/12\/pin.png\" alt=\"pins\" class=\"wp-image-660\" title=\"pin\"\/><\/figure>\n\n\n\n<h2 class=\"ls__heading wp-block-heading deco-gauche\">La pataugeoire, <br>le lieu favori de vos enfants<\/h2>\n\n\n\n<p class=\"ls-paragraph\">Le camping offre une <strong>pataugeoire chauff\u00e9e<\/strong> pour les enfants. Vous pouvez \u00eatre s\u00fbr que vos enfants seront \u00e0 l&rsquo;aise et en s\u00e9curit\u00e9. Les temp\u00e9ratures de l&rsquo;eau sont contr\u00f4l\u00e9es quotidiennement pour assurer un bain confortable.&nbsp;<\/p>\n\n\n\n<p class=\"ls-paragraph\">Vos enfants peuvent profiter de la baignade et des jeux aquatiques tout en se rafra\u00eechissant. Ils s&rsquo;amuseront en toute s\u00e9curit\u00e9 et profiteront des joies de la baignade pendant vos vacances landaises. La piscine chauff\u00e9e est situ\u00e9e dans un <strong>emplacement tr\u00e8s calme<\/strong> et offre un acc\u00e8s facile aux autres installations du camping. Profitez-en !<\/p>\n\n\n\n<figure class=\"wp-block-image size-full animated fadeInLeft delay-200ms slow\"><a href=\"https:\/\/www.camping-laclairiere.fr\/wp-content\/uploads\/2023\/09\/La-Clairiere-Escapades_transat.jpg\"><img decoding=\"async\" width=\"800\" height=\"532\" src=\"https:\/\/www.camping-laclairiere.fr\/wp-content\/uploads\/2023\/09\/La-Clairiere-Escapades_transat.jpg\" alt=\"\" class=\"wp-image-2660\" srcset=\"https:\/\/www.camping-laclairiere.fr\/wp-content\/uploads\/2023\/09\/La-Clairiere-Escapades_transat.jpg 800w, https:\/\/www.camping-laclairiere.fr\/wp-content\/uploads\/2023\/09\/La-Clairiere-Escapades_transat-300x200.jpg 300w, https:\/\/www.camping-laclairiere.fr\/wp-content\/uploads\/2023\/09\/La-Clairiere-Escapades_transat-768x511.jpg 768w\" sizes=\"(max-width: 800px) 100vw, 800px\" \/><\/a><\/figure>\n<\/div>\n<\/div>\n\n\n    <\/div>\n<\/section>\n\n<section id=\"ls-section-block_2670d275b5cc3b4d8d5a05e342d66a09\" class=\"ls-section  page-avis has-background has-color-white-background-color has-p-t p-t-14 has-p-b p-b-14\" >\n        <div class=\"container \">\n        \n\n<div id=\"ls-heading ls-titre-div-block_cb71d0c07d59c1194362af0c405aa3c8\" class=\"ls-titre-div deco-first  aligncenter h2-like has-m-b m-b-8\" >\n    Et nos clients, que pensent-ils de la piscine ?<\/div>\n\n\n<div class=\"avis-container-pages\"><div class=\"avis\"><div class=\"avis-content-container\"><div class=\"avis-text-container\"><div class=\"avis-name\">Michel M.<\/div><div class=\"avis-note\">\n                <span><i class=\"clairiere-star\"><\/i><\/span><span><i class=\"clairiere-star\"><\/i><\/span><span><i class=\"clairiere-star\"><\/i><\/span><span><i class=\"clairiere-star\"><\/i><\/span><span><i class=\"clairiere-star\"><\/i><\/span>\n                <\/div><div class=\"avis-content\"><p>Camping familial tranquille, bonne ambiance, grande <b>piscine<\/b> tr\u00e8s propre, refaite \u00e0 neuve, tr\u00e8s bon accueil, restaurant le soir avec du choix, cuisine ouverte sur salle, accompagnement musical style Manu chao. De vrai vacances quoi \ud83d\ude0e\ud83c\udfd6\ufe0f<\/p>\n<\/div><\/div><\/div><\/div><div class=\"avis\"><div class=\"avis-content-container\"><div class=\"avis-text-container\"><div class=\"avis-name\">Yves M.<\/div><div class=\"avis-note\">\n                <span><i class=\"clairiere-star\"><\/i><\/span><span><i class=\"clairiere-star\"><\/i><\/span><span><i class=\"clairiere-star\"><\/i><\/span><span><i class=\"clairiere-star\"><\/i><\/span><span><i class=\"clairiere-star\"><\/i><\/span>\n                <\/div><div class=\"avis-content\"><p>Super s\u00e9jour \u00e0 la clairi\u00e8re. Le camping est calme bien \u00e9quip\u00e9 superbe <b>piscine<\/b> accueil des plus chaleureux il ne manque rien pour passer un agr\u00e9able s\u00e9jour le personnel est \u00e0 votre service et toujours de bonne humeur<\/p>\n<\/div><\/div><\/div><\/div><div class=\"avis\"><div class=\"avis-content-container\"><div class=\"avis-text-container\"><div class=\"avis-name\">Laurent C.<\/div><div class=\"avis-note\">\n                <span><i class=\"clairiere-star\"><\/i><\/span><span><i class=\"clairiere-star\"><\/i><\/span><span><i class=\"clairiere-star\"><\/i><\/span><span><i class=\"clairiere-star\"><\/i><\/span><span><i class=\"clairiere-star\"><\/i><\/span>\n                <\/div><div class=\"avis-content\"><p>Je recommande ce camping pour son calme, les emplacements ombrag\u00e9s pour y planter sa tente, la gentillesse du personnel ainsi que la <b>piscine<\/b>. Le site est tr\u00e8s propre, aussi bien au niveau des sanitaires que de la <b>piscine<\/b>. Le bar vous proposera des Pizza d\u00e9licieuses ainsi que des viennoiseries fra\u00eeches pour le matin. Autre point positif : tr\u00e8s peu de moustiques ! Un tr\u00e8s bon rapport qualit\u00e9 prix pour passer quelques jours au calme.<\/p>\n<\/div><\/div><\/div><\/div><\/div>\n\n\n    <\/div>\n<\/section>\n\n<section id=\"ls-section-block_2e1e986a0324245d2df0e54c3a4a727b\" class=\"ls-section  page-maillage has-background has-color-3-background-color has-p-t p-t-14 has-p-b p-b-14\" >\n        <div class=\"container container--wide\">\n        \n\n<div id=\"ls-heading ls-titre-div-block_dd4f201d3fd6d7dc6c597f841bdb7b86\" class=\"ls-titre-div deco-centre aligncenter h2-like\" >\n    D\u00e9couvrez les h\u00e9bergements et les services de notre camping<\/div>\n\n\n<div id=\"ls-maillage-block_b77e1773dd5a6ea4c95fa549eac9a0a0\" class=\"ls-maillage cta-style-normal has-p-t p-t-8\" data-rows=\"3\">\n    <div class=\"wp-block-columns\"><div class=\"wp-block-column\">\n\n<a href=\"https:\/\/www.camping-laclairiere.fr\/fr\/activites-landes\/\" target=\"\" rel=\"noopener\" class=\"ls-cta__link\">\n\n\t<div class=\"ls-cta__image\"><img decoding=\"async\" src=\"https:\/\/www.camping-laclairiere.fr\/wp-content\/uploads\/2022\/12\/camping-la-clairiere-activite-parachutisme-dans-les-landes-768x512.jpg\" alt=\"camping la clairiere activite parachutisme dans les landes\"><\/div>\n\t<div class=\"ls-cta__title\">\n\t\tLes activit\u00e9s autour\t<\/div>\n\n\t\t\n<\/a><\/div><div class=\"wp-block-column\">\n\n<a href=\"https:\/\/www.camping-laclairiere.fr\/fr\/camping-bord-riviere-saint-paul-en-born\/\" target=\"\" rel=\"noopener\" class=\"ls-cta__link\">\n\n\t<div class=\"ls-cta__image\"><img decoding=\"async\" src=\"https:\/\/www.camping-laclairiere.fr\/wp-content\/uploads\/2022\/12\/riviere-camping-la-clairiere-768x511.jpg\" alt=\"riviere camping la clairiere\"><\/div>\n\t<div class=\"ls-cta__title\">\n\t\tBord de rivi\u00e8re\t<\/div>\n\n\t\t\n<\/a><\/div><div class=\"wp-block-column\">\n\n<a href=\"https:\/\/www.camping-laclairiere.fr\/fr\/location-mobil-home-saint-paul-en-born\/\" target=\"\" rel=\"noopener\" class=\"ls-cta__link\">\n\n\t<div class=\"ls-cta__image\"><img decoding=\"async\" src=\"https:\/\/www.camping-laclairiere.fr\/wp-content\/uploads\/2023\/02\/La-Clairiere-Escapades_mobilhome-768x512.jpg\" alt=\"\"><\/div>\n\t<div class=\"ls-cta__title\">\n\t\tLocations\t<\/div>\n\n\t\t\n<\/a><\/div><\/div><\/div>\n\n    <\/div>\n<\/section>","protected":false},"excerpt":{"rendered":"","protected":false},"author":1,"featured_media":2672,"parent":0,"menu_order":0,"comment_status":"closed","ping_status":"closed","template":"","meta":{"_acf_changed":false,"footnotes":""},"sujet":[],"class_list":["post-213","page","type-page","status-publish","has-post-thumbnail","hentry"],"acf":[],"yoast_head":"<!-- This site is optimized with the Yoast SEO plugin v25.3 - https:\/\/yoast.com\/wordpress\/plugins\/seo\/ -->\n<title>Camping piscine St. Paul-en-Born | Camping piscine chauff\u00e9e Landes<\/title>\n<meta name=\"robots\" content=\"index, follow, max-snippet:-1, max-image-preview:large, max-video-preview:-1\" \/>\n<link rel=\"canonical\" href=\"https:\/\/www.camping-laclairiere.fr\/fr\/camping-piscine-saint-paul-en-born\/\" \/>\n<meta property=\"og:locale\" content=\"fr_FR\" \/>\n<meta property=\"og:type\" content=\"article\" \/>\n<meta property=\"og:title\" content=\"Camping piscine St. Paul-en-Born | Camping piscine chauff\u00e9e Landes\" \/>\n<meta property=\"og:url\" content=\"https:\/\/www.camping-laclairiere.fr\/fr\/camping-piscine-saint-paul-en-born\/\" \/>\n<meta property=\"og:site_name\" content=\"Camping La Clairi\u00e8re\" \/>\n<meta property=\"article:modified_time\" content=\"2023-09-20T13:45:24+00:00\" \/>\n<meta property=\"og:image\" content=\"https:\/\/www.camping-laclairiere.fr\/wp-content\/uploads\/2023\/09\/La-Clairiere-Escapades_piscine.jpg\" \/>\n\t<meta property=\"og:image:width\" content=\"1900\" \/>\n\t<meta property=\"og:image:height\" content=\"600\" \/>\n\t<meta property=\"og:image:type\" content=\"image\/jpeg\" \/>\n<meta name=\"twitter:card\" content=\"summary_large_image\" \/>\n<meta name=\"twitter:label1\" content=\"Dur\u00e9e de lecture estim\u00e9e\" \/>\n\t<meta name=\"twitter:data1\" content=\"3 minutes\" \/>\n<script type=\"application\/ld+json\" class=\"yoast-schema-graph\">{\"@context\":\"https:\/\/schema.org\",\"@graph\":[{\"@type\":\"WebPage\",\"@id\":\"https:\/\/www.camping-laclairiere.fr\/fr\/camping-piscine-saint-paul-en-born\/\",\"url\":\"https:\/\/www.camping-laclairiere.fr\/fr\/camping-piscine-saint-paul-en-born\/\",\"name\":\"Camping piscine St. Paul-en-Born | Camping piscine chauff\u00e9e Landes\",\"isPartOf\":{\"@id\":\"https:\/\/www.camping-laclairiere.fr\/fr\/#website\"},\"primaryImageOfPage\":{\"@id\":\"https:\/\/www.camping-laclairiere.fr\/fr\/camping-piscine-saint-paul-en-born\/#primaryimage\"},\"image\":{\"@id\":\"https:\/\/www.camping-laclairiere.fr\/fr\/camping-piscine-saint-paul-en-born\/#primaryimage\"},\"thumbnailUrl\":\"https:\/\/www.camping-laclairiere.fr\/wp-content\/uploads\/2023\/09\/La-Clairiere-Escapades_piscine.jpg\",\"datePublished\":\"2022-12-06T12:54:30+00:00\",\"dateModified\":\"2023-09-20T13:45:24+00:00\",\"breadcrumb\":{\"@id\":\"https:\/\/www.camping-laclairiere.fr\/fr\/camping-piscine-saint-paul-en-born\/#breadcrumb\"},\"inLanguage\":\"fr-FR\",\"potentialAction\":[{\"@type\":\"ReadAction\",\"target\":[\"https:\/\/www.camping-laclairiere.fr\/fr\/camping-piscine-saint-paul-en-born\/\"]}]},{\"@type\":\"ImageObject\",\"inLanguage\":\"fr-FR\",\"@id\":\"https:\/\/www.camping-laclairiere.fr\/fr\/camping-piscine-saint-paul-en-born\/#primaryimage\",\"url\":\"https:\/\/www.camping-laclairiere.fr\/wp-content\/uploads\/2023\/09\/La-Clairiere-Escapades_piscine.jpg\",\"contentUrl\":\"https:\/\/www.camping-laclairiere.fr\/wp-content\/uploads\/2023\/09\/La-Clairiere-Escapades_piscine.jpg\",\"width\":1900,\"height\":600},{\"@type\":\"BreadcrumbList\",\"@id\":\"https:\/\/www.camping-laclairiere.fr\/fr\/camping-piscine-saint-paul-en-born\/#breadcrumb\",\"itemListElement\":[{\"@type\":\"ListItem\",\"position\":1,\"name\":\"Camping Landes\",\"item\":\"https:\/\/www.camping-laclairiere.fr\/fr\/\"},{\"@type\":\"ListItem\",\"position\":2,\"name\":\"Camping piscine chauff\u00e9e Landes\"}]},{\"@type\":\"WebSite\",\"@id\":\"https:\/\/www.camping-laclairiere.fr\/fr\/#website\",\"url\":\"https:\/\/www.camping-laclairiere.fr\/fr\/\",\"name\":\"Camping La Clairi\u00e8re\",\"description\":\"\",\"publisher\":{\"@id\":\"https:\/\/www.camping-laclairiere.fr\/fr\/#organization\"},\"potentialAction\":[{\"@type\":\"SearchAction\",\"target\":{\"@type\":\"EntryPoint\",\"urlTemplate\":\"https:\/\/www.camping-laclairiere.fr\/fr\/?s={search_term_string}\"},\"query-input\":{\"@type\":\"PropertyValueSpecification\",\"valueRequired\":true,\"valueName\":\"search_term_string\"}}],\"inLanguage\":\"fr-FR\"},{\"@type\":\"Organization\",\"@id\":\"https:\/\/www.camping-laclairiere.fr\/fr\/#organization\",\"name\":\"Camping La Clairi\u00e8re\",\"url\":\"https:\/\/www.camping-laclairiere.fr\/fr\/\",\"logo\":{\"@type\":\"ImageObject\",\"inLanguage\":\"fr-FR\",\"@id\":\"https:\/\/www.camping-laclairiere.fr\/fr\/#\/schema\/logo\/image\/\",\"url\":\"https:\/\/www.camping-laclairiere.fr\/wp-content\/uploads\/2022\/12\/logo-camping-la-clairiere.png\",\"contentUrl\":\"https:\/\/www.camping-laclairiere.fr\/wp-content\/uploads\/2022\/12\/logo-camping-la-clairiere.png\",\"width\":317,\"height\":111,\"caption\":\"Camping La Clairi\u00e8re\"},\"image\":{\"@id\":\"https:\/\/www.camping-laclairiere.fr\/fr\/#\/schema\/logo\/image\/\"}}]}<\/script>\n<!-- \/ Yoast SEO plugin. -->","yoast_head_json":{"title":"Camping piscine St. Paul-en-Born | Camping piscine chauff\u00e9e Landes","robots":{"index":"index","follow":"follow","max-snippet":"max-snippet:-1","max-image-preview":"max-image-preview:large","max-video-preview":"max-video-preview:-1"},"canonical":"https:\/\/www.camping-laclairiere.fr\/fr\/camping-piscine-saint-paul-en-born\/","og_locale":"fr_FR","og_type":"article","og_title":"Camping piscine St. Paul-en-Born | Camping piscine chauff\u00e9e Landes","og_url":"https:\/\/www.camping-laclairiere.fr\/fr\/camping-piscine-saint-paul-en-born\/","og_site_name":"Camping La Clairi\u00e8re","article_modified_time":"2023-09-20T13:45:24+00:00","og_image":[{"width":1900,"height":600,"url":"https:\/\/www.camping-laclairiere.fr\/wp-content\/uploads\/2023\/09\/La-Clairiere-Escapades_piscine.jpg","type":"image\/jpeg"}],"twitter_card":"summary_large_image","twitter_misc":{"Dur\u00e9e de lecture estim\u00e9e":"3 minutes"},"schema":{"@context":"https:\/\/schema.org","@graph":[{"@type":"WebPage","@id":"https:\/\/www.camping-laclairiere.fr\/fr\/camping-piscine-saint-paul-en-born\/","url":"https:\/\/www.camping-laclairiere.fr\/fr\/camping-piscine-saint-paul-en-born\/","name":"Camping piscine St. Paul-en-Born | Camping piscine chauff\u00e9e Landes","isPartOf":{"@id":"https:\/\/www.camping-laclairiere.fr\/fr\/#website"},"primaryImageOfPage":{"@id":"https:\/\/www.camping-laclairiere.fr\/fr\/camping-piscine-saint-paul-en-born\/#primaryimage"},"image":{"@id":"https:\/\/www.camping-laclairiere.fr\/fr\/camping-piscine-saint-paul-en-born\/#primaryimage"},"thumbnailUrl":"https:\/\/www.camping-laclairiere.fr\/wp-content\/uploads\/2023\/09\/La-Clairiere-Escapades_piscine.jpg","datePublished":"2022-12-06T12:54:30+00:00","dateModified":"2023-09-20T13:45:24+00:00","breadcrumb":{"@id":"https:\/\/www.camping-laclairiere.fr\/fr\/camping-piscine-saint-paul-en-born\/#breadcrumb"},"inLanguage":"fr-FR","potentialAction":[{"@type":"ReadAction","target":["https:\/\/www.camping-laclairiere.fr\/fr\/camping-piscine-saint-paul-en-born\/"]}]},{"@type":"ImageObject","inLanguage":"fr-FR","@id":"https:\/\/www.camping-laclairiere.fr\/fr\/camping-piscine-saint-paul-en-born\/#primaryimage","url":"https:\/\/www.camping-laclairiere.fr\/wp-content\/uploads\/2023\/09\/La-Clairiere-Escapades_piscine.jpg","contentUrl":"https:\/\/www.camping-laclairiere.fr\/wp-content\/uploads\/2023\/09\/La-Clairiere-Escapades_piscine.jpg","width":1900,"height":600},{"@type":"BreadcrumbList","@id":"https:\/\/www.camping-laclairiere.fr\/fr\/camping-piscine-saint-paul-en-born\/#breadcrumb","itemListElement":[{"@type":"ListItem","position":1,"name":"Camping Landes","item":"https:\/\/www.camping-laclairiere.fr\/fr\/"},{"@type":"ListItem","position":2,"name":"Camping piscine chauff\u00e9e Landes"}]},{"@type":"WebSite","@id":"https:\/\/www.camping-laclairiere.fr\/fr\/#website","url":"https:\/\/www.camping-laclairiere.fr\/fr\/","name":"Camping La Clairi\u00e8re","description":"","publisher":{"@id":"https:\/\/www.camping-laclairiere.fr\/fr\/#organization"},"potentialAction":[{"@type":"SearchAction","target":{"@type":"EntryPoint","urlTemplate":"https:\/\/www.camping-laclairiere.fr\/fr\/?s={search_term_string}"},"query-input":{"@type":"PropertyValueSpecification","valueRequired":true,"valueName":"search_term_string"}}],"inLanguage":"fr-FR"},{"@type":"Organization","@id":"https:\/\/www.camping-laclairiere.fr\/fr\/#organization","name":"Camping La Clairi\u00e8re","url":"https:\/\/www.camping-laclairiere.fr\/fr\/","logo":{"@type":"ImageObject","inLanguage":"fr-FR","@id":"https:\/\/www.camping-laclairiere.fr\/fr\/#\/schema\/logo\/image\/","url":"https:\/\/www.camping-laclairiere.fr\/wp-content\/uploads\/2022\/12\/logo-camping-la-clairiere.png","contentUrl":"https:\/\/www.camping-laclairiere.fr\/wp-content\/uploads\/2022\/12\/logo-camping-la-clairiere.png","width":317,"height":111,"caption":"Camping La Clairi\u00e8re"},"image":{"@id":"https:\/\/www.camping-laclairiere.fr\/fr\/#\/schema\/logo\/image\/"}}]}},"_links":{"self":[{"href":"https:\/\/www.camping-laclairiere.fr\/fr\/wp-json\/wp\/v2\/pages\/213","targetHints":{"allow":["GET"]}}],"collection":[{"href":"https:\/\/www.camping-laclairiere.fr\/fr\/wp-json\/wp\/v2\/pages"}],"about":[{"href":"https:\/\/www.camping-laclairiere.fr\/fr\/wp-json\/wp\/v2\/types\/page"}],"author":[{"embeddable":true,"href":"https:\/\/www.camping-laclairiere.fr\/fr\/wp-json\/wp\/v2\/users\/1"}],"replies":[{"embeddable":true,"href":"https:\/\/www.camping-laclairiere.fr\/fr\/wp-json\/wp\/v2\/comments?post=213"}],"version-history":[{"count":102,"href":"https:\/\/www.camping-laclairiere.fr\/fr\/wp-json\/wp\/v2\/pages\/213\/revisions"}],"predecessor-version":[{"id":2677,"href":"https:\/\/www.camping-laclairiere.fr\/fr\/wp-json\/wp\/v2\/pages\/213\/revisions\/2677"}],"wp:featuredmedia":[{"embeddable":true,"href":"https:\/\/www.camping-laclairiere.fr\/fr\/wp-json\/wp\/v2\/media\/2672"}],"wp:attachment":[{"href":"https:\/\/www.camping-laclairiere.fr\/fr\/wp-json\/wp\/v2\/media?parent=213"}],"wp:term":[{"taxonomy":"sujet","embeddable":true,"href":"https:\/\/www.camping-laclairiere.fr\/fr\/wp-json\/wp\/v2\/sujet?post=213"}],"curies":[{"name":"wp","href":"https:\/\/api.w.org\/{rel}","templated":true}]}}