{"id":211,"date":"2022-12-06T13:54:13","date_gmt":"2022-12-06T12:54:13","guid":{"rendered":"https:\/\/www.camping-laclairiere.fr\/?page_id=211"},"modified":"2024-08-31T14:22:01","modified_gmt":"2024-08-31T12:22:01","slug":"camping-bord-riviere-saint-paul-en-born","status":"publish","type":"page","link":"https:\/\/www.camping-laclairiere.fr\/fr\/camping-bord-riviere-saint-paul-en-born\/","title":{"rendered":"Bord de rivi\u00e8re"},"content":{"rendered":"<section id=\"ls-section-block_920e2a2743515a7b0af808a3bfb44bfe\" class=\"ls-section  page-intro\" >\n        <div class=\"container \">\n        \n\n<h1 class=\"ls__heading wp-block-heading has-text-align-center aquarelle deco-centre\">Camping en bord de rivi\u00e8re dans les Landes<\/h1>\n\n\n    <\/div>\n<\/section>\n\n<section id=\"ls-section-block_43287d5e16ca64440817019187d4dc90\" class=\"ls-section  page-one has-p-b p-b-14\" >\n        <div class=\"container container--wide\">\n        \n\n<div class=\"wp-block-columns is-layout-flex wp-container-core-columns-is-layout-9d6595d7 wp-block-columns-is-layout-flex\">\n<div class=\"wp-block-column is-vertically-aligned-center left is-layout-flow wp-block-column-is-layout-flow\" style=\"flex-basis:33.33%\">\n<figure class=\"wp-block-image size-full plante\"><img decoding=\"async\" width=\"220\" height=\"217\" src=\"https:\/\/www.camping-laclairiere.fr\/wp-content\/uploads\/2022\/12\/plante.png\" alt=\"plantes\" class=\"wp-image-654\"\/><\/figure>\n\n\n\n<h2 class=\"ls__heading wp-block-heading deco-gauche\">Acc\u00e8s \u00e0 la rivi\u00e8re depuis le camping<\/h2>\n\n\n\n<p class=\"ls-paragraph\">Nich\u00e9 dans la r\u00e9gion des Landes, notre camping offre la combinaison parfaite de la <strong>tranquillit\u00e9<\/strong> et de la <strong>d\u00e9couverte de la nature<\/strong>. Avec un acc\u00e8s au ruisseau de La Forge, vous profiterez de la beaut\u00e9 naturelle de la r\u00e9gion.<\/p>\n\n\n\n<p class=\"ls-paragraph\">La rivi\u00e8re est l&rsquo;endroit id\u00e9al pour se baigner, p\u00eacher et participer aux activit\u00e9s nautiques comme le cano\u00eb kayak et le paddle. De plus, de nombreuses activit\u00e9s sont propos\u00e9es, de la p\u00eache \u00e0 la randonn\u00e9e en passant par la d\u00e9couverte de notre r\u00e9gion.<\/p>\n\n\n\n<p class=\"ls-paragraph\">Si vous recherchez une <strong>escapade paisible<\/strong> avec un acc\u00e8s \u00e0 la rivi\u00e8re, ne cherchez pas plus loin. Le <a href=\"\/fr\/\">Camping La Clairi\u00e8re \u00e0 Saint-Paul-en-Born<\/a> est la destination id\u00e9ale pour passer vos vacances estivales.<\/p>\n<\/div>\n\n\n\n<div class=\"wp-block-column right is-layout-flow wp-block-column-is-layout-flow\" style=\"flex-basis:66.66%\">\n<figure class=\"wp-block-image size-full animated fadeInUp delay-200ms slow\"><img decoding=\"async\" width=\"800\" height=\"532\" src=\"https:\/\/www.camping-laclairiere.fr\/wp-content\/uploads\/2022\/12\/camping-proche-dune-riviere.jpg\" alt=\"camping proche d'une riviere\" class=\"wp-image-1352\" srcset=\"https:\/\/www.camping-laclairiere.fr\/wp-content\/uploads\/2022\/12\/camping-proche-dune-riviere.jpg 800w, https:\/\/www.camping-laclairiere.fr\/wp-content\/uploads\/2022\/12\/camping-proche-dune-riviere-300x200.jpg 300w, https:\/\/www.camping-laclairiere.fr\/wp-content\/uploads\/2022\/12\/camping-proche-dune-riviere-768x511.jpg 768w\" sizes=\"(max-width: 800px) 100vw, 800px\" \/><\/figure>\n<\/div>\n<\/div>\n\n\n    <\/div>\n<\/section>\n\n<section id=\"ls-section-block_3f8d08b877cbf438a04d7cacb6273923\" class=\"ls-section  page-two has-background has-color-3-background-color has-p-t p-t-14 has-p-b p-b-14\" >\n        <div class=\"container container--wide\">\n        \n\n<div class=\"wp-block-columns is-layout-flex wp-container-core-columns-is-layout-9d6595d7 wp-block-columns-is-layout-flex\">\n<div class=\"wp-block-column left is-layout-flow wp-block-column-is-layout-flow\">\n<figure class=\"wp-block-image size-full animated fadeInRight delay-200ms slow\"><a href=\"https:\/\/www.camping-laclairiere.fr\/wp-content\/uploads\/2022\/12\/peche-en-riviere-proche-du-camping-la-clairiere.jpg\"><img decoding=\"async\" width=\"800\" height=\"532\" src=\"https:\/\/www.camping-laclairiere.fr\/wp-content\/uploads\/2022\/12\/peche-en-riviere-proche-du-camping-la-clairiere.jpg\" alt=\"peche en riviere proce du camping la clairiere\" class=\"wp-image-1350\" srcset=\"https:\/\/www.camping-laclairiere.fr\/wp-content\/uploads\/2022\/12\/peche-en-riviere-proche-du-camping-la-clairiere.jpg 800w, https:\/\/www.camping-laclairiere.fr\/wp-content\/uploads\/2022\/12\/peche-en-riviere-proche-du-camping-la-clairiere-300x200.jpg 300w, https:\/\/www.camping-laclairiere.fr\/wp-content\/uploads\/2022\/12\/peche-en-riviere-proche-du-camping-la-clairiere-768x511.jpg 768w\" sizes=\"(max-width: 800px) 100vw, 800px\" \/><\/a><\/figure>\n\n\n\n<h2 class=\"ls__heading wp-block-heading deco-gauche\">Baignez-vous dans la rivi\u00e8re<\/h2>\n\n\n\n<p class=\"ls-paragraph\">Vous \u00eates \u00e0 la recherche d&rsquo;une exp\u00e9rience de camping unique avec un acc\u00e8s direct \u00e0 une rivi\u00e8re ? Ne cherchez pas plus loin que notre Camping \u00e0 Saint-Paul-en-Born !<\/p>\n\n\n\n<p class=\"ls-paragraph\">Ce camping en bord de rivi\u00e8re offre un <strong>s\u00e9jour inoubliable<\/strong>. Profitez de l&rsquo;acc\u00e8s direct \u00e0 la rivi\u00e8re pour vous baigner ou faire du kayak.<\/p>\n\n\n\n<p class=\"ls-paragraph\">D\u00e8s votre arriv\u00e9e, vous aurez l&rsquo;occasion de vous d\u00e9tendre et de vous reconnecter avec la nature. Appr\u00e9ciez la tranquillit\u00e9 du paysage environnant et du c\u00f4t\u00e9 apaisant de la rivi\u00e8re de la Forge.<\/p>\n<\/div>\n\n\n\n<div class=\"wp-block-column right is-layout-flow wp-block-column-is-layout-flow\">\n<figure class=\"wp-block-image size-full pin\"><img decoding=\"async\" width=\"211\" height=\"227\" src=\"https:\/\/www.camping-laclairiere.fr\/wp-content\/uploads\/2022\/12\/pin.png\" alt=\"pins\" class=\"wp-image-660\" title=\"pin\"\/><\/figure>\n\n\n\n<h2 class=\"ls__heading wp-block-heading deco-gauche\">P\u00eache dans la rivi\u00e8re<\/h2>\n\n\n\n<p class=\"ls-paragraph\">Notre Camping La Clairi\u00e8re \u00e0 Saint-Paul-en-Born est situ\u00e9 en bord de rivi\u00e8re, offrant ainsi aux p\u00eacheurs une opportunit\u00e9 unique de pratiquer leur activit\u00e9 pr\u00e9f\u00e9r\u00e9e.<\/p>\n\n\n\n<p class=\"ls-paragraph\">Avec une rivi\u00e8re <strong>riche en poissons<\/strong>, et une magnifique nature \u00e0 admirer, vous pourrez d\u00e9couvrir les joies de la p\u00eache \u00e0 la ligne dans une des nombreuses parties de la rivi\u00e8re, notamment \u00e0 proximit\u00e9 du camping.<\/p>\n\n\n\n<p class=\"ls-paragraph\">Que vous soyez un p\u00eacheur <strong>exp\u00e9riment\u00e9 ou un d\u00e9butant<\/strong>, notre personnel peut vous donner des conseils et vous guider pour que vous profitiez au maximum de votre s\u00e9jour dans <a href=\"\/fr\/tourisme-landes\/\">la r\u00e9gion des Landes<\/a>.<\/p>\n\n\n\n<figure class=\"wp-block-image size-full is-resized animated fadeInLeft delay-200ms slow\"><a href=\"https:\/\/www.camping-laclairiere.fr\/wp-content\/uploads\/2024\/08\/riviere-scaled.jpeg\"><img decoding=\"async\" width=\"1920\" height=\"2560\" src=\"https:\/\/www.camping-laclairiere.fr\/wp-content\/uploads\/2024\/08\/riviere-scaled.jpeg\" alt=\"\" class=\"wp-image-2961\" style=\"width:580px;height:auto\" srcset=\"https:\/\/www.camping-laclairiere.fr\/wp-content\/uploads\/2024\/08\/riviere-scaled.jpeg 1920w, https:\/\/www.camping-laclairiere.fr\/wp-content\/uploads\/2024\/08\/riviere-225x300.jpeg 225w, https:\/\/www.camping-laclairiere.fr\/wp-content\/uploads\/2024\/08\/riviere-768x1024.jpeg 768w, https:\/\/www.camping-laclairiere.fr\/wp-content\/uploads\/2024\/08\/riviere-1152x1536.jpeg 1152w, https:\/\/www.camping-laclairiere.fr\/wp-content\/uploads\/2024\/08\/riviere-1536x2048.jpeg 1536w\" sizes=\"(max-width: 1920px) 100vw, 1920px\" \/><\/a><\/figure>\n<\/div>\n<\/div>\n\n\n    <\/div>\n<\/section>\n\n<section id=\"ls-section-block_43287d5e16ca64440817019187d4dc90\" class=\"ls-section  page-one has-p-b p-b-14\" >\n        <div class=\"container container--wide\">\n        \n\n<div class=\"wp-block-columns is-layout-flex wp-container-core-columns-is-layout-9d6595d7 wp-block-columns-is-layout-flex\">\n<div class=\"wp-block-column right is-layout-flow wp-block-column-is-layout-flow\" style=\"flex-basis:66.66%\">\n<figure class=\"wp-block-image size-full animated fadeInUp delay-200ms slow\"><img decoding=\"async\" width=\"800\" height=\"532\" src=\"https:\/\/www.camping-laclairiere.fr\/wp-content\/uploads\/2023\/01\/canoe-kayak-landes.jpg\" alt=\"canoe kayak landes\" class=\"wp-image-1519\" srcset=\"https:\/\/www.camping-laclairiere.fr\/wp-content\/uploads\/2023\/01\/canoe-kayak-landes.jpg 800w, https:\/\/www.camping-laclairiere.fr\/wp-content\/uploads\/2023\/01\/canoe-kayak-landes-300x200.jpg 300w, https:\/\/www.camping-laclairiere.fr\/wp-content\/uploads\/2023\/01\/canoe-kayak-landes-768x511.jpg 768w\" sizes=\"(max-width: 800px) 100vw, 800px\" \/><\/figure>\n<\/div>\n\n\n\n<div class=\"wp-block-column is-vertically-aligned-center left is-layout-flow wp-block-column-is-layout-flow\" style=\"flex-basis:33.33%\">\n<figure class=\"wp-block-image size-full plante\"><img decoding=\"async\" width=\"220\" height=\"217\" src=\"https:\/\/www.camping-laclairiere.fr\/wp-content\/uploads\/2022\/12\/plante.png\" alt=\"plante\" class=\"wp-image-654\"\/><\/figure>\n\n\n\n<h2 class=\"ls__heading wp-block-heading deco-gauche\">Cano\u00eb kayak dans la rivi\u00e8re<\/h2>\n\n\n\n<p class=\"ls-paragraph\">Au camping La Clairi\u00e8re \u00e0 Saint-Paul-en-Born, vous pourrez profiter d&rsquo;une vari\u00e9t\u00e9s d&rsquo;<strong>activit\u00e9s aquatiques<\/strong>. Si vous \u00eates un adepte du cano\u00eb kayak, vous pourrez pagayer sur la rivi\u00e8re la Forge et d\u00e9couvrir sa beaut\u00e9. La rivi\u00e8re est encadr\u00e9e d&rsquo;un paysage naturel vierge, ce qui en fait un endroit id\u00e9al \u00e0 explorer. <\/p>\n\n\n\n<p class=\"ls-paragraph\">Outre le cano\u00eb et le kayak, vous pouvez \u00e9galement pratiquer la p\u00eache. La rivi\u00e8re abrite une <strong>grande vari\u00e9t\u00e9 d&rsquo;esp\u00e8ces de poissons<\/strong>, de la carpe \u00e0 la truite, ce qui offre de nombreuses possibilit\u00e9s de d\u00e9couvrir la <strong>faune locale<\/strong>. Et pour ceux qui pr\u00e9f\u00e8rent nager, la rivi\u00e8re est l&rsquo;endroit id\u00e9al pour se rafra\u00eechir lors d&rsquo;une chaude journ\u00e9e d&rsquo;\u00e9t\u00e9.<\/p>\n<\/div>\n<\/div>\n\n\n    <\/div>\n<\/section>\n\n<section id=\"ls-section-block_e7995a6b514bd5ce2179dac3566e4d99\" class=\"ls-section  page-maillage has-background has-color-3-background-color has-p-t p-t-14 has-p-b p-b-14\" >\n        <div class=\"container container--wide\">\n        \n\n<div id=\"ls-heading ls-titre-div-block_7017ef74084983b3f8e11c15a953467e\" class=\"ls-titre-div deco-centre aligncenter h2-like\" >\n    D\u00e9couvrez les animations, la piscine et le restaurant de notre camping<\/div>\n\n\n<div id=\"ls-maillage-block_b4fe36c589cf15579d6e95adf6b2724c\" class=\"ls-maillage cta-style-normal has-p-t p-t-8\" data-rows=\"3\">\n    <div class=\"wp-block-columns\"><div class=\"wp-block-column\">\n\n<a href=\"https:\/\/www.camping-laclairiere.fr\/fr\/camping-animations-saint-paul-en-born\/\" target=\"\" rel=\"noopener\" class=\"ls-cta__link\">\n\n\t<div class=\"ls-cta__image\"><img decoding=\"async\" src=\"https:\/\/www.camping-laclairiere.fr\/wp-content\/uploads\/2022\/12\/camping-avec-animations-dans-les-landes-768x511.jpg\" alt=\"camping avec animation dans les landes\"><\/div>\n\t<div class=\"ls-cta__title\">\n\t\tAnimations\t<\/div>\n\n\t\t\n<\/a><\/div><div class=\"wp-block-column\">\n\n<a href=\"https:\/\/www.camping-laclairiere.fr\/fr\/camping-piscine-saint-paul-en-born\/\" target=\"\" rel=\"noopener\" class=\"ls-cta__link\">\n\n\t<div class=\"ls-cta__image\"><img decoding=\"async\" src=\"https:\/\/www.camping-laclairiere.fr\/wp-content\/uploads\/2022\/12\/piscine-chauffee-camping-la-clairiere-768x511.jpg\" alt=\"piscine chauff\u00e9e camping la clairi\u00e8re\"><\/div>\n\t<div class=\"ls-cta__title\">\n\t\tLa piscine\t<\/div>\n\n\t\t\n<\/a><\/div><div class=\"wp-block-column\">\n\n<a href=\"https:\/\/www.camping-laclairiere.fr\/fr\/camping-familial-saint-paul-en-born\/\" target=\"\" rel=\"noopener\" class=\"ls-cta__link\">\n\n\t<div class=\"ls-cta__image\"><img decoding=\"async\" src=\"https:\/\/www.camping-laclairiere.fr\/wp-content\/uploads\/2022\/12\/vienoisserie-et-depot-de-pain-la-clairiere-landes.jpg\" alt=\"viennoiserie et depot de pain\"><\/div>\n\t<div class=\"ls-cta__title\">\n\t\tRestaurant et services\t<\/div>\n\n\t\t\n<\/a><\/div><\/div><\/div>\n\n    <\/div>\n<\/section>","protected":false},"excerpt":{"rendered":"","protected":false},"author":1,"featured_media":1522,"parent":0,"menu_order":0,"comment_status":"closed","ping_status":"closed","template":"","meta":{"_acf_changed":false,"footnotes":""},"sujet":[],"class_list":["post-211","page","type-page","status-publish","has-post-thumbnail","hentry"],"acf":[],"yoast_head":"<!-- This site is optimized with the Yoast SEO plugin v25.3 - https:\/\/yoast.com\/wordpress\/plugins\/seo\/ -->\n<title>Camping bord riviere St. Paul-en-Born | Camping canoe Landes<\/title>\n<meta name=\"robots\" content=\"index, follow, max-snippet:-1, max-image-preview:large, max-video-preview:-1\" \/>\n<link rel=\"canonical\" href=\"https:\/\/www.camping-laclairiere.fr\/fr\/camping-bord-riviere-saint-paul-en-born\/\" \/>\n<meta property=\"og:locale\" content=\"fr_FR\" \/>\n<meta property=\"og:type\" content=\"article\" \/>\n<meta property=\"og:title\" content=\"Camping bord riviere St. Paul-en-Born | Camping canoe Landes\" \/>\n<meta property=\"og:url\" content=\"https:\/\/www.camping-laclairiere.fr\/fr\/camping-bord-riviere-saint-paul-en-born\/\" \/>\n<meta property=\"og:site_name\" content=\"Camping La Clairi\u00e8re\" \/>\n<meta property=\"article:modified_time\" content=\"2024-08-31T12:22:01+00:00\" \/>\n<meta property=\"og:image\" content=\"https:\/\/www.camping-laclairiere.fr\/wp-content\/uploads\/2023\/01\/camping-lac-landes.jpg\" \/>\n\t<meta property=\"og:image:width\" content=\"1900\" \/>\n\t<meta property=\"og:image:height\" content=\"600\" \/>\n\t<meta property=\"og:image:type\" content=\"image\/jpeg\" \/>\n<meta name=\"twitter:card\" content=\"summary_large_image\" \/>\n<meta name=\"twitter:label1\" content=\"Dur\u00e9e de lecture estim\u00e9e\" \/>\n\t<meta name=\"twitter:data1\" content=\"4 minutes\" \/>\n<script type=\"application\/ld+json\" class=\"yoast-schema-graph\">{\"@context\":\"https:\/\/schema.org\",\"@graph\":[{\"@type\":\"WebPage\",\"@id\":\"https:\/\/www.camping-laclairiere.fr\/fr\/camping-bord-riviere-saint-paul-en-born\/\",\"url\":\"https:\/\/www.camping-laclairiere.fr\/fr\/camping-bord-riviere-saint-paul-en-born\/\",\"name\":\"Camping bord riviere St. Paul-en-Born | Camping canoe Landes\",\"isPartOf\":{\"@id\":\"https:\/\/www.camping-laclairiere.fr\/fr\/#website\"},\"primaryImageOfPage\":{\"@id\":\"https:\/\/www.camping-laclairiere.fr\/fr\/camping-bord-riviere-saint-paul-en-born\/#primaryimage\"},\"image\":{\"@id\":\"https:\/\/www.camping-laclairiere.fr\/fr\/camping-bord-riviere-saint-paul-en-born\/#primaryimage\"},\"thumbnailUrl\":\"https:\/\/www.camping-laclairiere.fr\/wp-content\/uploads\/2023\/01\/camping-lac-landes.jpg\",\"datePublished\":\"2022-12-06T12:54:13+00:00\",\"dateModified\":\"2024-08-31T12:22:01+00:00\",\"breadcrumb\":{\"@id\":\"https:\/\/www.camping-laclairiere.fr\/fr\/camping-bord-riviere-saint-paul-en-born\/#breadcrumb\"},\"inLanguage\":\"fr-FR\",\"potentialAction\":[{\"@type\":\"ReadAction\",\"target\":[\"https:\/\/www.camping-laclairiere.fr\/fr\/camping-bord-riviere-saint-paul-en-born\/\"]}]},{\"@type\":\"ImageObject\",\"inLanguage\":\"fr-FR\",\"@id\":\"https:\/\/www.camping-laclairiere.fr\/fr\/camping-bord-riviere-saint-paul-en-born\/#primaryimage\",\"url\":\"https:\/\/www.camping-laclairiere.fr\/wp-content\/uploads\/2023\/01\/camping-lac-landes.jpg\",\"contentUrl\":\"https:\/\/www.camping-laclairiere.fr\/wp-content\/uploads\/2023\/01\/camping-lac-landes.jpg\",\"width\":1900,\"height\":600,\"caption\":\"camping lac landes\"},{\"@type\":\"BreadcrumbList\",\"@id\":\"https:\/\/www.camping-laclairiere.fr\/fr\/camping-bord-riviere-saint-paul-en-born\/#breadcrumb\",\"itemListElement\":[{\"@type\":\"ListItem\",\"position\":1,\"name\":\"Camping Landes\",\"item\":\"https:\/\/www.camping-laclairiere.fr\/fr\/\"},{\"@type\":\"ListItem\",\"position\":2,\"name\":\"Camping piscine chauff\u00e9e Landes\"}]},{\"@type\":\"WebSite\",\"@id\":\"https:\/\/www.camping-laclairiere.fr\/fr\/#website\",\"url\":\"https:\/\/www.camping-laclairiere.fr\/fr\/\",\"name\":\"Camping La Clairi\u00e8re\",\"description\":\"\",\"publisher\":{\"@id\":\"https:\/\/www.camping-laclairiere.fr\/fr\/#organization\"},\"potentialAction\":[{\"@type\":\"SearchAction\",\"target\":{\"@type\":\"EntryPoint\",\"urlTemplate\":\"https:\/\/www.camping-laclairiere.fr\/fr\/?s={search_term_string}\"},\"query-input\":{\"@type\":\"PropertyValueSpecification\",\"valueRequired\":true,\"valueName\":\"search_term_string\"}}],\"inLanguage\":\"fr-FR\"},{\"@type\":\"Organization\",\"@id\":\"https:\/\/www.camping-laclairiere.fr\/fr\/#organization\",\"name\":\"Camping La Clairi\u00e8re\",\"url\":\"https:\/\/www.camping-laclairiere.fr\/fr\/\",\"logo\":{\"@type\":\"ImageObject\",\"inLanguage\":\"fr-FR\",\"@id\":\"https:\/\/www.camping-laclairiere.fr\/fr\/#\/schema\/logo\/image\/\",\"url\":\"https:\/\/www.camping-laclairiere.fr\/wp-content\/uploads\/2022\/12\/logo-camping-la-clairiere.png\",\"contentUrl\":\"https:\/\/www.camping-laclairiere.fr\/wp-content\/uploads\/2022\/12\/logo-camping-la-clairiere.png\",\"width\":317,\"height\":111,\"caption\":\"Camping La Clairi\u00e8re\"},\"image\":{\"@id\":\"https:\/\/www.camping-laclairiere.fr\/fr\/#\/schema\/logo\/image\/\"}}]}<\/script>\n<!-- \/ Yoast SEO plugin. -->","yoast_head_json":{"title":"Camping bord riviere St. Paul-en-Born | Camping canoe Landes","robots":{"index":"index","follow":"follow","max-snippet":"max-snippet:-1","max-image-preview":"max-image-preview:large","max-video-preview":"max-video-preview:-1"},"canonical":"https:\/\/www.camping-laclairiere.fr\/fr\/camping-bord-riviere-saint-paul-en-born\/","og_locale":"fr_FR","og_type":"article","og_title":"Camping bord riviere St. Paul-en-Born | Camping canoe Landes","og_url":"https:\/\/www.camping-laclairiere.fr\/fr\/camping-bord-riviere-saint-paul-en-born\/","og_site_name":"Camping La Clairi\u00e8re","article_modified_time":"2024-08-31T12:22:01+00:00","og_image":[{"width":1900,"height":600,"url":"https:\/\/www.camping-laclairiere.fr\/wp-content\/uploads\/2023\/01\/camping-lac-landes.jpg","type":"image\/jpeg"}],"twitter_card":"summary_large_image","twitter_misc":{"Dur\u00e9e de lecture estim\u00e9e":"4 minutes"},"schema":{"@context":"https:\/\/schema.org","@graph":[{"@type":"WebPage","@id":"https:\/\/www.camping-laclairiere.fr\/fr\/camping-bord-riviere-saint-paul-en-born\/","url":"https:\/\/www.camping-laclairiere.fr\/fr\/camping-bord-riviere-saint-paul-en-born\/","name":"Camping bord riviere St. Paul-en-Born | Camping canoe Landes","isPartOf":{"@id":"https:\/\/www.camping-laclairiere.fr\/fr\/#website"},"primaryImageOfPage":{"@id":"https:\/\/www.camping-laclairiere.fr\/fr\/camping-bord-riviere-saint-paul-en-born\/#primaryimage"},"image":{"@id":"https:\/\/www.camping-laclairiere.fr\/fr\/camping-bord-riviere-saint-paul-en-born\/#primaryimage"},"thumbnailUrl":"https:\/\/www.camping-laclairiere.fr\/wp-content\/uploads\/2023\/01\/camping-lac-landes.jpg","datePublished":"2022-12-06T12:54:13+00:00","dateModified":"2024-08-31T12:22:01+00:00","breadcrumb":{"@id":"https:\/\/www.camping-laclairiere.fr\/fr\/camping-bord-riviere-saint-paul-en-born\/#breadcrumb"},"inLanguage":"fr-FR","potentialAction":[{"@type":"ReadAction","target":["https:\/\/www.camping-laclairiere.fr\/fr\/camping-bord-riviere-saint-paul-en-born\/"]}]},{"@type":"ImageObject","inLanguage":"fr-FR","@id":"https:\/\/www.camping-laclairiere.fr\/fr\/camping-bord-riviere-saint-paul-en-born\/#primaryimage","url":"https:\/\/www.camping-laclairiere.fr\/wp-content\/uploads\/2023\/01\/camping-lac-landes.jpg","contentUrl":"https:\/\/www.camping-laclairiere.fr\/wp-content\/uploads\/2023\/01\/camping-lac-landes.jpg","width":1900,"height":600,"caption":"camping lac landes"},{"@type":"BreadcrumbList","@id":"https:\/\/www.camping-laclairiere.fr\/fr\/camping-bord-riviere-saint-paul-en-born\/#breadcrumb","itemListElement":[{"@type":"ListItem","position":1,"name":"Camping Landes","item":"https:\/\/www.camping-laclairiere.fr\/fr\/"},{"@type":"ListItem","position":2,"name":"Camping piscine chauff\u00e9e Landes"}]},{"@type":"WebSite","@id":"https:\/\/www.camping-laclairiere.fr\/fr\/#website","url":"https:\/\/www.camping-laclairiere.fr\/fr\/","name":"Camping La Clairi\u00e8re","description":"","publisher":{"@id":"https:\/\/www.camping-laclairiere.fr\/fr\/#organization"},"potentialAction":[{"@type":"SearchAction","target":{"@type":"EntryPoint","urlTemplate":"https:\/\/www.camping-laclairiere.fr\/fr\/?s={search_term_string}"},"query-input":{"@type":"PropertyValueSpecification","valueRequired":true,"valueName":"search_term_string"}}],"inLanguage":"fr-FR"},{"@type":"Organization","@id":"https:\/\/www.camping-laclairiere.fr\/fr\/#organization","name":"Camping La Clairi\u00e8re","url":"https:\/\/www.camping-laclairiere.fr\/fr\/","logo":{"@type":"ImageObject","inLanguage":"fr-FR","@id":"https:\/\/www.camping-laclairiere.fr\/fr\/#\/schema\/logo\/image\/","url":"https:\/\/www.camping-laclairiere.fr\/wp-content\/uploads\/2022\/12\/logo-camping-la-clairiere.png","contentUrl":"https:\/\/www.camping-laclairiere.fr\/wp-content\/uploads\/2022\/12\/logo-camping-la-clairiere.png","width":317,"height":111,"caption":"Camping La Clairi\u00e8re"},"image":{"@id":"https:\/\/www.camping-laclairiere.fr\/fr\/#\/schema\/logo\/image\/"}}]}},"_links":{"self":[{"href":"https:\/\/www.camping-laclairiere.fr\/fr\/wp-json\/wp\/v2\/pages\/211","targetHints":{"allow":["GET"]}}],"collection":[{"href":"https:\/\/www.camping-laclairiere.fr\/fr\/wp-json\/wp\/v2\/pages"}],"about":[{"href":"https:\/\/www.camping-laclairiere.fr\/fr\/wp-json\/wp\/v2\/types\/page"}],"author":[{"embeddable":true,"href":"https:\/\/www.camping-laclairiere.fr\/fr\/wp-json\/wp\/v2\/users\/1"}],"replies":[{"embeddable":true,"href":"https:\/\/www.camping-laclairiere.fr\/fr\/wp-json\/wp\/v2\/comments?post=211"}],"version-history":[{"count":25,"href":"https:\/\/www.camping-laclairiere.fr\/fr\/wp-json\/wp\/v2\/pages\/211\/revisions"}],"predecessor-version":[{"id":2971,"href":"https:\/\/www.camping-laclairiere.fr\/fr\/wp-json\/wp\/v2\/pages\/211\/revisions\/2971"}],"wp:featuredmedia":[{"embeddable":true,"href":"https:\/\/www.camping-laclairiere.fr\/fr\/wp-json\/wp\/v2\/media\/1522"}],"wp:attachment":[{"href":"https:\/\/www.camping-laclairiere.fr\/fr\/wp-json\/wp\/v2\/media?parent=211"}],"wp:term":[{"taxonomy":"sujet","embeddable":true,"href":"https:\/\/www.camping-laclairiere.fr\/fr\/wp-json\/wp\/v2\/sujet?post=211"}],"curies":[{"name":"wp","href":"https:\/\/api.w.org\/{rel}","templated":true}]}}