{"id":1999,"date":"2023-01-06T14:49:20","date_gmt":"2023-01-06T13:49:20","guid":{"rendered":"https:\/\/www.camping-laclairiere.fr\/campingplatz-familie-saint-paul-en-born\/"},"modified":"2024-07-08T15:00:16","modified_gmt":"2024-07-08T13:00:16","slug":"campingplatz-familie-saint-paul-en-born","status":"publish","type":"page","link":"https:\/\/www.camping-laclairiere.fr\/de\/campingplatz-familie-saint-paul-en-born\/","title":{"rendered":"Gastst\u00e4tte und Dienstleistungen"},"content":{"rendered":"<section id=\"ls-section-block_640aa68341a22e10dc276355c7aec4cc\" class=\"ls-section  page-intro\" >\n        <div class=\"container \">\n        \n\n<h1 class=\"ls__heading wp-block-heading has-text-align-center aquarelle deco-centre\">Familiencampingplatz in St. Petersburg Paul-en-Born<\/h1>\n\n\n    <\/div>\n<\/section>\n\n<section id=\"ls-section-block_024b573d18578f6db042120a6fb05573\" class=\"ls-section  page-one has-p-b p-b-14\" >\n        <div class=\"container container--wide\">\n        \n\n<div class=\"wp-block-columns is-layout-flex wp-container-core-columns-is-layout-9d6595d7 wp-block-columns-is-layout-flex\">\n<div class=\"wp-block-column is-vertically-aligned-center left is-layout-flow wp-block-column-is-layout-flow\" style=\"flex-basis:33.33%\">\n<figure class=\"wp-block-image size-full plante\"><img decoding=\"async\" width=\"220\" height=\"217\" src=\"https:\/\/www.camping-laclairiere.fr\/wp-content\/uploads\/2022\/12\/plante.png\" alt=\"Pflanze\" class=\"wp-image-654\"\/><\/figure>\n\n\n\n<h2 class=\"ls__heading wp-block-heading deco-gauche\" id=\"services\">Unser 4-Sterne-Service<\/h2>\n\n\n\n<h3 class=\"ls__heading wp-block-heading\">Der Empfang auf dem campingplatz<\/h3>\n\n\n\n<p class=\"ls-paragraph\">Ihr erster Kontakt mit dem <a href=\"\/de\/\">campingplatz la Clairi\u00e8re<\/a> wird das L\u00e4cheln sein, das Sie empf\u00e4ngt, wenn Sie durch die T\u00fcr der Rezeption gehen. Unser Team steht Ihnen gerne zur Verf\u00fcgung, um Ihren Aufenthalt an <strong>der aquitanischen K\u00fcste unvergesslich zu machen.<\/strong> Wir sind da, um Ihnen im Alltag zu helfen, aber auch um Ihnen Tipps f\u00fcr Besichtigungen in der Region zu geben. Fragen Sie uns, wir nennen Ihnen die sch\u00f6nste Fahrradtour und unsere Lieblingsstr\u00e4nde. Und wenn Sie von Ihren Ausfl\u00fcgen zur\u00fcckkehren, k\u00f6nnen Sie Ihre sch\u00f6nsten Erinnerungen dank des kostenlosen WLANs auf dem gesamten campingplatz in sozialen Netzwerken ver\u00f6ffentlichen.<\/p>\n\n\n\n<p class=\"ls-paragraph\">Der Campingplatz stellt Wickelauflagen zur Verf\u00fcgung, ein Safe steht den G\u00e4sten zur Verf\u00fcgung, Fahrr\u00e4der k\u00f6nnen gemietet werden.<\/p>\n\n\n\n<p class=\"ls-paragraph\"><strong>Empfang<\/strong>: Hochsaison: Montag bis Freitag und Sonntag 8:30-13:00\/14:00-20:00 Uhr und Samstag 8:00-12:00\/13:00-20:00 Uhr.<\/p>\n\n\n\n<p class=\"ls-paragraph\">Nebensaison: 9-12 Uhr\/13-20 Uhr t\u00e4glich<\/p>\n\n\n\n<p class=\"ls-paragraph\"><strong>Gastst\u00e4tte<\/strong> : Ge\u00f6ffnet w\u00e4hrend der gesamten \u00d6ffnungszeiten des Campingplatzes und der Bar (Juni bis August)<\/p>\n\n\n\n<p class=\"ls-paragraph\"><strong>Schwimmbad<\/strong>: vom 15. Mai bis 15. September (je nach Wetterlage)<\/p>\n<\/div>\n\n\n\n<div class=\"wp-block-column is-vertically-aligned-center right is-layout-flow wp-block-column-is-layout-flow\" style=\"flex-basis:66.66%\">\n<figure class=\"wp-block-image size-full animated fadeInUp delay-200ms slow\"><img decoding=\"async\" width=\"900\" height=\"600\" src=\"https:\/\/www.camping-laclairiere.fr\/wp-content\/uploads\/2023\/09\/La-Clairiere-Escapades_restaurant-table.jpg\" alt=\"\" class=\"wp-image-2623\" srcset=\"https:\/\/www.camping-laclairiere.fr\/wp-content\/uploads\/2023\/09\/La-Clairiere-Escapades_restaurant-table.jpg 900w, https:\/\/www.camping-laclairiere.fr\/wp-content\/uploads\/2023\/09\/La-Clairiere-Escapades_restaurant-table-300x200.jpg 300w, https:\/\/www.camping-laclairiere.fr\/wp-content\/uploads\/2023\/09\/La-Clairiere-Escapades_restaurant-table-768x512.jpg 768w\" sizes=\"(max-width: 900px) 100vw, 900px\" \/><\/figure>\n<\/div>\n<\/div>\n\n\n    <\/div>\n<\/section>\n\n<section id=\"ls-section-block_b0102e0c3b5ef38d9269bb883d543e77\" class=\"ls-section  page-two has-background has-color-3-background-color has-p-t p-t-14 has-p-b p-b-14\" >\n        <div class=\"container container--wide\">\n        \n\n<div class=\"wp-block-columns is-layout-flex wp-container-core-columns-is-layout-9d6595d7 wp-block-columns-is-layout-flex\">\n<div class=\"wp-block-column left is-layout-flow wp-block-column-is-layout-flow\">\n<figure class=\"wp-block-image size-full animated fadeInRight delay-200ms slow\"><a href=\"https:\/\/www.camping-laclairiere.fr\/wp-content\/uploads\/2022\/12\/camping-avec-epicerie-landes.jpg\"><img decoding=\"async\" width=\"800\" height=\"532\" src=\"https:\/\/www.camping-laclairiere.fr\/wp-content\/uploads\/2022\/12\/camping-avec-epicerie-landes.jpg\" alt=\"campingplatz mit lebensmittelgesch\u00e4ft landesandes\" class=\"wp-image-1196\" srcset=\"https:\/\/www.camping-laclairiere.fr\/wp-content\/uploads\/2022\/12\/camping-avec-epicerie-landes.jpg 800w, https:\/\/www.camping-laclairiere.fr\/wp-content\/uploads\/2022\/12\/camping-avec-epicerie-landes-300x200.jpg 300w, https:\/\/www.camping-laclairiere.fr\/wp-content\/uploads\/2022\/12\/camping-avec-epicerie-landes-768x511.jpg 768w\" sizes=\"(max-width: 800px) 100vw, 800px\" \/><\/a><\/figure>\n\n\n\n<h3 class=\"ls__heading wp-block-heading deco-gauche m-t-5\">Aufbewahrung von Brot und Geb\u00e4ck<\/h3>\n\n\n\n<p class=\"ls-paragraph\">Sie brauchen nicht zum B\u00e4cker zu gehen oder Ihr Fr\u00fchst\u00fcck zu planen. Holen Sie sich am fr\u00fchen Morgen Ihr Brot und Geb\u00e4ck an der Bar des campingplatzes.<\/p>\n\n\n\n<h3 class=\"ls__heading wp-block-heading epicerie-titre\">Der Lebensmittelladen in St. Paul-en-Born<\/h3>\n\n\n\n<p class=\"ls-paragraph epicerie-paragraphe\">Auf dem Campingplatz ist der Lebensmittelladen zu <strong>denselben Zeiten<\/strong> ge\u00f6ffnet wie die Bar \/ Gastst\u00e4tte.<\/p>\n<\/div>\n\n\n\n<div class=\"wp-block-column right is-layout-flow wp-block-column-is-layout-flow\">\n<figure class=\"wp-block-image size-full pin\"><img decoding=\"async\" width=\"211\" height=\"227\" src=\"https:\/\/www.camping-laclairiere.fr\/wp-content\/uploads\/2022\/12\/pin.png\" alt=\"pins\" class=\"wp-image-660\" title=\"pin\"\/><\/figure>\n\n\n\n<h3 class=\"ls__heading wp-block-heading\">Bleiben Sie mit dem Wifi verbunden<\/h3>\n\n\n\n<p class=\"ls-paragraph\">Teilen Sie Ihre Erinnerungen jederzeit mit Ihren Lieben! Auf dem gesamten campingplatz gibt es kostenlosen <strong>WLAN-Zugang<\/strong>.<\/p>\n\n\n\n<h3 class=\"ls__heading wp-block-heading\">Die W\u00e4scherei<\/h3>\n\n\n\n<p class=\"ls-paragraph\">Auf dem campingplatz gibt es eine <strong>Selbstbedienungsw\u00e4scherei,<\/strong> die Ihnen einen stressfreien Urlaub erm\u00f6glicht. Die Maschine kostet 6\u20ac und der Trockner 3\u20ac. Ein B\u00fcgelbrett und ein B\u00fcgeleisen stehen Ihnen ebenfalls zur Verf\u00fcgung.<\/p>\n\n\n\n<figure class=\"wp-block-image size-full animated fadeInLeft delay-200ms slow\"><a href=\"https:\/\/www.camping-laclairiere.fr\/wp-content\/uploads\/2022\/12\/camping-avec-espace-laverie.jpg\"><img decoding=\"async\" width=\"800\" height=\"532\" src=\"https:\/\/www.camping-laclairiere.fr\/wp-content\/uploads\/2022\/12\/camping-avec-espace-laverie.jpg\" alt=\"campingplatz mit Waschgelegenheit\" class=\"wp-image-1192\" srcset=\"https:\/\/www.camping-laclairiere.fr\/wp-content\/uploads\/2022\/12\/camping-avec-espace-laverie.jpg 800w, https:\/\/www.camping-laclairiere.fr\/wp-content\/uploads\/2022\/12\/camping-avec-espace-laverie-300x200.jpg 300w, https:\/\/www.camping-laclairiere.fr\/wp-content\/uploads\/2022\/12\/camping-avec-espace-laverie-768x511.jpg 768w\" sizes=\"(max-width: 800px) 100vw, 800px\" \/><\/a><\/figure>\n<\/div>\n<\/div>\n\n\n    <\/div>\n<\/section>\n\n<section id=\"ls-section-block_024b573d18578f6db042120a6fb05573\" class=\"ls-section  page-one has-p-b p-b-14\" >\n        <div class=\"container container--wide\">\n        \n\n<div class=\"wp-block-columns is-layout-flex wp-container-core-columns-is-layout-9d6595d7 wp-block-columns-is-layout-flex\">\n<div class=\"wp-block-column right is-layout-flow wp-block-column-is-layout-flow\" style=\"flex-basis:66.66%\">\n<figure class=\"wp-block-image size-full animated fadeInUp delay-200ms slow\"><img decoding=\"async\" width=\"900\" height=\"600\" src=\"https:\/\/www.camping-laclairiere.fr\/wp-content\/uploads\/2023\/09\/La-Clairiere-Escapades_bar.jpg\" alt=\"\" class=\"wp-image-2627\" srcset=\"https:\/\/www.camping-laclairiere.fr\/wp-content\/uploads\/2023\/09\/La-Clairiere-Escapades_bar.jpg 900w, https:\/\/www.camping-laclairiere.fr\/wp-content\/uploads\/2023\/09\/La-Clairiere-Escapades_bar-300x200.jpg 300w, https:\/\/www.camping-laclairiere.fr\/wp-content\/uploads\/2023\/09\/La-Clairiere-Escapades_bar-768x512.jpg 768w\" sizes=\"(max-width: 900px) 100vw, 900px\" \/><\/figure>\n<\/div>\n\n\n\n<div class=\"wp-block-column is-vertically-aligned-center left is-layout-flow wp-block-column-is-layout-flow\" style=\"flex-basis:33.33%\">\n<figure class=\"wp-block-image size-full plante\"><img decoding=\"async\" width=\"220\" height=\"217\" src=\"https:\/\/www.camping-laclairiere.fr\/wp-content\/uploads\/2022\/12\/plante.png\" alt=\"Pflanze\" class=\"wp-image-654\"\/><\/figure>\n\n\n\n<h2 class=\"ls__heading wp-block-heading deco-gauche\" id=\"restaurant\">Gastst\u00e4tte in St. Paul-en-Born<\/h2>\n\n\n\n<p class=\"ls-paragraph\">Auf dem campingplatz la Clairi\u00e8re wird alles getan, um Ihren Aufenthalt in den Landes so angenehm wie m\u00f6glich zu gestalten. Nachdem Sie den Tag bei unseren <a href=\"https:\/\/www.camping-laclairiere.fr\/de\/camping-animationen-saint-paul-en-born\/\">Animationen<\/a> oder auf einer Sonnenliege am <a href=\"https:\/\/www.camping-laclairiere.fr\/de\/campingplatz-schwimmbad-saint-paul-en-born\/\">Pool verbracht haben<\/a>, k\u00f6nnen Sie mit Ihrer Familie oder mit <strong>Freunden die gesellige Atmosph\u00e4re<\/strong> unserer Bar\/Gastst\u00e4tte genie\u00dfen. Diese Gastst\u00e4tte ist im Juli und August mittags und abends ge\u00f6ffnet und bietet eine einfache, aber ansprechende Speisekarte mit Pizza, Steak mit Pommes frites, Salaten, H\u00e4hnchen, aber auch einigen Spezialit\u00e4ten des S\u00fcdwestens wie Foie gras oder Entenbrust. <\/p>\n\n\n\n<p class=\"ls-paragraph\">Ein <strong>Take-away-Service<\/strong> erm\u00f6glicht es Ihnen, an Ihrem Stellplatz zu essen, ohne selbst kochen zu m\u00fcssen. In der Bar finden Sie au\u00dferdem einige Dinge des t\u00e4glichen Bedarfs sowie ein Brotdepot, in dem jeden <strong>Morgen frisches Brot<\/strong> und Geb\u00e4ck auf Sie wartet.<\/p>\n<\/div>\n<\/div>\n\n\n    <\/div>\n<\/section>\n\n<section id=\"ls-section-block_da32b03502ce1614712ab23bb69a7383\" class=\"ls-section  page-avis has-background has-color-3-background-color has-p-t p-t-14 has-p-b p-b-14\" >\n        <div class=\"container \">\n        \n\n<div id=\"ls-heading ls-titre-div-block_a49b6875e8146340c695d2364707b590\" class=\"ls-titre-div deco-first  aligncenter h2-like has-m-b m-b-8\" >\n    Und unsere Kunden, was denken sie \u00fcber unsere Dienstleistungen?<\/div>\n\n\n<div class=\"avis-container-pages\"><div class=\"avis\"><div class=\"avis-content-container\"><div class=\"avis-text-container\"><div class=\"avis-name\">Matthieu M.<\/div><div class=\"avis-note\">\n                <span><i class=\"clairiere-star\"><\/i><\/span><span><i class=\"clairiere-star\"><\/i><\/span><span><i class=\"clairiere-star\"><\/i><\/span><span><i class=\"clairiere-star\"><\/i><\/span><span><i class=\"clairiere-star\"><\/i><\/span>\n                <\/div><div class=\"avis-content\"><p>Wir haben eine tolle Woche auf diesem campingplatz verbracht. Das Personal war sehr nett, <b>die Gastst\u00e4tte<\/b> gut und vor allem das Mobilheim sehr sauber.<\/p>\n<\/div><\/div><\/div><\/div><div class=\"avis\"><div class=\"avis-content-container\"><div class=\"avis-text-container\"><div class=\"avis-name\">Gilles D.<\/div><div class=\"avis-note\">\n                <span><i class=\"clairiere-star\"><\/i><\/span><span><i class=\"clairiere-star\"><\/i><\/span><span><i class=\"clairiere-star\"><\/i><\/span><span><i class=\"clairiere-star\"><\/i><\/span><span><i class=\"clairiere-star\"><\/i><\/span>\n                <\/div><div class=\"avis-content\"><p>Sehr ruhiger campingplatz mit unglaublich freundlichen Mitarbeitern Die <b>Gastst\u00e4tte<\/b> ist auch super nett, ich kann diesen campingplatz nur empfehlen!<\/p>\n<\/div><\/div><\/div><\/div><div class=\"avis\"><div class=\"avis-content-container\"><div class=\"avis-text-container\"><div class=\"avis-name\">Pierre-Alain M.<\/div><div class=\"avis-note\">\n                <span><i class=\"clairiere-star\"><\/i><\/span><span><i class=\"clairiere-star\"><\/i><\/span><span><i class=\"clairiere-star\"><\/i><\/span><span><i class=\"clairiere-star\"><\/i><\/span><span><i class=\"clairiere-star\"><\/i><\/span>\n                <\/div><div class=\"avis-content\"><p>Sehr sch\u00f6ner und ruhiger Familiencampingplatz. Der Kinderclub ist kostenlos! Es gibt ein sch\u00f6nes, beaufsichtigtes Schwimmbad. Der <b>Empfang<\/b> ist sehr herzlich und freundlich! Kurz gesagt, ich empfehle es.<\/p>\n<\/div><\/div><\/div><\/div><\/div>\n\n\n    <\/div>\n<\/section>\n\n<section id=\"ls-section-block_71ce9baea459e42b506bc1faf998d9a5\" class=\"ls-section  page-maillage has-background has-color-white-background-color has-p-t p-t-14 has-p-b p-b-14\" >\n        <div class=\"container container--wide\">\n        \n\n<div id=\"ls-heading ls-titre-div-block_318ac6d1a27ebea815c5eb941ff5606c\" class=\"ls-titre-div deco-centre aligncenter h2-like\" >\n    Entdecken Sie die Animationen und den Pool unseres campingplatzes<\/div>\n\n\n<div id=\"ls-maillage-block_7da420c2bf641ada99254a321b399d77\" class=\"ls-maillage cta-style-normal has-p-t p-t-8\" data-rows=\"3\">\n    <div class=\"wp-block-columns\"><div class=\"wp-block-column\">\n\n<a href=\"https:\/\/www.camping-laclairiere.fr\/de\/camping-animationen-saint-paul-en-born\/\" target=\"\" rel=\"noopener\" class=\"ls-cta__link\">\n\n\t<div class=\"ls-cta__image\"><img decoding=\"async\" src=\"https:\/\/www.camping-laclairiere.fr\/wp-content\/uploads\/2022\/12\/camping-avec-animations-dans-les-landes-768x511.jpg\" alt=\"camping avec animations dans les landes\"><\/div>\n\t<div class=\"ls-cta__title\">\n\t\tAnimations\t<\/div>\n\n\t\t\n<\/a><\/div><div class=\"wp-block-column\">\n\n<a href=\"https:\/\/www.camping-laclairiere.fr\/de\/campingplatz-rivierufer-saint-paul-en-born\/\" target=\"\" rel=\"noopener\" class=\"ls-cta__link\">\n\n\t<div class=\"ls-cta__image\"><img decoding=\"async\" src=\"https:\/\/www.camping-laclairiere.fr\/wp-content\/uploads\/2022\/12\/riviere-camping-la-clairiere-768x511.jpg\" alt=\"riviere camping la clairiere\"><\/div>\n\t<div class=\"ls-cta__title\">\n\t\tFlussufer\t<\/div>\n\n\t\t\n<\/a><\/div><div class=\"wp-block-column\">\n\n<a href=\"https:\/\/www.camping-laclairiere.fr\/de\/campingplatz-schwimmbad-saint-paul-en-born\/\" target=\"\" rel=\"noopener\" class=\"ls-cta__link\">\n\n\t<div class=\"ls-cta__image\"><img decoding=\"async\" src=\"https:\/\/www.camping-laclairiere.fr\/wp-content\/uploads\/2022\/12\/piscine-chauffee-camping-la-clairiere-768x511.jpg\" alt=\"piscine chauffee camping la clairiere\"><\/div>\n\t<div class=\"ls-cta__title\">\n\t\tDer Pool\t<\/div>\n\n\t\t\n<\/a><\/div><\/div><\/div>\n\n    <\/div>\n<\/section>","protected":false},"excerpt":{"rendered":"","protected":false},"author":1,"featured_media":2631,"parent":0,"menu_order":0,"comment_status":"closed","ping_status":"closed","template":"","meta":{"_acf_changed":false,"footnotes":""},"sujet":[],"class_list":["post-1999","page","type-page","status-publish","has-post-thumbnail","hentry"],"acf":[],"yoast_head":"<!-- This site is optimized with the Yoast SEO plugin v25.3 - https:\/\/yoast.com\/wordpress\/plugins\/seo\/ -->\n<title>Gastst\u00e4tte und Ausflugstipps | La Clairi\u00e8re<\/title>\n<meta name=\"description\" content=\"Angenehmer Aufenthalt mit seiner Bar und Gastst\u00e4tte, Produkten des t\u00e4glichen Bedarfs und einem Team, das Sie gerne ber\u00e4t.\" \/>\n<meta name=\"robots\" content=\"index, follow, max-snippet:-1, max-image-preview:large, max-video-preview:-1\" \/>\n<link rel=\"canonical\" href=\"https:\/\/www.camping-laclairiere.fr\/de\/campingplatz-familie-saint-paul-en-born\/\" \/>\n<meta property=\"og:locale\" content=\"de_DE\" \/>\n<meta property=\"og:type\" content=\"article\" \/>\n<meta property=\"og:title\" content=\"Gastst\u00e4tte und Ausflugstipps | La Clairi\u00e8re\" \/>\n<meta property=\"og:description\" content=\"Angenehmer Aufenthalt mit seiner Bar und Gastst\u00e4tte, Produkten des t\u00e4glichen Bedarfs und einem Team, das Sie gerne ber\u00e4t.\" \/>\n<meta property=\"og:url\" content=\"https:\/\/www.camping-laclairiere.fr\/de\/campingplatz-familie-saint-paul-en-born\/\" \/>\n<meta property=\"og:site_name\" content=\"Camping La Clairi\u00e8re\" \/>\n<meta property=\"article:modified_time\" content=\"2024-07-08T13:00:16+00:00\" \/>\n<meta property=\"og:image\" content=\"https:\/\/www.camping-laclairiere.fr\/wp-content\/uploads\/2023\/09\/La-Clairiere-Escapades_banner-restaurant.jpg\" \/>\n\t<meta property=\"og:image:width\" content=\"1920\" \/>\n\t<meta property=\"og:image:height\" content=\"712\" \/>\n\t<meta property=\"og:image:type\" content=\"image\/jpeg\" \/>\n<meta name=\"twitter:card\" content=\"summary_large_image\" \/>\n<meta name=\"twitter:label1\" content=\"Gesch\u00e4tzte Lesezeit\" \/>\n\t<meta name=\"twitter:data1\" content=\"4\u00a0Minuten\" \/>\n<script type=\"application\/ld+json\" class=\"yoast-schema-graph\">{\"@context\":\"https:\/\/schema.org\",\"@graph\":[{\"@type\":\"WebPage\",\"@id\":\"https:\/\/www.camping-laclairiere.fr\/de\/campingplatz-familie-saint-paul-en-born\/\",\"url\":\"https:\/\/www.camping-laclairiere.fr\/de\/campingplatz-familie-saint-paul-en-born\/\",\"name\":\"Gastst\u00e4tte und Ausflugstipps | La Clairi\u00e8re\",\"isPartOf\":{\"@id\":\"https:\/\/www.camping-laclairiere.fr\/fr\/#website\"},\"primaryImageOfPage\":{\"@id\":\"https:\/\/www.camping-laclairiere.fr\/de\/campingplatz-familie-saint-paul-en-born\/#primaryimage\"},\"image\":{\"@id\":\"https:\/\/www.camping-laclairiere.fr\/de\/campingplatz-familie-saint-paul-en-born\/#primaryimage\"},\"thumbnailUrl\":\"https:\/\/www.camping-laclairiere.fr\/wp-content\/uploads\/2023\/09\/La-Clairiere-Escapades_banner-restaurant.jpg\",\"datePublished\":\"2023-01-06T13:49:20+00:00\",\"dateModified\":\"2024-07-08T13:00:16+00:00\",\"description\":\"Angenehmer Aufenthalt mit seiner Bar und Gastst\u00e4tte, Produkten des t\u00e4glichen Bedarfs und einem Team, das Sie gerne ber\u00e4t.\",\"breadcrumb\":{\"@id\":\"https:\/\/www.camping-laclairiere.fr\/de\/campingplatz-familie-saint-paul-en-born\/#breadcrumb\"},\"inLanguage\":\"de\",\"potentialAction\":[{\"@type\":\"ReadAction\",\"target\":[\"https:\/\/www.camping-laclairiere.fr\/de\/campingplatz-familie-saint-paul-en-born\/\"]}]},{\"@type\":\"ImageObject\",\"inLanguage\":\"de\",\"@id\":\"https:\/\/www.camping-laclairiere.fr\/de\/campingplatz-familie-saint-paul-en-born\/#primaryimage\",\"url\":\"https:\/\/www.camping-laclairiere.fr\/wp-content\/uploads\/2023\/09\/La-Clairiere-Escapades_banner-restaurant.jpg\",\"contentUrl\":\"https:\/\/www.camping-laclairiere.fr\/wp-content\/uploads\/2023\/09\/La-Clairiere-Escapades_banner-restaurant.jpg\",\"width\":1920,\"height\":712},{\"@type\":\"BreadcrumbList\",\"@id\":\"https:\/\/www.camping-laclairiere.fr\/de\/campingplatz-familie-saint-paul-en-born\/#breadcrumb\",\"itemListElement\":[{\"@type\":\"ListItem\",\"position\":1,\"name\":\"Camping Landes\",\"item\":\"https:\/\/www.camping-laclairiere.fr\/de\/\"},{\"@type\":\"ListItem\",\"position\":2,\"name\":\"Die Dienste\"}]},{\"@type\":\"WebSite\",\"@id\":\"https:\/\/www.camping-laclairiere.fr\/fr\/#website\",\"url\":\"https:\/\/www.camping-laclairiere.fr\/fr\/\",\"name\":\"Camping La Clairi\u00e8re\",\"description\":\"\",\"publisher\":{\"@id\":\"https:\/\/www.camping-laclairiere.fr\/fr\/#organization\"},\"potentialAction\":[{\"@type\":\"SearchAction\",\"target\":{\"@type\":\"EntryPoint\",\"urlTemplate\":\"https:\/\/www.camping-laclairiere.fr\/fr\/?s={search_term_string}\"},\"query-input\":{\"@type\":\"PropertyValueSpecification\",\"valueRequired\":true,\"valueName\":\"search_term_string\"}}],\"inLanguage\":\"de\"},{\"@type\":\"Organization\",\"@id\":\"https:\/\/www.camping-laclairiere.fr\/fr\/#organization\",\"name\":\"Camping La Clairi\u00e8re\",\"url\":\"https:\/\/www.camping-laclairiere.fr\/fr\/\",\"logo\":{\"@type\":\"ImageObject\",\"inLanguage\":\"de\",\"@id\":\"https:\/\/www.camping-laclairiere.fr\/fr\/#\/schema\/logo\/image\/\",\"url\":\"https:\/\/www.camping-laclairiere.fr\/wp-content\/uploads\/2022\/12\/logo-camping-la-clairiere.png\",\"contentUrl\":\"https:\/\/www.camping-laclairiere.fr\/wp-content\/uploads\/2022\/12\/logo-camping-la-clairiere.png\",\"width\":317,\"height\":111,\"caption\":\"Camping La Clairi\u00e8re\"},\"image\":{\"@id\":\"https:\/\/www.camping-laclairiere.fr\/fr\/#\/schema\/logo\/image\/\"}}]}<\/script>\n<!-- \/ Yoast SEO plugin. -->","yoast_head_json":{"title":"Gastst\u00e4tte und Ausflugstipps | La Clairi\u00e8re","description":"Angenehmer Aufenthalt mit seiner Bar und Gastst\u00e4tte, Produkten des t\u00e4glichen Bedarfs und einem Team, das Sie gerne ber\u00e4t.","robots":{"index":"index","follow":"follow","max-snippet":"max-snippet:-1","max-image-preview":"max-image-preview:large","max-video-preview":"max-video-preview:-1"},"canonical":"https:\/\/www.camping-laclairiere.fr\/de\/campingplatz-familie-saint-paul-en-born\/","og_locale":"de_DE","og_type":"article","og_title":"Gastst\u00e4tte und Ausflugstipps | La Clairi\u00e8re","og_description":"Angenehmer Aufenthalt mit seiner Bar und Gastst\u00e4tte, Produkten des t\u00e4glichen Bedarfs und einem Team, das Sie gerne ber\u00e4t.","og_url":"https:\/\/www.camping-laclairiere.fr\/de\/campingplatz-familie-saint-paul-en-born\/","og_site_name":"Camping La Clairi\u00e8re","article_modified_time":"2024-07-08T13:00:16+00:00","og_image":[{"width":1920,"height":712,"url":"https:\/\/www.camping-laclairiere.fr\/wp-content\/uploads\/2023\/09\/La-Clairiere-Escapades_banner-restaurant.jpg","type":"image\/jpeg"}],"twitter_card":"summary_large_image","twitter_misc":{"Gesch\u00e4tzte Lesezeit":"4\u00a0Minuten"},"schema":{"@context":"https:\/\/schema.org","@graph":[{"@type":"WebPage","@id":"https:\/\/www.camping-laclairiere.fr\/de\/campingplatz-familie-saint-paul-en-born\/","url":"https:\/\/www.camping-laclairiere.fr\/de\/campingplatz-familie-saint-paul-en-born\/","name":"Gastst\u00e4tte und Ausflugstipps | La Clairi\u00e8re","isPartOf":{"@id":"https:\/\/www.camping-laclairiere.fr\/fr\/#website"},"primaryImageOfPage":{"@id":"https:\/\/www.camping-laclairiere.fr\/de\/campingplatz-familie-saint-paul-en-born\/#primaryimage"},"image":{"@id":"https:\/\/www.camping-laclairiere.fr\/de\/campingplatz-familie-saint-paul-en-born\/#primaryimage"},"thumbnailUrl":"https:\/\/www.camping-laclairiere.fr\/wp-content\/uploads\/2023\/09\/La-Clairiere-Escapades_banner-restaurant.jpg","datePublished":"2023-01-06T13:49:20+00:00","dateModified":"2024-07-08T13:00:16+00:00","description":"Angenehmer Aufenthalt mit seiner Bar und Gastst\u00e4tte, Produkten des t\u00e4glichen Bedarfs und einem Team, das Sie gerne ber\u00e4t.","breadcrumb":{"@id":"https:\/\/www.camping-laclairiere.fr\/de\/campingplatz-familie-saint-paul-en-born\/#breadcrumb"},"inLanguage":"de","potentialAction":[{"@type":"ReadAction","target":["https:\/\/www.camping-laclairiere.fr\/de\/campingplatz-familie-saint-paul-en-born\/"]}]},{"@type":"ImageObject","inLanguage":"de","@id":"https:\/\/www.camping-laclairiere.fr\/de\/campingplatz-familie-saint-paul-en-born\/#primaryimage","url":"https:\/\/www.camping-laclairiere.fr\/wp-content\/uploads\/2023\/09\/La-Clairiere-Escapades_banner-restaurant.jpg","contentUrl":"https:\/\/www.camping-laclairiere.fr\/wp-content\/uploads\/2023\/09\/La-Clairiere-Escapades_banner-restaurant.jpg","width":1920,"height":712},{"@type":"BreadcrumbList","@id":"https:\/\/www.camping-laclairiere.fr\/de\/campingplatz-familie-saint-paul-en-born\/#breadcrumb","itemListElement":[{"@type":"ListItem","position":1,"name":"Camping Landes","item":"https:\/\/www.camping-laclairiere.fr\/de\/"},{"@type":"ListItem","position":2,"name":"Die Dienste"}]},{"@type":"WebSite","@id":"https:\/\/www.camping-laclairiere.fr\/fr\/#website","url":"https:\/\/www.camping-laclairiere.fr\/fr\/","name":"Camping La Clairi\u00e8re","description":"","publisher":{"@id":"https:\/\/www.camping-laclairiere.fr\/fr\/#organization"},"potentialAction":[{"@type":"SearchAction","target":{"@type":"EntryPoint","urlTemplate":"https:\/\/www.camping-laclairiere.fr\/fr\/?s={search_term_string}"},"query-input":{"@type":"PropertyValueSpecification","valueRequired":true,"valueName":"search_term_string"}}],"inLanguage":"de"},{"@type":"Organization","@id":"https:\/\/www.camping-laclairiere.fr\/fr\/#organization","name":"Camping La Clairi\u00e8re","url":"https:\/\/www.camping-laclairiere.fr\/fr\/","logo":{"@type":"ImageObject","inLanguage":"de","@id":"https:\/\/www.camping-laclairiere.fr\/fr\/#\/schema\/logo\/image\/","url":"https:\/\/www.camping-laclairiere.fr\/wp-content\/uploads\/2022\/12\/logo-camping-la-clairiere.png","contentUrl":"https:\/\/www.camping-laclairiere.fr\/wp-content\/uploads\/2022\/12\/logo-camping-la-clairiere.png","width":317,"height":111,"caption":"Camping La Clairi\u00e8re"},"image":{"@id":"https:\/\/www.camping-laclairiere.fr\/fr\/#\/schema\/logo\/image\/"}}]}},"_links":{"self":[{"href":"https:\/\/www.camping-laclairiere.fr\/de\/wp-json\/wp\/v2\/pages\/1999","targetHints":{"allow":["GET"]}}],"collection":[{"href":"https:\/\/www.camping-laclairiere.fr\/de\/wp-json\/wp\/v2\/pages"}],"about":[{"href":"https:\/\/www.camping-laclairiere.fr\/de\/wp-json\/wp\/v2\/types\/page"}],"author":[{"embeddable":true,"href":"https:\/\/www.camping-laclairiere.fr\/de\/wp-json\/wp\/v2\/users\/1"}],"replies":[{"embeddable":true,"href":"https:\/\/www.camping-laclairiere.fr\/de\/wp-json\/wp\/v2\/comments?post=1999"}],"version-history":[{"count":13,"href":"https:\/\/www.camping-laclairiere.fr\/de\/wp-json\/wp\/v2\/pages\/1999\/revisions"}],"predecessor-version":[{"id":2913,"href":"https:\/\/www.camping-laclairiere.fr\/de\/wp-json\/wp\/v2\/pages\/1999\/revisions\/2913"}],"wp:featuredmedia":[{"embeddable":true,"href":"https:\/\/www.camping-laclairiere.fr\/de\/wp-json\/wp\/v2\/media\/2631"}],"wp:attachment":[{"href":"https:\/\/www.camping-laclairiere.fr\/de\/wp-json\/wp\/v2\/media?parent=1999"}],"wp:term":[{"taxonomy":"sujet","embeddable":true,"href":"https:\/\/www.camping-laclairiere.fr\/de\/wp-json\/wp\/v2\/sujet?post=1999"}],"curies":[{"name":"wp","href":"https:\/\/api.w.org\/{rel}","templated":true}]}}