{"id":1987,"date":"2023-01-06T14:20:43","date_gmt":"2023-01-06T13:20:43","guid":{"rendered":"https:\/\/www.camping-laclairiere.fr\/aktivitaeten-landes\/"},"modified":"2023-01-20T10:34:32","modified_gmt":"2023-01-20T09:34:32","slug":"aktivitaeten-landes","status":"publish","type":"page","link":"https:\/\/www.camping-laclairiere.fr\/de\/aktivitaeten-landes\/","title":{"rendered":"Aktivit\u00e4ten rund um"},"content":{"rendered":"<section id=\"ls-section-block_ca641d8b4fb663c1d815831094a78044\" class=\"ls-section  page-intro\" >\n        <div class=\"container \">\n        \n\n<h1 class=\"ls__heading has-text-align-center aquarelle deco-centre wp-block-heading\">Familienfreundliche Aktivit\u00e4ten rund um den campingplatz<\/h1>\n\n\n    <\/div>\n<\/section>\n\n<section id=\"ls-section-block_c90da18ee9e145b9c1106b956fd3ecf5\" class=\"ls-section  page-one has-p-b p-b-14\" >\n        <div class=\"container container--wide\">\n        \n\n<div class=\"wp-block-columns is-layout-flex wp-container-core-columns-is-layout-9d6595d7 wp-block-columns-is-layout-flex\">\n<div class=\"wp-block-column is-vertically-aligned-center left is-layout-flow wp-block-column-is-layout-flow\" style=\"flex-basis:33.33%\">\n<figure class=\"wp-block-image size-full plante\"><img decoding=\"async\" width=\"220\" height=\"217\" src=\"https:\/\/www.camping-laclairiere.fr\/wp-content\/uploads\/2022\/12\/plante.png\" alt=\"Pflanze\" class=\"wp-image-654\"\/><\/figure>\n\n\n\n<h2 class=\"ls__heading deco-gauche wp-block-heading\">Landes Abenteuer<\/h2>\n\n\n\n<p class=\"ls-paragraph\">Mit 120 Workshops f\u00fcr alle Altersgruppen empf\u00e4ngt Sie der Hochseilgarten Landes Aventure im Wald von Mimizan zu einem Spaziergang in den B\u00e4umen. Alle Altersgruppen werden in diesem Park ihre Freude haben. Von den Kleinsten mit den Junior-Parcours, die ab 2 Jahren zug\u00e4nglich sind, bis hin zu den Freunden <strong>des Nervenkitzels<\/strong> mit der l\u00e4ngsten Seilrutsche im S\u00fcdwesten! Und nur 15min vom <a href=\"\/de\/\">campingplatz La Clairi\u00e8re<\/a> entfernt!<\/p>\n\n\n\n<h2 class=\"ls__heading deco-gauche wp-block-heading\">Kanufahren auf den Fl\u00fcssen der Landes<\/h2>\n\n\n\n<p class=\"ls-paragraph\">Der Club Cano\u00eb Aventure bietet Ihnen die M\u00f6glichkeit, den Wald der Landes mit neuen Augen zu entdecken, indem Sie den Fluss Forges, einen noch wilden Wasserlauf, mit dem Kanu oder Kajak hinunterfahren. Es werden Ihnen zwei Strecken angeboten: 1,5 oder 2,5 Stunden.<\/p>\n<\/div>\n\n\n\n<div class=\"wp-block-column is-vertically-aligned-center right is-layout-flow wp-block-column-is-layout-flow\" style=\"flex-basis:66.66%\">\n<figure class=\"wp-block-image size-full animated fadeInUp delay-200ms slow\"><img decoding=\"async\" width=\"800\" height=\"532\" src=\"https:\/\/www.camping-laclairiere.fr\/wp-content\/uploads\/2023\/01\/canoe-kayak-mimizan.jpg\" alt=\"canoe kayak mimizan\" class=\"wp-image-1537\" srcset=\"https:\/\/www.camping-laclairiere.fr\/wp-content\/uploads\/2023\/01\/canoe-kayak-mimizan.jpg 800w, https:\/\/www.camping-laclairiere.fr\/wp-content\/uploads\/2023\/01\/canoe-kayak-mimizan-300x200.jpg 300w, https:\/\/www.camping-laclairiere.fr\/wp-content\/uploads\/2023\/01\/canoe-kayak-mimizan-768x511.jpg 768w\" sizes=\"(max-width: 800px) 100vw, 800px\" \/><\/figure>\n<\/div>\n<\/div>\n\n\n    <\/div>\n<\/section>\n\n<section id=\"ls-section-block_09c2ca90f2ed366a46eda0f239b499e2\" class=\"ls-section  page-two has-background has-color-3-background-color has-p-t p-t-14 has-p-b p-b-14\" >\n        <div class=\"container container--wide\">\n        \n\n<div class=\"wp-block-columns is-layout-flex wp-container-core-columns-is-layout-9d6595d7 wp-block-columns-is-layout-flex\">\n<div class=\"wp-block-column is-vertically-aligned-center left is-layout-flow wp-block-column-is-layout-flow\">\n<figure class=\"wp-block-gallery has-nested-images columns-2 is-cropped wp-block-gallery-1 is-layout-flex wp-block-gallery-is-layout-flex\">\n<figure class=\"wp-block-image size-large\"><img decoding=\"async\" width=\"900\" height=\"602\" data-id=\"2327\" src=\"https:\/\/www.camping-laclairiere.fr\/wp-content\/uploads\/2023\/01\/surf-landes.webp\" alt=\"surf landes\" class=\"wp-image-2327\" srcset=\"https:\/\/www.camping-laclairiere.fr\/wp-content\/uploads\/2023\/01\/surf-landes.webp 900w, https:\/\/www.camping-laclairiere.fr\/wp-content\/uploads\/2023\/01\/surf-landes-300x201.webp 300w, https:\/\/www.camping-laclairiere.fr\/wp-content\/uploads\/2023\/01\/surf-landes-768x514.webp 768w\" sizes=\"(max-width: 900px) 100vw, 900px\" \/><\/figure>\n\n\n\n<figure class=\"wp-block-image size-large\"><img decoding=\"async\" width=\"900\" height=\"600\" data-id=\"2344\" src=\"https:\/\/www.camping-laclairiere.fr\/wp-content\/uploads\/2023\/01\/paddle-landes.webp\" alt=\"paddle landes\" class=\"wp-image-2344\" srcset=\"https:\/\/www.camping-laclairiere.fr\/wp-content\/uploads\/2023\/01\/paddle-landes.webp 900w, https:\/\/www.camping-laclairiere.fr\/wp-content\/uploads\/2023\/01\/paddle-landes-300x200.webp 300w, https:\/\/www.camping-laclairiere.fr\/wp-content\/uploads\/2023\/01\/paddle-landes-768x512.webp 768w\" sizes=\"(max-width: 900px) 100vw, 900px\" \/><\/figure>\n\n\n\n<figure class=\"wp-block-image size-large\"><img decoding=\"async\" width=\"800\" height=\"532\" data-id=\"1534\" src=\"https:\/\/www.camping-laclairiere.fr\/wp-content\/uploads\/2023\/01\/camping-surf-landes.jpg\" alt=\"camping surf landes\" class=\"wp-image-1534\" srcset=\"https:\/\/www.camping-laclairiere.fr\/wp-content\/uploads\/2023\/01\/camping-surf-landes.jpg 800w, https:\/\/www.camping-laclairiere.fr\/wp-content\/uploads\/2023\/01\/camping-surf-landes-300x200.jpg 300w, https:\/\/www.camping-laclairiere.fr\/wp-content\/uploads\/2023\/01\/camping-surf-landes-768x511.jpg 768w\" sizes=\"(max-width: 800px) 100vw, 800px\" \/><\/figure>\n<\/figure>\n<\/div>\n\n\n\n<div class=\"wp-block-column is-vertically-aligned-center right is-layout-flow wp-block-column-is-layout-flow\">\n<figure class=\"wp-block-image size-full pin\"><img decoding=\"async\" width=\"211\" height=\"227\" src=\"https:\/\/www.camping-laclairiere.fr\/wp-content\/uploads\/2022\/12\/pin.png\" alt=\"pins\" class=\"wp-image-660\" title=\"pin\"\/><\/figure>\n\n\n\n<h2 class=\"ls__heading deco-gauche wp-block-heading\">Paradies des Gleitens<\/h2>\n\n\n\n<p class=\"ls-paragraph\">Von M\u00e4rz bis Oktober empf\u00e4ngt Sie die <strong>Surfschule<\/strong> von Mimizan ab 8 Jahren, um Sie in die Freuden des Surfens und des Gleitens einzuf\u00fchren. Ob allein oder in der Gruppe, in diesen 1,5-st\u00fcndigen Lektionen lernen Sie die Freuden des Surfens auf den Wellen des Atlantischen Ozeans kennen. Die Surfschule verleiht auch Material, wenn Sie alleine surfen m\u00f6chten.<\/p>\n\n\n\n<h2 class=\"ls__heading deco-gauche wp-block-heading\">Nautischer Zirkel<\/h2>\n\n\n\n<p class=\"ls-paragraph\">Im Herzen des Waldes der Landes, in einem 44 Hektar gro\u00dfen, wundersch\u00f6nen Naturgebiet, das als Natura 2000 eingestuft ist, liegt das nautischer Kreis von Mimizan empf\u00e4ngt Sie an den Ufern des Teichs von Aureilhan und bietet Ihnen eine gro\u00dfe Auswahl an<strong>Wassersportaktivit\u00e4ten<\/strong> (Segeln, Stand up paddle, Elektroboote, Rudern usw.), die Sie in einer au\u00dfergew\u00f6hnlichen Umgebung aus\u00fcben k\u00f6nnen.<\/p>\n<\/div>\n<\/div>\n\n\n\n<div class=\"wp-block-columns is-layout-flex wp-container-core-columns-is-layout-9d6595d7 wp-block-columns-is-layout-flex\">\n<div class=\"wp-block-column is-vertically-aligned-center left is-layout-flow wp-block-column-is-layout-flow\">\n<h2 class=\"ls__heading deco-gauche wp-block-heading\">My Mizen Form<\/h2>\n\n\n\n<p class=\"ls-paragraph\">In Mimizan empf\u00e4ngt Sie das Fitnessstudio &#8222;My Mizen Form&#8220; nur wenige Kilometer von unserem campingplatz in den Landes entfernt. Dies ist der ideale Ort, um im Urlaub <strong>wieder in Form<\/strong> zu kommen. Mit 2 \u00dcbungsleitern und neuer Ausr\u00fcstung bietet sie Zumba, Kardiotraining usw. sowie freien Zugang zu ihrem Fitnessraum.<\/p>\n\n\n\n<h2 class=\"ls__heading deco-gauche wp-block-heading\">Marienk\u00e4fer in Gujan Mestras<\/h2>\n\n\n\n<p class=\"ls-paragraph\">Dieser originelle Park hat Haustiere zum Thema. Neben den Fahrgesch\u00e4ften lieben es die Kinder, hier die Tiere des <strong>Bauernhofs<\/strong> und einige ungew\u00f6hnliche Arten wie das Lama oder das Schaf mit vier H\u00f6rnern zu entdecken. Im <strong>Mini-Bauernhof<\/strong> k\u00f6nnen sie sich diesen Tieren n\u00e4hern und sie streicheln. Die Lieblingszeit der Kinder ist jedoch nach wie vor die Fl\u00e4schchenzeit, wenn sie L\u00e4mmer, K\u00e4lber oder kleine Pferde tr\u00e4nken k\u00f6nnen. Ein Moment des puren Gl\u00fccks f\u00fcr die Kinder und wundersch\u00f6ne Erinnerungsfotos f\u00fcr die Eltern!<\/p>\n<\/div>\n\n\n\n<div class=\"wp-block-column is-vertically-aligned-center right is-layout-flow wp-block-column-is-layout-flow\">\n<figure class=\"wp-block-image size-full animated fadeInLeft delay-200ms slow\"><a href=\"https:\/\/www.camping-laclairiere.fr\/wp-content\/uploads\/2022\/12\/mini-ferme-gujan-mestras.jpg\"><img decoding=\"async\" width=\"800\" height=\"532\" src=\"https:\/\/www.camping-laclairiere.fr\/wp-content\/uploads\/2022\/12\/mini-ferme-gujan-mestras.jpg\" alt=\"Mini-Bauernhof Gujan Mestras\" class=\"wp-image-1248\" srcset=\"https:\/\/www.camping-laclairiere.fr\/wp-content\/uploads\/2022\/12\/mini-ferme-gujan-mestras.jpg 800w, https:\/\/www.camping-laclairiere.fr\/wp-content\/uploads\/2022\/12\/mini-ferme-gujan-mestras-300x200.jpg 300w, https:\/\/www.camping-laclairiere.fr\/wp-content\/uploads\/2022\/12\/mini-ferme-gujan-mestras-768x511.jpg 768w\" sizes=\"(max-width: 800px) 100vw, 800px\" \/><\/a><\/figure>\n<\/div>\n<\/div>\n\n\n    <\/div>\n<\/section>\n\n<section id=\"ls-section-block_a7e1712820398ad1b2cab1a58e4e4e30\" class=\"ls-section \" >\n        <div class=\"container container--wide\">\n        \n\n<div class=\"wp-block-columns is-layout-flex wp-container-core-columns-is-layout-9d6595d7 wp-block-columns-is-layout-flex\">\n<div class=\"wp-block-column is-vertically-aligned-center right is-layout-flow wp-block-column-is-layout-flow\" style=\"flex-basis:66.66%\">\n<figure class=\"wp-block-image size-full animated fadeInUp delay-200ms slow\"><img decoding=\"async\" width=\"800\" height=\"532\" src=\"https:\/\/www.camping-laclairiere.fr\/wp-content\/uploads\/2022\/12\/aqualand-gujan-mestras.jpg\" alt=\"aqualand gujan mestras\" class=\"wp-image-1254\" srcset=\"https:\/\/www.camping-laclairiere.fr\/wp-content\/uploads\/2022\/12\/aqualand-gujan-mestras.jpg 800w, https:\/\/www.camping-laclairiere.fr\/wp-content\/uploads\/2022\/12\/aqualand-gujan-mestras-300x200.jpg 300w, https:\/\/www.camping-laclairiere.fr\/wp-content\/uploads\/2022\/12\/aqualand-gujan-mestras-768x511.jpg 768w\" sizes=\"(max-width: 800px) 100vw, 800px\" \/><\/figure>\n<\/div>\n\n\n\n<div class=\"wp-block-column is-vertically-aligned-center left is-layout-flow wp-block-column-is-layout-flow\" style=\"flex-basis:33.33%\">\n<h2 class=\"ls__heading deco-gauche wp-block-heading\">Kid Parc in Gujan Mestras<\/h2>\n\n\n\n<p class=\"ls-paragraph\">Geeignet f\u00fcr Kinder von 2 bis 12 Jahren, wird dieser Vergn\u00fcgungspark, Kid Parc, Ihre Kinder gl\u00fccklich machen! Eingebettet auf einer Insel, die von einem Fluss umflossen wird, bietet dieser Park mit dem Thema Piraten Dutzende von <strong>aufregenden Attraktionen<\/strong> wie Achterbahnen, aber auch ruhigere Fahrgesch\u00e4fte f\u00fcr j\u00fcngere Kinder. Der Park ist f\u00fcr Kinder gedacht, aber auch die Eltern werden ihren Spa\u00df haben.<\/p>\n\n\n\n<h2 class=\"ls__heading deco-gauche wp-block-heading\">Aqualand in Gujan Mestras<\/h2>\n\n\n\n<p class=\"ls-paragraph\">Aqualand ist der gr\u00f6\u00dfte Wasserpark an der Atlantikk\u00fcste. Hier haben Gro\u00df und Klein Spa\u00df daran, in den Pools zu tauchen und auf <strong>den Wasserrutschen<\/strong> zu rutschen. W\u00e4hrend einige Attraktionen mit ihren schwindelerregenden Abh\u00e4ngen nur etwas f\u00fcr <strong>Nervenkitzel-Fans<\/strong> sind, wird der Wasserspielplatz Kids World die Kleinsten gl\u00fccklich machen. Eine Erfrischungsblase an hei\u00dfen Sommertagen!<\/p>\n<\/div>\n<\/div>\n\n\n    <\/div>\n<\/section>\n\n<section id=\"ls-section-block_3b7ee6eb46225d902e5a730c1b5f99ea\" class=\"ls-section  page-maillage has-background has-color-3-background-color has-p-t p-t-14 has-p-b p-b-14\" >\n        <div class=\"container container--wide\">\n        \n\n<div id=\"ls-heading ls-titre-div-block_c9578b2e9036f6bd31c7e5d36a2b4d88\" class=\"ls-titre-div deco-centre aligncenter h2-like\" >\n    Entdeckenswertes in der Umgebung des campingplatzes<\/div>\n\n\n<div id=\"ls-maillage-block_5ec44a8bf538b2bc6d70a2176493054f\" class=\"ls-maillage cta-style-normal has-p-t p-t-8\" data-rows=\"3\">\n    <div class=\"wp-block-columns\"><div class=\"wp-block-column\">\n\n<a href=\"https:\/\/www.camping-laclairiere.fr\/de\/camping-animationen-saint-paul-en-born\/\" target=\"\" rel=\"noopener\" class=\"ls-cta__link\">\n\n\t<div class=\"ls-cta__image\"><img decoding=\"async\" src=\"https:\/\/www.camping-laclairiere.fr\/wp-content\/uploads\/2022\/12\/camping-avec-animations-dans-les-landes-768x511.jpg\" alt=\"camping avec animations dans les landes\"><\/div>\n\t<div class=\"ls-cta__title\">\n\t\tAnimations\t<\/div>\n\n\t\t\n<\/a><\/div><div class=\"wp-block-column\">\n\n<a href=\"https:\/\/www.camping-laclairiere.fr\/de\/tourismus-landes\/\" target=\"\" rel=\"noopener\" class=\"ls-cta__link\">\n\n\t<div class=\"ls-cta__image\"><img decoding=\"async\" src=\"https:\/\/www.camping-laclairiere.fr\/wp-content\/uploads\/2022\/12\/camping-la-clairiere-dans-la-foret-landaise.jpg\" alt=\"camping la clairiere dans la foret landaise\"><\/div>\n\t<div class=\"ls-cta__title\">\n\t\tDie Landes\t<\/div>\n\n\t\t\n<\/a><\/div><div class=\"wp-block-column\">\n\n<a href=\"https:\/\/www.camping-laclairiere.fr\/de\/campingplatz-familie-saint-paul-en-born\/\" target=\"\" rel=\"noopener\" class=\"ls-cta__link\">\n\n\t<div class=\"ls-cta__image\"><img decoding=\"async\" src=\"https:\/\/www.camping-laclairiere.fr\/wp-content\/uploads\/2022\/12\/vienoisserie-et-depot-de-pain-la-clairiere-landes.jpg\" alt=\"depot pain viennoiserie\"><\/div>\n\t<div class=\"ls-cta__title\">\n\t\tGastst\u00e4tte und Dienstleistungen\t<\/div>\n\n\t\t\n<\/a><\/div><\/div><\/div>\n\n    <\/div>\n<\/section>","protected":false},"excerpt":{"rendered":"","protected":false},"author":1,"featured_media":1733,"parent":0,"menu_order":0,"comment_status":"closed","ping_status":"closed","template":"","meta":{"_acf_changed":false,"footnotes":""},"sujet":[],"class_list":["post-1987","page","type-page","status-publish","has-post-thumbnail","hentry"],"acf":[],"yoast_head":"<!-- This site is optimized with the Yoast SEO plugin v25.3 - https:\/\/yoast.com\/wordpress\/plugins\/seo\/ -->\n<title>Aktivit\u00e4ten in den Landes | Sportliche Aktivit\u00e4ten zu tun Landes<\/title>\n<meta name=\"robots\" content=\"index, follow, max-snippet:-1, max-image-preview:large, max-video-preview:-1\" \/>\n<link rel=\"canonical\" href=\"https:\/\/www.camping-laclairiere.fr\/de\/aktivitaeten-landes\/\" \/>\n<meta property=\"og:locale\" content=\"de_DE\" \/>\n<meta property=\"og:type\" content=\"article\" \/>\n<meta property=\"og:title\" content=\"Aktivit\u00e4ten in den Landes | Sportliche Aktivit\u00e4ten zu tun Landes\" \/>\n<meta property=\"og:url\" content=\"https:\/\/www.camping-laclairiere.fr\/de\/aktivitaeten-landes\/\" \/>\n<meta property=\"og:site_name\" content=\"Camping La Clairi\u00e8re\" \/>\n<meta property=\"article:modified_time\" content=\"2023-01-20T09:34:32+00:00\" \/>\n<meta property=\"og:image\" content=\"https:\/\/www.camping-laclairiere.fr\/wp-content\/uploads\/2022\/12\/activites-dans-les-landes-proche-du-camping.jpg\" \/>\n\t<meta property=\"og:image:width\" content=\"1920\" \/>\n\t<meta property=\"og:image:height\" content=\"712\" \/>\n\t<meta property=\"og:image:type\" content=\"image\/jpeg\" \/>\n<meta name=\"twitter:card\" content=\"summary_large_image\" \/>\n<meta name=\"twitter:label1\" content=\"Gesch\u00e4tzte Lesezeit\" \/>\n\t<meta name=\"twitter:data1\" content=\"5\u00a0Minuten\" \/>\n<script type=\"application\/ld+json\" class=\"yoast-schema-graph\">{\"@context\":\"https:\/\/schema.org\",\"@graph\":[{\"@type\":\"WebPage\",\"@id\":\"https:\/\/www.camping-laclairiere.fr\/de\/aktivitaeten-landes\/\",\"url\":\"https:\/\/www.camping-laclairiere.fr\/de\/aktivitaeten-landes\/\",\"name\":\"Aktivit\u00e4ten in den Landes | Sportliche Aktivit\u00e4ten zu tun Landes\",\"isPartOf\":{\"@id\":\"https:\/\/www.camping-laclairiere.fr\/fr\/#website\"},\"primaryImageOfPage\":{\"@id\":\"https:\/\/www.camping-laclairiere.fr\/de\/aktivitaeten-landes\/#primaryimage\"},\"image\":{\"@id\":\"https:\/\/www.camping-laclairiere.fr\/de\/aktivitaeten-landes\/#primaryimage\"},\"thumbnailUrl\":\"https:\/\/www.camping-laclairiere.fr\/wp-content\/uploads\/2022\/12\/activites-dans-les-landes-proche-du-camping.jpg\",\"datePublished\":\"2023-01-06T13:20:43+00:00\",\"dateModified\":\"2023-01-20T09:34:32+00:00\",\"breadcrumb\":{\"@id\":\"https:\/\/www.camping-laclairiere.fr\/de\/aktivitaeten-landes\/#breadcrumb\"},\"inLanguage\":\"de\",\"potentialAction\":[{\"@type\":\"ReadAction\",\"target\":[\"https:\/\/www.camping-laclairiere.fr\/de\/aktivitaeten-landes\/\"]}]},{\"@type\":\"ImageObject\",\"inLanguage\":\"de\",\"@id\":\"https:\/\/www.camping-laclairiere.fr\/de\/aktivitaeten-landes\/#primaryimage\",\"url\":\"https:\/\/www.camping-laclairiere.fr\/wp-content\/uploads\/2022\/12\/activites-dans-les-landes-proche-du-camping.jpg\",\"contentUrl\":\"https:\/\/www.camping-laclairiere.fr\/wp-content\/uploads\/2022\/12\/activites-dans-les-landes-proche-du-camping.jpg\",\"width\":1920,\"height\":712,\"caption\":\"activites dans les landes proche du camping\"},{\"@type\":\"BreadcrumbList\",\"@id\":\"https:\/\/www.camping-laclairiere.fr\/de\/aktivitaeten-landes\/#breadcrumb\",\"itemListElement\":[{\"@type\":\"ListItem\",\"position\":1,\"name\":\"Camping Landes\",\"item\":\"https:\/\/www.camping-laclairiere.fr\/de\/\"},{\"@type\":\"ListItem\",\"position\":2,\"name\":\"Sportliche Aktivit\u00e4ten, die Sie in Les Landes unternehmen k\u00f6nnen\"}]},{\"@type\":\"WebSite\",\"@id\":\"https:\/\/www.camping-laclairiere.fr\/fr\/#website\",\"url\":\"https:\/\/www.camping-laclairiere.fr\/fr\/\",\"name\":\"Camping La Clairi\u00e8re\",\"description\":\"\",\"publisher\":{\"@id\":\"https:\/\/www.camping-laclairiere.fr\/fr\/#organization\"},\"potentialAction\":[{\"@type\":\"SearchAction\",\"target\":{\"@type\":\"EntryPoint\",\"urlTemplate\":\"https:\/\/www.camping-laclairiere.fr\/fr\/?s={search_term_string}\"},\"query-input\":{\"@type\":\"PropertyValueSpecification\",\"valueRequired\":true,\"valueName\":\"search_term_string\"}}],\"inLanguage\":\"de\"},{\"@type\":\"Organization\",\"@id\":\"https:\/\/www.camping-laclairiere.fr\/fr\/#organization\",\"name\":\"Camping La Clairi\u00e8re\",\"url\":\"https:\/\/www.camping-laclairiere.fr\/fr\/\",\"logo\":{\"@type\":\"ImageObject\",\"inLanguage\":\"de\",\"@id\":\"https:\/\/www.camping-laclairiere.fr\/fr\/#\/schema\/logo\/image\/\",\"url\":\"https:\/\/www.camping-laclairiere.fr\/wp-content\/uploads\/2022\/12\/logo-camping-la-clairiere.png\",\"contentUrl\":\"https:\/\/www.camping-laclairiere.fr\/wp-content\/uploads\/2022\/12\/logo-camping-la-clairiere.png\",\"width\":317,\"height\":111,\"caption\":\"Camping La Clairi\u00e8re\"},\"image\":{\"@id\":\"https:\/\/www.camping-laclairiere.fr\/fr\/#\/schema\/logo\/image\/\"}}]}<\/script>\n<!-- \/ Yoast SEO plugin. -->","yoast_head_json":{"title":"Aktivit\u00e4ten in den Landes | Sportliche Aktivit\u00e4ten zu tun Landes","robots":{"index":"index","follow":"follow","max-snippet":"max-snippet:-1","max-image-preview":"max-image-preview:large","max-video-preview":"max-video-preview:-1"},"canonical":"https:\/\/www.camping-laclairiere.fr\/de\/aktivitaeten-landes\/","og_locale":"de_DE","og_type":"article","og_title":"Aktivit\u00e4ten in den Landes | Sportliche Aktivit\u00e4ten zu tun Landes","og_url":"https:\/\/www.camping-laclairiere.fr\/de\/aktivitaeten-landes\/","og_site_name":"Camping La Clairi\u00e8re","article_modified_time":"2023-01-20T09:34:32+00:00","og_image":[{"width":1920,"height":712,"url":"https:\/\/www.camping-laclairiere.fr\/wp-content\/uploads\/2022\/12\/activites-dans-les-landes-proche-du-camping.jpg","type":"image\/jpeg"}],"twitter_card":"summary_large_image","twitter_misc":{"Gesch\u00e4tzte Lesezeit":"5\u00a0Minuten"},"schema":{"@context":"https:\/\/schema.org","@graph":[{"@type":"WebPage","@id":"https:\/\/www.camping-laclairiere.fr\/de\/aktivitaeten-landes\/","url":"https:\/\/www.camping-laclairiere.fr\/de\/aktivitaeten-landes\/","name":"Aktivit\u00e4ten in den Landes | Sportliche Aktivit\u00e4ten zu tun Landes","isPartOf":{"@id":"https:\/\/www.camping-laclairiere.fr\/fr\/#website"},"primaryImageOfPage":{"@id":"https:\/\/www.camping-laclairiere.fr\/de\/aktivitaeten-landes\/#primaryimage"},"image":{"@id":"https:\/\/www.camping-laclairiere.fr\/de\/aktivitaeten-landes\/#primaryimage"},"thumbnailUrl":"https:\/\/www.camping-laclairiere.fr\/wp-content\/uploads\/2022\/12\/activites-dans-les-landes-proche-du-camping.jpg","datePublished":"2023-01-06T13:20:43+00:00","dateModified":"2023-01-20T09:34:32+00:00","breadcrumb":{"@id":"https:\/\/www.camping-laclairiere.fr\/de\/aktivitaeten-landes\/#breadcrumb"},"inLanguage":"de","potentialAction":[{"@type":"ReadAction","target":["https:\/\/www.camping-laclairiere.fr\/de\/aktivitaeten-landes\/"]}]},{"@type":"ImageObject","inLanguage":"de","@id":"https:\/\/www.camping-laclairiere.fr\/de\/aktivitaeten-landes\/#primaryimage","url":"https:\/\/www.camping-laclairiere.fr\/wp-content\/uploads\/2022\/12\/activites-dans-les-landes-proche-du-camping.jpg","contentUrl":"https:\/\/www.camping-laclairiere.fr\/wp-content\/uploads\/2022\/12\/activites-dans-les-landes-proche-du-camping.jpg","width":1920,"height":712,"caption":"activites dans les landes proche du camping"},{"@type":"BreadcrumbList","@id":"https:\/\/www.camping-laclairiere.fr\/de\/aktivitaeten-landes\/#breadcrumb","itemListElement":[{"@type":"ListItem","position":1,"name":"Camping Landes","item":"https:\/\/www.camping-laclairiere.fr\/de\/"},{"@type":"ListItem","position":2,"name":"Sportliche Aktivit\u00e4ten, die Sie in Les Landes unternehmen k\u00f6nnen"}]},{"@type":"WebSite","@id":"https:\/\/www.camping-laclairiere.fr\/fr\/#website","url":"https:\/\/www.camping-laclairiere.fr\/fr\/","name":"Camping La Clairi\u00e8re","description":"","publisher":{"@id":"https:\/\/www.camping-laclairiere.fr\/fr\/#organization"},"potentialAction":[{"@type":"SearchAction","target":{"@type":"EntryPoint","urlTemplate":"https:\/\/www.camping-laclairiere.fr\/fr\/?s={search_term_string}"},"query-input":{"@type":"PropertyValueSpecification","valueRequired":true,"valueName":"search_term_string"}}],"inLanguage":"de"},{"@type":"Organization","@id":"https:\/\/www.camping-laclairiere.fr\/fr\/#organization","name":"Camping La Clairi\u00e8re","url":"https:\/\/www.camping-laclairiere.fr\/fr\/","logo":{"@type":"ImageObject","inLanguage":"de","@id":"https:\/\/www.camping-laclairiere.fr\/fr\/#\/schema\/logo\/image\/","url":"https:\/\/www.camping-laclairiere.fr\/wp-content\/uploads\/2022\/12\/logo-camping-la-clairiere.png","contentUrl":"https:\/\/www.camping-laclairiere.fr\/wp-content\/uploads\/2022\/12\/logo-camping-la-clairiere.png","width":317,"height":111,"caption":"Camping La Clairi\u00e8re"},"image":{"@id":"https:\/\/www.camping-laclairiere.fr\/fr\/#\/schema\/logo\/image\/"}}]}},"_links":{"self":[{"href":"https:\/\/www.camping-laclairiere.fr\/de\/wp-json\/wp\/v2\/pages\/1987","targetHints":{"allow":["GET"]}}],"collection":[{"href":"https:\/\/www.camping-laclairiere.fr\/de\/wp-json\/wp\/v2\/pages"}],"about":[{"href":"https:\/\/www.camping-laclairiere.fr\/de\/wp-json\/wp\/v2\/types\/page"}],"author":[{"embeddable":true,"href":"https:\/\/www.camping-laclairiere.fr\/de\/wp-json\/wp\/v2\/users\/1"}],"replies":[{"embeddable":true,"href":"https:\/\/www.camping-laclairiere.fr\/de\/wp-json\/wp\/v2\/comments?post=1987"}],"version-history":[{"count":5,"href":"https:\/\/www.camping-laclairiere.fr\/de\/wp-json\/wp\/v2\/pages\/1987\/revisions"}],"predecessor-version":[{"id":2427,"href":"https:\/\/www.camping-laclairiere.fr\/de\/wp-json\/wp\/v2\/pages\/1987\/revisions\/2427"}],"wp:featuredmedia":[{"embeddable":true,"href":"https:\/\/www.camping-laclairiere.fr\/de\/wp-json\/wp\/v2\/media\/1733"}],"wp:attachment":[{"href":"https:\/\/www.camping-laclairiere.fr\/de\/wp-json\/wp\/v2\/media?parent=1987"}],"wp:term":[{"taxonomy":"sujet","embeddable":true,"href":"https:\/\/www.camping-laclairiere.fr\/de\/wp-json\/wp\/v2\/sujet?post=1987"}],"curies":[{"name":"wp","href":"https:\/\/api.w.org\/{rel}","templated":true}]}}