{"id":1985,"date":"2023-01-06T14:16:54","date_gmt":"2023-01-06T13:16:54","guid":{"rendered":"https:\/\/www.camping-laclairiere.fr\/campingplatz-schwimmbad-saint-paul-en-born\/"},"modified":"2023-09-20T15:47:08","modified_gmt":"2023-09-20T13:47:08","slug":"campingplatz-schwimmbad-saint-paul-en-born","status":"publish","type":"page","link":"https:\/\/www.camping-laclairiere.fr\/de\/campingplatz-schwimmbad-saint-paul-en-born\/","title":{"rendered":"Der Pool"},"content":{"rendered":"<section id=\"ls-section-block_10a9cb6885f75fbef624f59b69374459\" class=\"ls-section  page-intro\" >\n        <div class=\"container \">\n        \n\n<h1 class=\"ls__heading wp-block-heading has-text-align-center aquarelle deco-centre\">Campingplatz mit beheiztem Pool <br>in den Landes<\/h1>\n\n\n    <\/div>\n<\/section>\n\n<section id=\"ls-section-block_52e5fac33d07044b8e0cf7dfc193e467\" class=\"ls-section  page-one has-p-b p-b-14\" >\n        <div class=\"container container--wide\">\n        \n\n<div class=\"wp-block-columns is-layout-flex wp-container-core-columns-is-layout-9d6595d7 wp-block-columns-is-layout-flex\">\n<div class=\"wp-block-column is-vertically-aligned-center left is-layout-flow wp-block-column-is-layout-flow\" style=\"flex-basis:33.33%\">\n<figure class=\"wp-block-image size-full plante\"><img decoding=\"async\" width=\"220\" height=\"217\" src=\"https:\/\/www.camping-laclairiere.fr\/wp-content\/uploads\/2022\/12\/plante.png\" alt=\"Pflanze\" class=\"wp-image-654\"\/><\/figure>\n\n\n\n<h2 class=\"ls__heading wp-block-heading deco-gauche\">Tauchen Sie in den beheizten Pool in den Landes ein<\/h2>\n\n\n\n<p class=\"ls-paragraph\">Sind Sie auf der Suche nach einem unglaublichen und einzigartigen Erlebnis in diesem Sommer? Dann ist der <a href=\"\/de\/\">campingplatz La Clairi\u00e8re in Saint-Paul-en-Born<\/a> genau das Richtige f\u00fcr Sie! <\/p>\n\n\n\n<p class=\"ls-paragraph\">Unser Campingplatz in den Landes bietet Ihnen zu Ihrem Vergn\u00fcgen ein <strong>beheiztes Freibad<\/strong>. Es ist perfekt f\u00fcr hei\u00dfe Sommertage und bietet Ihnen die M\u00f6glichkeit, sich abzuk\u00fchlen, ohne den campingplatz verlassen zu m\u00fcssen. <\/p>\n\n\n\n<p class=\"ls-paragraph\">Unser Schwimmbad ist vom 15. Mai bis zum 15. September von 10:00 bis 20:00 Uhr beheizt. Er bietet eine Vielzahl von Aktivit\u00e4ten <strong>f\u00fcr alle Altersgruppen<\/strong>, darunter Schwimmen, Entspannen und Sonnenbaden. Um Ihre Ruhe zu gew\u00e4hrleisten, gibt es keine Wasserspiele, Nachtschwimmen oder Wasserrutschen. Eine gro\u00dfartige M\u00f6glichkeit, Zeit mit Ihrer Familie und Ihren Freunden zu verbringen.   <\/p>\n<\/div>\n\n\n\n<div class=\"wp-block-column right is-layout-flow wp-block-column-is-layout-flow\" style=\"flex-basis:66.66%\">\n<figure class=\"wp-block-image size-full animated fadeInUp delay-200ms slow\"><img decoding=\"async\" width=\"800\" height=\"532\" src=\"https:\/\/www.camping-laclairiere.fr\/wp-content\/uploads\/2023\/09\/La-Clairiere-Escapades_piscine-transat.jpg\" alt=\"\" class=\"wp-image-2667\" srcset=\"https:\/\/www.camping-laclairiere.fr\/wp-content\/uploads\/2023\/09\/La-Clairiere-Escapades_piscine-transat.jpg 800w, https:\/\/www.camping-laclairiere.fr\/wp-content\/uploads\/2023\/09\/La-Clairiere-Escapades_piscine-transat-300x200.jpg 300w, https:\/\/www.camping-laclairiere.fr\/wp-content\/uploads\/2023\/09\/La-Clairiere-Escapades_piscine-transat-768x511.jpg 768w\" sizes=\"(max-width: 800px) 100vw, 800px\" \/><\/figure>\n<\/div>\n<\/div>\n\n\n    <\/div>\n<\/section>\n\n<section id=\"ls-section-block_035114f4eb6d24b1a755dc7a910838dd\" class=\"ls-section  page-two has-background has-color-3-background-color has-p-t p-t-14 has-p-b p-b-14\" >\n        <div class=\"container container--wide\">\n        \n\n<div class=\"wp-block-columns is-layout-flex wp-container-core-columns-is-layout-9d6595d7 wp-block-columns-is-layout-flex\">\n<div class=\"wp-block-column left is-layout-flow wp-block-column-is-layout-flow\">\n<figure class=\"wp-block-image size-full animated fadeInRight delay-200ms slow\"><a href=\"https:\/\/www.camping-laclairiere.fr\/wp-content\/uploads\/2023\/01\/pateaugoire.jpg\"><img decoding=\"async\" width=\"800\" height=\"532\" src=\"https:\/\/www.camping-laclairiere.fr\/wp-content\/uploads\/2023\/01\/pateaugoire.jpg\" alt=\"pateaugoire\" class=\"wp-image-1503\" srcset=\"https:\/\/www.camping-laclairiere.fr\/wp-content\/uploads\/2023\/01\/pateaugoire.jpg 800w, https:\/\/www.camping-laclairiere.fr\/wp-content\/uploads\/2023\/01\/pateaugoire-300x200.jpg 300w, https:\/\/www.camping-laclairiere.fr\/wp-content\/uploads\/2023\/01\/pateaugoire-768x511.jpg 768w\" sizes=\"(max-width: 800px) 100vw, 800px\" \/><\/a><\/figure>\n\n\n\n<h2 class=\"ls__heading wp-block-heading deco-gauche\">Geben Sie Ihrer Br\u00e4une den letzten Schliff <br>auf den Liegest\u00fchlen am Pool<\/h2>\n\n\n\n<p class=\"ls-paragraph\">Sind Sie auf der Suche nach einem idealen Ort, um sich zu entspannen, ein Sonnenbad zu nehmen und gleichzeitig braun zu werden? Unser beheizter Pool ist perfekt f\u00fcr diejenigen, die sich an hei\u00dfen Sommertagen abk\u00fchlen wollen, w\u00e4hrend die Kinder sicher planschen k\u00f6nnen. <\/p>\n\n\n\n<p class=\"ls-paragraph\">Die Liegest\u00fchle und Sonnenliegen am Pool bieten Ihnen <strong>maximalen Komfort<\/strong>, w\u00e4hrend Sie in der Sonne liegen und an Ihrer Br\u00e4une arbeiten.<\/p>\n<\/div>\n\n\n\n<div class=\"wp-block-column right is-layout-flow wp-block-column-is-layout-flow\">\n<figure class=\"wp-block-image size-full pin\"><img decoding=\"async\" width=\"211\" height=\"227\" src=\"https:\/\/www.camping-laclairiere.fr\/wp-content\/uploads\/2022\/12\/pin.png\" alt=\"pins\" class=\"wp-image-660\" title=\"pin\"\/><\/figure>\n\n\n\n<h2 class=\"ls__heading wp-block-heading deco-gauche\">Das Planschbecken, <br>der Lieblingsort Ihrer Kinder<\/h2>\n\n\n\n<p class=\"ls-paragraph\">Der campingplatz bietet ein <strong>beheiztes Planschbecken<\/strong> f\u00fcr Kinder. Sie k\u00f6nnen sicher sein, dass Ihre Kinder sich wohlf\u00fchlen und sicher sind. Die Wassertemperaturen werden t\u00e4glich kontrolliert, um ein angenehmes Baden zu gew\u00e4hrleisten.   <\/p>\n\n\n\n<p class=\"ls-paragraph\">Ihre Kinder k\u00f6nnen das Baden und die Wasserspiele genie\u00dfen und sich dabei erfrischen. Sie werden sich in aller Sicherheit am\u00fcsieren und die Badefreuden w\u00e4hrend Ihres Urlaubs in den Landes genie\u00dfen. Das beheizte Schwimmbad befindet sich in einer sehr <strong>ruhigen Lage<\/strong> und bietet einen einfachen Zugang zu den anderen Einrichtungen des campingplatzes. Genie\u00dfen Sie es!   <\/p>\n\n\n\n<figure class=\"wp-block-image size-full animated fadeInLeft delay-200ms slow\"><a href=\"https:\/\/www.camping-laclairiere.fr\/wp-content\/uploads\/2023\/09\/La-Clairiere-Escapades_transat.jpg\"><img decoding=\"async\" width=\"800\" height=\"532\" src=\"https:\/\/www.camping-laclairiere.fr\/wp-content\/uploads\/2023\/09\/La-Clairiere-Escapades_transat.jpg\" alt=\"\" class=\"wp-image-2663\" srcset=\"https:\/\/www.camping-laclairiere.fr\/wp-content\/uploads\/2023\/09\/La-Clairiere-Escapades_transat.jpg 800w, https:\/\/www.camping-laclairiere.fr\/wp-content\/uploads\/2023\/09\/La-Clairiere-Escapades_transat-300x200.jpg 300w, https:\/\/www.camping-laclairiere.fr\/wp-content\/uploads\/2023\/09\/La-Clairiere-Escapades_transat-768x511.jpg 768w\" sizes=\"(max-width: 800px) 100vw, 800px\" \/><\/a><\/figure>\n<\/div>\n<\/div>\n\n\n    <\/div>\n<\/section>\n\n<section id=\"ls-section-block_dfb363bf3ba9cda03488dce7547df24d\" class=\"ls-section  page-avis has-background has-color-white-background-color has-p-t p-t-14 has-p-b p-b-14\" >\n        <div class=\"container \">\n        \n\n<div id=\"ls-heading ls-titre-div-block_d791cd5b728d1f7710476a21fd10c73c\" class=\"ls-titre-div deco-first  aligncenter h2-like has-m-b m-b-8\" >\n    Und unsere Kunden, was halten sie von dem Pool?<\/div>\n\n\n<div class=\"avis-container-pages\"><div class=\"avis\"><div class=\"avis-content-container\"><div class=\"avis-text-container\"><div class=\"avis-name\">Michel M.<\/div><div class=\"avis-note\">\n                <span><i class=\"clairiere-star\"><\/i><\/span><span><i class=\"clairiere-star\"><\/i><\/span><span><i class=\"clairiere-star\"><\/i><\/span><span><i class=\"clairiere-star\"><\/i><\/span><span><i class=\"clairiere-star\"><\/i><\/span>\n                <\/div><div class=\"avis-content\"><p>Ruhiger Familiencampingplatz, gute Atmosph\u00e4re, gro\u00dfes <b>Schwimmbad<\/b>, sehr sauber, neu renoviert, sehr guter Empfang, Gastst\u00e4tte am Abend mit Auswahl, offene K\u00fcche zum Saal, musikalische Begleitung im Stil von Manu Chao. Ein echter Urlaub eben \ud83d\ude0e\ud83c\udfd6\ufe0f. <\/p>\n<\/div><\/div><\/div><\/div><div class=\"avis\"><div class=\"avis-content-container\"><div class=\"avis-text-container\"><div class=\"avis-name\">Yves M.<\/div><div class=\"avis-note\">\n                <span><i class=\"clairiere-star\"><\/i><\/span><span><i class=\"clairiere-star\"><\/i><\/span><span><i class=\"clairiere-star\"><\/i><\/span><span><i class=\"clairiere-star\"><\/i><\/span><span><i class=\"clairiere-star\"><\/i><\/span>\n                <\/div><div class=\"avis-content\"><p>Super Aufenthalt in la clairi\u00e8re. Der campingplatz ist ruhig, gut ausgestattet, tolles <b>Schwimmbad<\/b>, herzlicher Empfang, es fehlt nichts, um einen angenehmen Aufenthalt zu verbringen, das Personal steht Ihnen zu Diensten und ist immer gut gelaunt. <\/p>\n<\/div><\/div><\/div><\/div><div class=\"avis\"><div class=\"avis-content-container\"><div class=\"avis-text-container\"><div class=\"avis-name\">Laurent C.<\/div><div class=\"avis-note\">\n                <span><i class=\"clairiere-star\"><\/i><\/span><span><i class=\"clairiere-star\"><\/i><\/span><span><i class=\"clairiere-star\"><\/i><\/span><span><i class=\"clairiere-star\"><\/i><\/span><span><i class=\"clairiere-star\"><\/i><\/span>\n                <\/div><div class=\"avis-content\"><p>Ich empfehle diesen campingplatz wegen seiner Ruhe, der schattigen Pl\u00e4tze, auf denen man sein Zelt aufstellen kann, der Freundlichkeit des Personals sowie des <b>Schwimmbads<\/b>. Der Platz ist sehr sauber, sowohl die Sanit\u00e4ranlagen als auch der <b>Pool<\/b>. Die Bar bietet Ihnen leckere Pizza sowie frisches Geb\u00e4ck f\u00fcr den Morgen. Ein weiterer Pluspunkt: sehr wenige M\u00fccken! Ein sehr gutes Preis-Leistungs-Verh\u00e4ltnis, um ein paar Tage in Ruhe zu verbringen.    <\/p>\n<\/div><\/div><\/div><\/div><\/div>\n\n\n    <\/div>\n<\/section>\n\n<section id=\"ls-section-block_0e1b55a36fba97f9193827259d30ddde\" class=\"ls-section  page-maillage has-background has-color-3-background-color has-p-t p-t-14 has-p-b p-b-14\" >\n        <div class=\"container container--wide\">\n        \n\n<div id=\"ls-heading ls-titre-div-block_6fea84b2afbde53f68b73c488672177a\" class=\"ls-titre-div deco-centre aligncenter h2-like\" >\n    Entdecken Sie die Unterk\u00fcnfte und Dienstleistungen unseres campingplatzes<\/div>\n\n\n<div id=\"ls-maillage-block_aa94cd49c9fcb3387fe422f1eb9c8f4a\" class=\"ls-maillage cta-style-normal has-p-t p-t-8\" data-rows=\"3\">\n    <div class=\"wp-block-columns\"><div class=\"wp-block-column\">\n\n<a href=\"https:\/\/www.camping-laclairiere.fr\/de\/campingplatz-rivierufer-saint-paul-en-born\/\" target=\"\" rel=\"noopener\" class=\"ls-cta__link\">\n\n\t<div class=\"ls-cta__image\"><img decoding=\"async\" src=\"https:\/\/www.camping-laclairiere.fr\/wp-content\/uploads\/2022\/12\/riviere-camping-la-clairiere-768x511.jpg\" alt=\"riviere camping la clairiere\"><\/div>\n\t<div class=\"ls-cta__title\">\n\t\tFlussufer\t<\/div>\n\n\t\t\n<\/a><\/div><div class=\"wp-block-column\">\n\n<a href=\"https:\/\/www.camping-laclairiere.fr\/de\/aktivitaeten-landes\/\" target=\"\" rel=\"noopener\" class=\"ls-cta__link\">\n\n\t<div class=\"ls-cta__image\"><img decoding=\"async\" src=\"https:\/\/www.camping-laclairiere.fr\/wp-content\/uploads\/2022\/12\/camping-la-clairiere-activite-parachutisme-dans-les-landes-768x512.jpg\" alt=\"camping la clairiere activite parachutisme dans les landes\"><\/div>\n\t<div class=\"ls-cta__title\">\n\t\tAktivit\u00e4ten rund um\t<\/div>\n\n\t\t\n<\/a><\/div><div class=\"wp-block-column\">\n\n<a href=\"https:\/\/www.camping-laclairiere.fr\/de\/vermietung-mobilheim-saint-paul-en-born\/\" target=\"\" rel=\"noopener\" class=\"ls-cta__link\">\n\n\t<div class=\"ls-cta__image\"><img decoding=\"async\" src=\"https:\/\/www.camping-laclairiere.fr\/wp-content\/uploads\/2023\/02\/La-Clairiere-Escapades_mobilhome-768x512.jpg\" alt=\"\"><\/div>\n\t<div class=\"ls-cta__title\">\n\t\tVermietungen\t<\/div>\n\n\t\t\n<\/a><\/div><\/div><\/div>\n\n    <\/div>\n<\/section>","protected":false},"excerpt":{"rendered":"","protected":false},"author":1,"featured_media":2675,"parent":0,"menu_order":0,"comment_status":"closed","ping_status":"closed","template":"","meta":{"_acf_changed":false,"footnotes":""},"sujet":[],"class_list":["post-1985","page","type-page","status-publish","has-post-thumbnail","hentry"],"acf":[],"yoast_head":"<!-- This site is optimized with the Yoast SEO plugin v25.3 - https:\/\/yoast.com\/wordpress\/plugins\/seo\/ -->\n<title>Campingpl\u00e4tze mit Schwimmbad St. Paul-en-Born | Campingpl\u00e4tze mit beheiztem Schwimmbad Landes<\/title>\n<meta name=\"robots\" content=\"index, follow, max-snippet:-1, max-image-preview:large, max-video-preview:-1\" \/>\n<link rel=\"canonical\" href=\"https:\/\/www.camping-laclairiere.fr\/de\/campingplatz-schwimmbad-saint-paul-en-born\/\" \/>\n<meta property=\"og:locale\" content=\"de_DE\" \/>\n<meta property=\"og:type\" content=\"article\" \/>\n<meta property=\"og:title\" content=\"Campingpl\u00e4tze mit Schwimmbad St. Paul-en-Born | Campingpl\u00e4tze mit beheiztem Schwimmbad Landes\" \/>\n<meta property=\"og:url\" content=\"https:\/\/www.camping-laclairiere.fr\/de\/campingplatz-schwimmbad-saint-paul-en-born\/\" \/>\n<meta property=\"og:site_name\" content=\"Camping La Clairi\u00e8re\" \/>\n<meta property=\"article:modified_time\" content=\"2023-09-20T13:47:08+00:00\" \/>\n<meta property=\"og:image\" content=\"https:\/\/www.camping-laclairiere.fr\/wp-content\/uploads\/2023\/09\/La-Clairiere-Escapades_piscine.jpg\" \/>\n\t<meta property=\"og:image:width\" content=\"1900\" \/>\n\t<meta property=\"og:image:height\" content=\"600\" \/>\n\t<meta property=\"og:image:type\" content=\"image\/jpeg\" \/>\n<meta name=\"twitter:card\" content=\"summary_large_image\" \/>\n<meta name=\"twitter:label1\" content=\"Gesch\u00e4tzte Lesezeit\" \/>\n\t<meta name=\"twitter:data1\" content=\"3\u00a0Minuten\" \/>\n<script type=\"application\/ld+json\" class=\"yoast-schema-graph\">{\"@context\":\"https:\/\/schema.org\",\"@graph\":[{\"@type\":\"WebPage\",\"@id\":\"https:\/\/www.camping-laclairiere.fr\/de\/campingplatz-schwimmbad-saint-paul-en-born\/\",\"url\":\"https:\/\/www.camping-laclairiere.fr\/de\/campingplatz-schwimmbad-saint-paul-en-born\/\",\"name\":\"Campingpl\u00e4tze mit Schwimmbad St. Paul-en-Born | Campingpl\u00e4tze mit beheiztem Schwimmbad Landes\",\"isPartOf\":{\"@id\":\"https:\/\/www.camping-laclairiere.fr\/fr\/#website\"},\"primaryImageOfPage\":{\"@id\":\"https:\/\/www.camping-laclairiere.fr\/de\/campingplatz-schwimmbad-saint-paul-en-born\/#primaryimage\"},\"image\":{\"@id\":\"https:\/\/www.camping-laclairiere.fr\/de\/campingplatz-schwimmbad-saint-paul-en-born\/#primaryimage\"},\"thumbnailUrl\":\"https:\/\/www.camping-laclairiere.fr\/wp-content\/uploads\/2023\/09\/La-Clairiere-Escapades_piscine.jpg\",\"datePublished\":\"2023-01-06T13:16:54+00:00\",\"dateModified\":\"2023-09-20T13:47:08+00:00\",\"breadcrumb\":{\"@id\":\"https:\/\/www.camping-laclairiere.fr\/de\/campingplatz-schwimmbad-saint-paul-en-born\/#breadcrumb\"},\"inLanguage\":\"de\",\"potentialAction\":[{\"@type\":\"ReadAction\",\"target\":[\"https:\/\/www.camping-laclairiere.fr\/de\/campingplatz-schwimmbad-saint-paul-en-born\/\"]}]},{\"@type\":\"ImageObject\",\"inLanguage\":\"de\",\"@id\":\"https:\/\/www.camping-laclairiere.fr\/de\/campingplatz-schwimmbad-saint-paul-en-born\/#primaryimage\",\"url\":\"https:\/\/www.camping-laclairiere.fr\/wp-content\/uploads\/2023\/09\/La-Clairiere-Escapades_piscine.jpg\",\"contentUrl\":\"https:\/\/www.camping-laclairiere.fr\/wp-content\/uploads\/2023\/09\/La-Clairiere-Escapades_piscine.jpg\",\"width\":1900,\"height\":600},{\"@type\":\"BreadcrumbList\",\"@id\":\"https:\/\/www.camping-laclairiere.fr\/de\/campingplatz-schwimmbad-saint-paul-en-born\/#breadcrumb\",\"itemListElement\":[{\"@type\":\"ListItem\",\"position\":1,\"name\":\"Camping Landes\",\"item\":\"https:\/\/www.camping-laclairiere.fr\/de\/\"},{\"@type\":\"ListItem\",\"position\":2,\"name\":\"Campingpl\u00e4tze mit beheiztem Schwimmbad Landes\"}]},{\"@type\":\"WebSite\",\"@id\":\"https:\/\/www.camping-laclairiere.fr\/fr\/#website\",\"url\":\"https:\/\/www.camping-laclairiere.fr\/fr\/\",\"name\":\"Camping La Clairi\u00e8re\",\"description\":\"\",\"publisher\":{\"@id\":\"https:\/\/www.camping-laclairiere.fr\/fr\/#organization\"},\"potentialAction\":[{\"@type\":\"SearchAction\",\"target\":{\"@type\":\"EntryPoint\",\"urlTemplate\":\"https:\/\/www.camping-laclairiere.fr\/fr\/?s={search_term_string}\"},\"query-input\":{\"@type\":\"PropertyValueSpecification\",\"valueRequired\":true,\"valueName\":\"search_term_string\"}}],\"inLanguage\":\"de\"},{\"@type\":\"Organization\",\"@id\":\"https:\/\/www.camping-laclairiere.fr\/fr\/#organization\",\"name\":\"Camping La Clairi\u00e8re\",\"url\":\"https:\/\/www.camping-laclairiere.fr\/fr\/\",\"logo\":{\"@type\":\"ImageObject\",\"inLanguage\":\"de\",\"@id\":\"https:\/\/www.camping-laclairiere.fr\/fr\/#\/schema\/logo\/image\/\",\"url\":\"https:\/\/www.camping-laclairiere.fr\/wp-content\/uploads\/2022\/12\/logo-camping-la-clairiere.png\",\"contentUrl\":\"https:\/\/www.camping-laclairiere.fr\/wp-content\/uploads\/2022\/12\/logo-camping-la-clairiere.png\",\"width\":317,\"height\":111,\"caption\":\"Camping La Clairi\u00e8re\"},\"image\":{\"@id\":\"https:\/\/www.camping-laclairiere.fr\/fr\/#\/schema\/logo\/image\/\"}}]}<\/script>\n<!-- \/ Yoast SEO plugin. -->","yoast_head_json":{"title":"Campingpl\u00e4tze mit Schwimmbad St. Paul-en-Born | Campingpl\u00e4tze mit beheiztem Schwimmbad Landes","robots":{"index":"index","follow":"follow","max-snippet":"max-snippet:-1","max-image-preview":"max-image-preview:large","max-video-preview":"max-video-preview:-1"},"canonical":"https:\/\/www.camping-laclairiere.fr\/de\/campingplatz-schwimmbad-saint-paul-en-born\/","og_locale":"de_DE","og_type":"article","og_title":"Campingpl\u00e4tze mit Schwimmbad St. Paul-en-Born | Campingpl\u00e4tze mit beheiztem Schwimmbad Landes","og_url":"https:\/\/www.camping-laclairiere.fr\/de\/campingplatz-schwimmbad-saint-paul-en-born\/","og_site_name":"Camping La Clairi\u00e8re","article_modified_time":"2023-09-20T13:47:08+00:00","og_image":[{"width":1900,"height":600,"url":"https:\/\/www.camping-laclairiere.fr\/wp-content\/uploads\/2023\/09\/La-Clairiere-Escapades_piscine.jpg","type":"image\/jpeg"}],"twitter_card":"summary_large_image","twitter_misc":{"Gesch\u00e4tzte Lesezeit":"3\u00a0Minuten"},"schema":{"@context":"https:\/\/schema.org","@graph":[{"@type":"WebPage","@id":"https:\/\/www.camping-laclairiere.fr\/de\/campingplatz-schwimmbad-saint-paul-en-born\/","url":"https:\/\/www.camping-laclairiere.fr\/de\/campingplatz-schwimmbad-saint-paul-en-born\/","name":"Campingpl\u00e4tze mit Schwimmbad St. Paul-en-Born | Campingpl\u00e4tze mit beheiztem Schwimmbad Landes","isPartOf":{"@id":"https:\/\/www.camping-laclairiere.fr\/fr\/#website"},"primaryImageOfPage":{"@id":"https:\/\/www.camping-laclairiere.fr\/de\/campingplatz-schwimmbad-saint-paul-en-born\/#primaryimage"},"image":{"@id":"https:\/\/www.camping-laclairiere.fr\/de\/campingplatz-schwimmbad-saint-paul-en-born\/#primaryimage"},"thumbnailUrl":"https:\/\/www.camping-laclairiere.fr\/wp-content\/uploads\/2023\/09\/La-Clairiere-Escapades_piscine.jpg","datePublished":"2023-01-06T13:16:54+00:00","dateModified":"2023-09-20T13:47:08+00:00","breadcrumb":{"@id":"https:\/\/www.camping-laclairiere.fr\/de\/campingplatz-schwimmbad-saint-paul-en-born\/#breadcrumb"},"inLanguage":"de","potentialAction":[{"@type":"ReadAction","target":["https:\/\/www.camping-laclairiere.fr\/de\/campingplatz-schwimmbad-saint-paul-en-born\/"]}]},{"@type":"ImageObject","inLanguage":"de","@id":"https:\/\/www.camping-laclairiere.fr\/de\/campingplatz-schwimmbad-saint-paul-en-born\/#primaryimage","url":"https:\/\/www.camping-laclairiere.fr\/wp-content\/uploads\/2023\/09\/La-Clairiere-Escapades_piscine.jpg","contentUrl":"https:\/\/www.camping-laclairiere.fr\/wp-content\/uploads\/2023\/09\/La-Clairiere-Escapades_piscine.jpg","width":1900,"height":600},{"@type":"BreadcrumbList","@id":"https:\/\/www.camping-laclairiere.fr\/de\/campingplatz-schwimmbad-saint-paul-en-born\/#breadcrumb","itemListElement":[{"@type":"ListItem","position":1,"name":"Camping Landes","item":"https:\/\/www.camping-laclairiere.fr\/de\/"},{"@type":"ListItem","position":2,"name":"Campingpl\u00e4tze mit beheiztem Schwimmbad Landes"}]},{"@type":"WebSite","@id":"https:\/\/www.camping-laclairiere.fr\/fr\/#website","url":"https:\/\/www.camping-laclairiere.fr\/fr\/","name":"Camping La Clairi\u00e8re","description":"","publisher":{"@id":"https:\/\/www.camping-laclairiere.fr\/fr\/#organization"},"potentialAction":[{"@type":"SearchAction","target":{"@type":"EntryPoint","urlTemplate":"https:\/\/www.camping-laclairiere.fr\/fr\/?s={search_term_string}"},"query-input":{"@type":"PropertyValueSpecification","valueRequired":true,"valueName":"search_term_string"}}],"inLanguage":"de"},{"@type":"Organization","@id":"https:\/\/www.camping-laclairiere.fr\/fr\/#organization","name":"Camping La Clairi\u00e8re","url":"https:\/\/www.camping-laclairiere.fr\/fr\/","logo":{"@type":"ImageObject","inLanguage":"de","@id":"https:\/\/www.camping-laclairiere.fr\/fr\/#\/schema\/logo\/image\/","url":"https:\/\/www.camping-laclairiere.fr\/wp-content\/uploads\/2022\/12\/logo-camping-la-clairiere.png","contentUrl":"https:\/\/www.camping-laclairiere.fr\/wp-content\/uploads\/2022\/12\/logo-camping-la-clairiere.png","width":317,"height":111,"caption":"Camping La Clairi\u00e8re"},"image":{"@id":"https:\/\/www.camping-laclairiere.fr\/fr\/#\/schema\/logo\/image\/"}}]}},"_links":{"self":[{"href":"https:\/\/www.camping-laclairiere.fr\/de\/wp-json\/wp\/v2\/pages\/1985","targetHints":{"allow":["GET"]}}],"collection":[{"href":"https:\/\/www.camping-laclairiere.fr\/de\/wp-json\/wp\/v2\/pages"}],"about":[{"href":"https:\/\/www.camping-laclairiere.fr\/de\/wp-json\/wp\/v2\/types\/page"}],"author":[{"embeddable":true,"href":"https:\/\/www.camping-laclairiere.fr\/de\/wp-json\/wp\/v2\/users\/1"}],"replies":[{"embeddable":true,"href":"https:\/\/www.camping-laclairiere.fr\/de\/wp-json\/wp\/v2\/comments?post=1985"}],"version-history":[{"count":7,"href":"https:\/\/www.camping-laclairiere.fr\/de\/wp-json\/wp\/v2\/pages\/1985\/revisions"}],"predecessor-version":[{"id":2683,"href":"https:\/\/www.camping-laclairiere.fr\/de\/wp-json\/wp\/v2\/pages\/1985\/revisions\/2683"}],"wp:featuredmedia":[{"embeddable":true,"href":"https:\/\/www.camping-laclairiere.fr\/de\/wp-json\/wp\/v2\/media\/2675"}],"wp:attachment":[{"href":"https:\/\/www.camping-laclairiere.fr\/de\/wp-json\/wp\/v2\/media?parent=1985"}],"wp:term":[{"taxonomy":"sujet","embeddable":true,"href":"https:\/\/www.camping-laclairiere.fr\/de\/wp-json\/wp\/v2\/sujet?post=1985"}],"curies":[{"name":"wp","href":"https:\/\/api.w.org\/{rel}","templated":true}]}}