{"id":1983,"date":"2023-01-06T14:12:30","date_gmt":"2023-01-06T13:12:30","guid":{"rendered":"https:\/\/www.camping-laclairiere.fr\/standort-emplacement-saint-paul-en-born\/"},"modified":"2024-07-10T09:39:30","modified_gmt":"2024-07-10T07:39:30","slug":"standort-emplacement-saint-paul-en-born","status":"publish","type":"page","link":"https:\/\/www.camping-laclairiere.fr\/de\/standort-emplacement-saint-paul-en-born\/","title":{"rendered":"Standorte"},"content":{"rendered":"<section id=\"ls-section-block_dec66dbb5118c027d9d64e8b4d8872a3\" class=\"ls-section \" >\n        <div class=\"container container--wide\">\n        \n\n<h1 class=\"ls__heading wp-block-heading has-text-align-center aquarelle deco-centre\">Mieten Sie einen Natur-Stellplatz in den Landes<\/h1>\n\n\n    <\/div>\n<\/section>\n\n<section id=\"ls-section-block_d3a5f32daada9e7d8e13031f4732bad7\" class=\"ls-section \" >\n        <div class=\"container \">\n        \n\n<script>\n    window.ctoutvert = {\n\t\tid: 8766, \n\t\tlang: 'auto', \n\t\turl: 'https:\/\/bookingpremium.secureholiday.net\/widgets\/'\n    };\n\n    (function (w, d, s, ctv, r, js, fjs) {\n        r=new XMLHttpRequest();r.open('GET',w[ctv].url+'js\/src.json');\n        r.responseType='json';r.json=true;r.send();\n        r.onload=function(){w[ctv].src=r.responseType=='json'?r.response:JSON.parse(r.response);\n        js.src=w[ctv].src[0];fjs.parentNode.insertBefore(js, fjs);}\n        js=d.createElement(s),fjs=d.getElementsByTagName(s)[0];\n        js.id='ctvwidget';js.async=1;\n    }(window, document, 'script', 'ctoutvert'));\n<\/script>\n<ctv-availability data-product-type=\"pitch\" data-background-color=\"#FFFFFFFF\"><\/ctv-availability>\n\n\n    <\/div>\n<\/section>\n\n<section id=\"ls-section-block_dec66dbb5118c027d9d64e8b4d8872a3\" class=\"ls-section \" >\n        <div class=\"container container--wide\">\n        \n\n<div class=\"wp-block-columns is-layout-flex wp-container-core-columns-is-layout-9d6595d7 wp-block-columns-is-layout-flex\">\n<div class=\"wp-block-column is-layout-flow wp-block-column-is-layout-flow\">\n<h2 class=\"ls__heading wp-block-heading deco-gauche\">campingplatz caravaning in St. Petersburg Paul-en-Born<\/h2>\n\n\n\n<p class=\"ls-paragraph\">Der <a href=\"\/de\/\">campingplatz la Clairi\u00e8re<\/a> profitiert von <strong>einer nat\u00fcrlichen und friedlichen<\/strong> Umgebung, in der es sich angenehm campen l\u00e4sst. Unsere 71 Stellpl\u00e4tze sind ger\u00e4umig (100 m\u00b2) und teilweise abgegrenzt, um die Privatsph\u00e4re jedes Einzelnen zu wahren. Einige privilegierte Stellpl\u00e4tze bieten Ihnen sogar Zugang zu 130 m\u00b2 gro\u00dfen Parzellen. Diese flachen Pl\u00e4tze sind f\u00fcr alle Arten von Gespannen leicht zug\u00e4nglich, egal ob Sie mit dem Zelt, Wohnwagen oder Wohnmobil reisen. Mehr oder weniger schattig, entsprechen sie den Vorlieben jedes Einzelnen. Die Stellpl\u00e4tze und Sanit\u00e4ranlagen sind f\u00fcr Menschen mit Behinderungen zug\u00e4nglich.<\/p>\n\n\n\n<p class=\"ls-paragraph\">Unser Campingplatz bietet eine <strong>gro\u00dfe Auswahl<\/strong> an <a href=\"https:\/\/www.camping-laclairiere.fr\/de\/campingplatz-kein-sucher-saint-paul-en-born\/\">preisg\u00fcnstigen Stellpl\u00e4tzen<\/a> f\u00fcr Wohnwagen, von Standardpl\u00e4tzen bis hin zu Stellpl\u00e4tzen mit allem Komfort, und ist somit perfekt f\u00fcr alle Arten von Wohnwagenbesitzern. Der campingplatz liegt inmitten eines Kiefernwaldes und bietet <strong>eine einzigartige<\/strong> und friedliche Umgebung zum Entspannen und Erkunden der sch\u00f6nen Region Les Landes.<\/p>\n\n\n\n<p class=\"ls-paragraph\">F\u00fcr mehr Komfort entdecken Sie die Landes und buchen Sie ein voll <a href=\"https:\/\/www.camping-laclairiere.fr\/de\/vermietung-mobilheim-saint-paul-en-born\/\">ausgestattetes Mobilheim<\/a> in einer nat\u00fcrlichen und erholsamen Umgebung.<\/p>\n\n\n\n<h2 class=\"ls__heading wp-block-heading deco-gauche\">Unsere Mietausr\u00fcstung f\u00fcr Ihren Stellplatz<\/h2>\n\n\n\n<p class=\"ls-paragraph\">Unsere 75 Mietpl\u00e4tze weisen eine Fl\u00e4che von 100 m\u00b2 auf. Jeder Stellplatz bietet somit Platz f\u00fcr bis zu 6 Personen, je nachdem, wie Sie Ihren Aufenthalt gestalten m\u00f6chten. Alle unsere Stellpl\u00e4tze zum Mieten sind schattig und durch Pflanzenhecken <strong>abgegrenzt.<\/strong> Alle verf\u00fcgen \u00fcber Strom, sodass Sie Ihren Adapter mitbringen m\u00fcssen.<\/p>\n<\/div>\n\n\n\n<div class=\"wp-block-column is-vertically-aligned-center is-layout-flow wp-block-column-is-layout-flow\">\n<p class=\"ls-paragraph\">Wenn Sie Erg\u00e4nzungen ben\u00f6tigen, bietet Ihnen unser Team :<\/p>\n\n\n\n<ul class=\"ls-list wp-block-list\">\n<li>Handt\u00fccher im Set: 8 \u20ac.<\/li>\n\n\n\n<li>Bettw\u00e4schepaket: 15 \u20ac.<\/li>\n\n\n\n<li>Kinderstuhl + Kinderbett: 20 \u20ac f\u00fcr die Zeit des Aufenthalts.<\/li>\n\n\n\n<li>K\u00fchlschrank f\u00fcr Stellpl\u00e4tze: 6 \u20ac\/Tag.<\/li>\n\n\n\n<li>zu seinem Standort begleitet werden<\/li>\n<\/ul>\n\n\n\n<p class=\"ls-paragraph\">Ben\u00f6tigen Sie weitere Informationen, wenden Sie sich bitte an unser Team!<\/p>\n\n\n\n<h2 class=\"ls__heading wp-block-heading deco-gauche\">Unsere hochwertigen Sanit\u00e4ranlagen<\/h2>\n\n\n\n<p class=\"ls-paragraph\">Auch wenn der Spa\u00df am Campingplatz darin besteht, im Freien zu leben und die Natur zu erleben, bedeutet das nicht, dass man auf Komfort verzichten muss. So verf\u00fcgen alle unsere campingpl\u00e4tze \u00fcber <strong>einen Stromanschluss (10A)<\/strong> und befinden sich immer in angemessener Entfernung zu einer Trinkwasserstelle. Alle befinden sich in der N\u00e4he des Sanit\u00e4rblocks mit allem, was man f\u00fcr einen gelungenen Urlaub braucht: Duschen, WC, Waschraum etc. F\u00fcr Wohnmobilisten gibt es auch <strong>einen Servicebereich<\/strong>, in dem sie ihr Fahrzeug entleeren k\u00f6nnen.<\/p>\n<\/div>\n<\/div>\n\n\n    <\/div>\n<\/section>\n\n<section id=\"ls-section-block_7b4fed48ca875df729dfd044d7964071\" class=\"ls-section  page-maillage has-background has-color-3-background-color has-p-t p-t-14 has-p-b p-b-14\" >\n        <div class=\"container container--wide\">\n        \n\n<div id=\"ls-heading ls-titre-div-block_f26a512c513a062b819100ce4abe9c31\" class=\"ls-titre-div deco-centre aligncenter h2-like\" >\n    Entdecken Sie die Unterk\u00fcnfte, die Animationen und die Preise unseres campingplatzes<\/div>\n\n\n<div id=\"ls-maillage-block_7af50de51b65a2dae66feea557429870\" class=\"ls-maillage cta-style-normal has-p-t p-t-8\" data-rows=\"3\">\n    <div class=\"wp-block-columns\"><div class=\"wp-block-column\">\n\n<a href=\"https:\/\/www.camping-laclairiere.fr\/de\/camping-animationen-saint-paul-en-born\/\" target=\"\" rel=\"noopener\" class=\"ls-cta__link\">\n\n\t<div class=\"ls-cta__image\"><img decoding=\"async\" src=\"https:\/\/www.camping-laclairiere.fr\/wp-content\/uploads\/2022\/12\/camping-avec-animations-dans-les-landes-768x511.jpg\" alt=\"camping avec animations dans les landes\"><\/div>\n\t<div class=\"ls-cta__title\">\n\t\tAnimations\t<\/div>\n\n\t\t\n<\/a><\/div><div class=\"wp-block-column\">\n\n<a href=\"https:\/\/www.camping-laclairiere.fr\/de\/vermietung-mobilheim-saint-paul-en-born\/\" target=\"\" rel=\"noopener\" class=\"ls-cta__link\">\n\n\t<div class=\"ls-cta__image\"><img decoding=\"async\" src=\"https:\/\/www.camping-laclairiere.fr\/wp-content\/uploads\/2023\/02\/La-Clairiere-Escapades_mobilhome-768x512.jpg\" alt=\"\"><\/div>\n\t<div class=\"ls-cta__title\">\n\t\tVermietungen\t<\/div>\n\n\t\t\n<\/a><\/div><div class=\"wp-block-column\">\n\n<a href=\"https:\/\/www.camping-laclairiere.fr\/de\/campingplatz-kein-sucher-saint-paul-en-born\/\" target=\"\" rel=\"noopener\" class=\"ls-cta__link\">\n\n\t<div class=\"ls-cta__image\"><img decoding=\"async\" src=\"https:\/\/www.camping-laclairiere.fr\/wp-content\/uploads\/2022\/12\/tarifs-camping-clairiere-landes.jpg\" alt=\"tarifs camping clairiere landes\"><\/div>\n\t<div class=\"ls-cta__title\">\n\t\tTarife\t<\/div>\n\n\t\t\n<\/a><\/div><\/div><\/div>\n\n    <\/div>\n<\/section>","protected":false},"excerpt":{"rendered":"","protected":false},"author":1,"featured_media":1707,"parent":0,"menu_order":0,"comment_status":"closed","ping_status":"closed","template":"","meta":{"_acf_changed":false,"footnotes":""},"sujet":[],"class_list":["post-1983","page","type-page","status-publish","has-post-thumbnail","hentry"],"acf":[],"yoast_head":"<!-- This site is optimized with the Yoast SEO plugin v25.3 - https:\/\/yoast.com\/wordpress\/plugins\/seo\/ -->\n<title>Mieten Stellplatz St. Paul-en-Born | Camping caravaning Landes<\/title>\n<meta name=\"description\" content=\"Ger\u00e4umiger Campingplatz in nat\u00fcrlicher Umgebung f\u00fcr Zelte, Wohnwagen oder Wohnmobile an der K\u00fcste von Aquitanien.\" \/>\n<meta name=\"robots\" content=\"index, follow, max-snippet:-1, max-image-preview:large, max-video-preview:-1\" \/>\n<link rel=\"canonical\" href=\"https:\/\/www.camping-laclairiere.fr\/de\/standort-emplacement-saint-paul-en-born\/\" \/>\n<meta property=\"og:locale\" content=\"de_DE\" \/>\n<meta property=\"og:type\" content=\"article\" \/>\n<meta property=\"og:title\" content=\"Mieten Stellplatz St. Paul-en-Born | Camping caravaning Landes\" \/>\n<meta property=\"og:description\" content=\"Ger\u00e4umiger Campingplatz in nat\u00fcrlicher Umgebung f\u00fcr Zelte, Wohnwagen oder Wohnmobile an der K\u00fcste von Aquitanien.\" \/>\n<meta property=\"og:url\" content=\"https:\/\/www.camping-laclairiere.fr\/de\/standort-emplacement-saint-paul-en-born\/\" \/>\n<meta property=\"og:site_name\" content=\"Camping La Clairi\u00e8re\" \/>\n<meta property=\"article:modified_time\" content=\"2024-07-10T07:39:30+00:00\" \/>\n<meta property=\"og:image\" content=\"https:\/\/www.camping-laclairiere.fr\/wp-content\/uploads\/2022\/12\/location-emplacements-camping-landes.jpg\" \/>\n\t<meta property=\"og:image:width\" content=\"1920\" \/>\n\t<meta property=\"og:image:height\" content=\"712\" \/>\n\t<meta property=\"og:image:type\" content=\"image\/jpeg\" \/>\n<meta name=\"twitter:card\" content=\"summary_large_image\" \/>\n<meta name=\"twitter:label1\" content=\"Gesch\u00e4tzte Lesezeit\" \/>\n\t<meta name=\"twitter:data1\" content=\"3\u00a0Minuten\" \/>\n<script type=\"application\/ld+json\" class=\"yoast-schema-graph\">{\"@context\":\"https:\/\/schema.org\",\"@graph\":[{\"@type\":\"WebPage\",\"@id\":\"https:\/\/www.camping-laclairiere.fr\/de\/standort-emplacement-saint-paul-en-born\/\",\"url\":\"https:\/\/www.camping-laclairiere.fr\/de\/standort-emplacement-saint-paul-en-born\/\",\"name\":\"Mieten Stellplatz St. Paul-en-Born | Camping caravaning Landes\",\"isPartOf\":{\"@id\":\"https:\/\/www.camping-laclairiere.fr\/fr\/#website\"},\"primaryImageOfPage\":{\"@id\":\"https:\/\/www.camping-laclairiere.fr\/de\/standort-emplacement-saint-paul-en-born\/#primaryimage\"},\"image\":{\"@id\":\"https:\/\/www.camping-laclairiere.fr\/de\/standort-emplacement-saint-paul-en-born\/#primaryimage\"},\"thumbnailUrl\":\"https:\/\/www.camping-laclairiere.fr\/wp-content\/uploads\/2022\/12\/location-emplacements-camping-landes.jpg\",\"datePublished\":\"2023-01-06T13:12:30+00:00\",\"dateModified\":\"2024-07-10T07:39:30+00:00\",\"description\":\"Ger\u00e4umiger Campingplatz in nat\u00fcrlicher Umgebung f\u00fcr Zelte, Wohnwagen oder Wohnmobile an der K\u00fcste von Aquitanien.\",\"breadcrumb\":{\"@id\":\"https:\/\/www.camping-laclairiere.fr\/de\/standort-emplacement-saint-paul-en-born\/#breadcrumb\"},\"inLanguage\":\"de\",\"potentialAction\":[{\"@type\":\"ReadAction\",\"target\":[\"https:\/\/www.camping-laclairiere.fr\/de\/standort-emplacement-saint-paul-en-born\/\"]}]},{\"@type\":\"ImageObject\",\"inLanguage\":\"de\",\"@id\":\"https:\/\/www.camping-laclairiere.fr\/de\/standort-emplacement-saint-paul-en-born\/#primaryimage\",\"url\":\"https:\/\/www.camping-laclairiere.fr\/wp-content\/uploads\/2022\/12\/location-emplacements-camping-landes.jpg\",\"contentUrl\":\"https:\/\/www.camping-laclairiere.fr\/wp-content\/uploads\/2022\/12\/location-emplacements-camping-landes.jpg\",\"width\":1920,\"height\":712,\"caption\":\"location emplacements camping landes\"},{\"@type\":\"BreadcrumbList\",\"@id\":\"https:\/\/www.camping-laclairiere.fr\/de\/standort-emplacement-saint-paul-en-born\/#breadcrumb\",\"itemListElement\":[{\"@type\":\"ListItem\",\"position\":1,\"name\":\"Camping Landes\",\"item\":\"https:\/\/www.camping-laclairiere.fr\/de\/\"},{\"@type\":\"ListItem\",\"position\":2,\"name\":\"campingplatz caravaning Landes\"}]},{\"@type\":\"WebSite\",\"@id\":\"https:\/\/www.camping-laclairiere.fr\/fr\/#website\",\"url\":\"https:\/\/www.camping-laclairiere.fr\/fr\/\",\"name\":\"Camping La Clairi\u00e8re\",\"description\":\"\",\"publisher\":{\"@id\":\"https:\/\/www.camping-laclairiere.fr\/fr\/#organization\"},\"potentialAction\":[{\"@type\":\"SearchAction\",\"target\":{\"@type\":\"EntryPoint\",\"urlTemplate\":\"https:\/\/www.camping-laclairiere.fr\/fr\/?s={search_term_string}\"},\"query-input\":{\"@type\":\"PropertyValueSpecification\",\"valueRequired\":true,\"valueName\":\"search_term_string\"}}],\"inLanguage\":\"de\"},{\"@type\":\"Organization\",\"@id\":\"https:\/\/www.camping-laclairiere.fr\/fr\/#organization\",\"name\":\"Camping La Clairi\u00e8re\",\"url\":\"https:\/\/www.camping-laclairiere.fr\/fr\/\",\"logo\":{\"@type\":\"ImageObject\",\"inLanguage\":\"de\",\"@id\":\"https:\/\/www.camping-laclairiere.fr\/fr\/#\/schema\/logo\/image\/\",\"url\":\"https:\/\/www.camping-laclairiere.fr\/wp-content\/uploads\/2022\/12\/logo-camping-la-clairiere.png\",\"contentUrl\":\"https:\/\/www.camping-laclairiere.fr\/wp-content\/uploads\/2022\/12\/logo-camping-la-clairiere.png\",\"width\":317,\"height\":111,\"caption\":\"Camping La Clairi\u00e8re\"},\"image\":{\"@id\":\"https:\/\/www.camping-laclairiere.fr\/fr\/#\/schema\/logo\/image\/\"}}]}<\/script>\n<!-- \/ Yoast SEO plugin. -->","yoast_head_json":{"title":"Mieten Stellplatz St. Paul-en-Born | Camping caravaning Landes","description":"Ger\u00e4umiger Campingplatz in nat\u00fcrlicher Umgebung f\u00fcr Zelte, Wohnwagen oder Wohnmobile an der K\u00fcste von Aquitanien.","robots":{"index":"index","follow":"follow","max-snippet":"max-snippet:-1","max-image-preview":"max-image-preview:large","max-video-preview":"max-video-preview:-1"},"canonical":"https:\/\/www.camping-laclairiere.fr\/de\/standort-emplacement-saint-paul-en-born\/","og_locale":"de_DE","og_type":"article","og_title":"Mieten Stellplatz St. Paul-en-Born | Camping caravaning Landes","og_description":"Ger\u00e4umiger Campingplatz in nat\u00fcrlicher Umgebung f\u00fcr Zelte, Wohnwagen oder Wohnmobile an der K\u00fcste von Aquitanien.","og_url":"https:\/\/www.camping-laclairiere.fr\/de\/standort-emplacement-saint-paul-en-born\/","og_site_name":"Camping La Clairi\u00e8re","article_modified_time":"2024-07-10T07:39:30+00:00","og_image":[{"width":1920,"height":712,"url":"https:\/\/www.camping-laclairiere.fr\/wp-content\/uploads\/2022\/12\/location-emplacements-camping-landes.jpg","type":"image\/jpeg"}],"twitter_card":"summary_large_image","twitter_misc":{"Gesch\u00e4tzte Lesezeit":"3\u00a0Minuten"},"schema":{"@context":"https:\/\/schema.org","@graph":[{"@type":"WebPage","@id":"https:\/\/www.camping-laclairiere.fr\/de\/standort-emplacement-saint-paul-en-born\/","url":"https:\/\/www.camping-laclairiere.fr\/de\/standort-emplacement-saint-paul-en-born\/","name":"Mieten Stellplatz St. Paul-en-Born | Camping caravaning Landes","isPartOf":{"@id":"https:\/\/www.camping-laclairiere.fr\/fr\/#website"},"primaryImageOfPage":{"@id":"https:\/\/www.camping-laclairiere.fr\/de\/standort-emplacement-saint-paul-en-born\/#primaryimage"},"image":{"@id":"https:\/\/www.camping-laclairiere.fr\/de\/standort-emplacement-saint-paul-en-born\/#primaryimage"},"thumbnailUrl":"https:\/\/www.camping-laclairiere.fr\/wp-content\/uploads\/2022\/12\/location-emplacements-camping-landes.jpg","datePublished":"2023-01-06T13:12:30+00:00","dateModified":"2024-07-10T07:39:30+00:00","description":"Ger\u00e4umiger Campingplatz in nat\u00fcrlicher Umgebung f\u00fcr Zelte, Wohnwagen oder Wohnmobile an der K\u00fcste von Aquitanien.","breadcrumb":{"@id":"https:\/\/www.camping-laclairiere.fr\/de\/standort-emplacement-saint-paul-en-born\/#breadcrumb"},"inLanguage":"de","potentialAction":[{"@type":"ReadAction","target":["https:\/\/www.camping-laclairiere.fr\/de\/standort-emplacement-saint-paul-en-born\/"]}]},{"@type":"ImageObject","inLanguage":"de","@id":"https:\/\/www.camping-laclairiere.fr\/de\/standort-emplacement-saint-paul-en-born\/#primaryimage","url":"https:\/\/www.camping-laclairiere.fr\/wp-content\/uploads\/2022\/12\/location-emplacements-camping-landes.jpg","contentUrl":"https:\/\/www.camping-laclairiere.fr\/wp-content\/uploads\/2022\/12\/location-emplacements-camping-landes.jpg","width":1920,"height":712,"caption":"location emplacements camping landes"},{"@type":"BreadcrumbList","@id":"https:\/\/www.camping-laclairiere.fr\/de\/standort-emplacement-saint-paul-en-born\/#breadcrumb","itemListElement":[{"@type":"ListItem","position":1,"name":"Camping Landes","item":"https:\/\/www.camping-laclairiere.fr\/de\/"},{"@type":"ListItem","position":2,"name":"campingplatz caravaning Landes"}]},{"@type":"WebSite","@id":"https:\/\/www.camping-laclairiere.fr\/fr\/#website","url":"https:\/\/www.camping-laclairiere.fr\/fr\/","name":"Camping La Clairi\u00e8re","description":"","publisher":{"@id":"https:\/\/www.camping-laclairiere.fr\/fr\/#organization"},"potentialAction":[{"@type":"SearchAction","target":{"@type":"EntryPoint","urlTemplate":"https:\/\/www.camping-laclairiere.fr\/fr\/?s={search_term_string}"},"query-input":{"@type":"PropertyValueSpecification","valueRequired":true,"valueName":"search_term_string"}}],"inLanguage":"de"},{"@type":"Organization","@id":"https:\/\/www.camping-laclairiere.fr\/fr\/#organization","name":"Camping La Clairi\u00e8re","url":"https:\/\/www.camping-laclairiere.fr\/fr\/","logo":{"@type":"ImageObject","inLanguage":"de","@id":"https:\/\/www.camping-laclairiere.fr\/fr\/#\/schema\/logo\/image\/","url":"https:\/\/www.camping-laclairiere.fr\/wp-content\/uploads\/2022\/12\/logo-camping-la-clairiere.png","contentUrl":"https:\/\/www.camping-laclairiere.fr\/wp-content\/uploads\/2022\/12\/logo-camping-la-clairiere.png","width":317,"height":111,"caption":"Camping La Clairi\u00e8re"},"image":{"@id":"https:\/\/www.camping-laclairiere.fr\/fr\/#\/schema\/logo\/image\/"}}]}},"_links":{"self":[{"href":"https:\/\/www.camping-laclairiere.fr\/de\/wp-json\/wp\/v2\/pages\/1983","targetHints":{"allow":["GET"]}}],"collection":[{"href":"https:\/\/www.camping-laclairiere.fr\/de\/wp-json\/wp\/v2\/pages"}],"about":[{"href":"https:\/\/www.camping-laclairiere.fr\/de\/wp-json\/wp\/v2\/types\/page"}],"author":[{"embeddable":true,"href":"https:\/\/www.camping-laclairiere.fr\/de\/wp-json\/wp\/v2\/users\/1"}],"replies":[{"embeddable":true,"href":"https:\/\/www.camping-laclairiere.fr\/de\/wp-json\/wp\/v2\/comments?post=1983"}],"version-history":[{"count":10,"href":"https:\/\/www.camping-laclairiere.fr\/de\/wp-json\/wp\/v2\/pages\/1983\/revisions"}],"predecessor-version":[{"id":2931,"href":"https:\/\/www.camping-laclairiere.fr\/de\/wp-json\/wp\/v2\/pages\/1983\/revisions\/2931"}],"wp:featuredmedia":[{"embeddable":true,"href":"https:\/\/www.camping-laclairiere.fr\/de\/wp-json\/wp\/v2\/media\/1707"}],"wp:attachment":[{"href":"https:\/\/www.camping-laclairiere.fr\/de\/wp-json\/wp\/v2\/media?parent=1983"}],"wp:term":[{"taxonomy":"sujet","embeddable":true,"href":"https:\/\/www.camping-laclairiere.fr\/de\/wp-json\/wp\/v2\/sujet?post=1983"}],"curies":[{"name":"wp","href":"https:\/\/api.w.org\/{rel}","templated":true}]}}