{"id":1979,"date":"2023-01-06T14:07:23","date_gmt":"2023-01-06T13:07:23","guid":{"rendered":"https:\/\/www.camping-laclairiere.fr\/campingplatz-rivierufer-saint-paul-en-born\/"},"modified":"2023-01-20T10:35:25","modified_gmt":"2023-01-20T09:35:25","slug":"campingplatz-rivierufer-saint-paul-en-born","status":"publish","type":"page","link":"https:\/\/www.camping-laclairiere.fr\/de\/campingplatz-rivierufer-saint-paul-en-born\/","title":{"rendered":"Flussufer"},"content":{"rendered":"<section id=\"ls-section-block_8362dea8f2c83213574d3232a7d21772\" class=\"ls-section  page-intro\" >\n        <div class=\"container \">\n        \n\n<h1 class=\"ls__heading has-text-align-center aquarelle deco-centre wp-block-heading\">Campingplatz am Flussufer in den Landes<\/h1>\n\n\n    <\/div>\n<\/section>\n\n<section id=\"ls-section-block_508e58fbf4240e4ba8f99de9212693d3\" class=\"ls-section  page-one has-p-b p-b-14\" >\n        <div class=\"container container--wide\">\n        \n\n<div class=\"wp-block-columns is-layout-flex wp-container-core-columns-is-layout-9d6595d7 wp-block-columns-is-layout-flex\">\n<div class=\"wp-block-column is-vertically-aligned-center left is-layout-flow wp-block-column-is-layout-flow\" style=\"flex-basis:33.33%\">\n<figure class=\"wp-block-image size-full plante\"><img decoding=\"async\" width=\"220\" height=\"217\" src=\"https:\/\/www.camping-laclairiere.fr\/wp-content\/uploads\/2022\/12\/plante.png\" alt=\"plantes\" class=\"wp-image-654\"\/><\/figure>\n\n\n\n<h2 class=\"ls__heading deco-gauche wp-block-heading\">Direkter Zugang zum Fluss vom campingplatz aus<\/h2>\n\n\n\n<p class=\"ls-paragraph\">Eingebettet in die Region Les Landes bietet unser Campingplatz die perfekte Kombination aus <strong>Ruhe<\/strong> und <strong>Naturerlebnis<\/strong>. Mit direktem Zugang zum Bach La Forge k\u00f6nnen Sie die nat\u00fcrliche Sch\u00f6nheit der Region genie\u00dfen. <\/p>\n\n\n\n<p class=\"ls-paragraph\">Der Fluss ist der ideale Ort zum Schwimmen, Angeln und f\u00fcr Wassersportaktivit\u00e4ten wie Kanu- und Paddelbootfahren. Au\u00dferdem werden zahlreiche Aktivit\u00e4ten angeboten, vom Angeln \u00fcber Wandern bis hin zur Erkundung unserer Region. <\/p>\n\n\n\n<p class=\"ls-paragraph\">Wenn Sie auf der Suche nach einem <strong>friedlichen Kurzurlaub<\/strong> mit direktem Zugang zum Fluss sind, brauchen Sie nicht weiter zu suchen. Der <a href=\"\/de\/\">Cwampingplatz La Clairi\u00e8re in Saint-Paul-en-Born<\/a> ist das ideale Ziel f\u00fcr Ihren Sommerurlaub. <\/p>\n<\/div>\n\n\n\n<div class=\"wp-block-column right is-layout-flow wp-block-column-is-layout-flow\" style=\"flex-basis:66.66%\">\n<figure class=\"wp-block-image size-full animated fadeInUp delay-200ms slow\"><img decoding=\"async\" width=\"800\" height=\"532\" src=\"https:\/\/www.camping-laclairiere.fr\/wp-content\/uploads\/2022\/12\/camping-proche-dune-riviere.jpg\" alt=\"campingplatz in der n\u00e4he eines flusses\" class=\"wp-image-1352\" srcset=\"https:\/\/www.camping-laclairiere.fr\/wp-content\/uploads\/2022\/12\/camping-proche-dune-riviere.jpg 800w, https:\/\/www.camping-laclairiere.fr\/wp-content\/uploads\/2022\/12\/camping-proche-dune-riviere-300x200.jpg 300w, https:\/\/www.camping-laclairiere.fr\/wp-content\/uploads\/2022\/12\/camping-proche-dune-riviere-768x511.jpg 768w\" sizes=\"(max-width: 800px) 100vw, 800px\" \/><\/figure>\n<\/div>\n<\/div>\n\n\n    <\/div>\n<\/section>\n\n<section id=\"ls-section-block_08f163ee38f61e8ad792678ac60a1715\" class=\"ls-section  page-two has-background has-color-3-background-color has-p-t p-t-14 has-p-b p-b-14\" >\n        <div class=\"container container--wide\">\n        \n\n<div class=\"wp-block-columns is-layout-flex wp-container-core-columns-is-layout-9d6595d7 wp-block-columns-is-layout-flex\">\n<div class=\"wp-block-column left is-layout-flow wp-block-column-is-layout-flow\">\n<figure class=\"wp-block-image size-full animated fadeInRight delay-200ms slow\"><a href=\"https:\/\/www.camping-laclairiere.fr\/wp-content\/uploads\/2022\/12\/peche-en-riviere-proche-du-camping-la-clairiere.jpg\"><img decoding=\"async\" width=\"800\" height=\"532\" src=\"https:\/\/www.camping-laclairiere.fr\/wp-content\/uploads\/2022\/12\/peche-en-riviere-proche-du-camping-la-clairiere.jpg\" alt=\"peche en riviere proce du camping la clairiere\" class=\"wp-image-1350\" srcset=\"https:\/\/www.camping-laclairiere.fr\/wp-content\/uploads\/2022\/12\/peche-en-riviere-proche-du-camping-la-clairiere.jpg 800w, https:\/\/www.camping-laclairiere.fr\/wp-content\/uploads\/2022\/12\/peche-en-riviere-proche-du-camping-la-clairiere-300x200.jpg 300w, https:\/\/www.camping-laclairiere.fr\/wp-content\/uploads\/2022\/12\/peche-en-riviere-proche-du-camping-la-clairiere-768x511.jpg 768w\" sizes=\"(max-width: 800px) 100vw, 800px\" \/><\/a><\/figure>\n\n\n\n<h2 class=\"ls__heading deco-gauche wp-block-heading\">Baden Sie im Fluss<\/h2>\n\n\n\n<p class=\"ls-paragraph\">Sind Sie auf der Suche nach einem einzigartigen campingplatz-Erlebnis mit direktem Zugang zu einem Fluss? Dann suchen Sie nicht weiter als unseren campingplatz in Saint-Paul-en-Born! <\/p>\n\n\n\n<p class=\"ls-paragraph\">Dieser Campingplatz am Flussufer bietet einen <strong>unvergesslichen Aufenthalt.<\/strong> Nutzen Sie den direkten Zugang zum Fluss zum Schwimmen oder Kajakfahren. <\/p>\n\n\n\n<p class=\"ls-paragraph\">Gleich nach Ihrer Ankunft haben Sie die M\u00f6glichkeit, sich zu entspannen und sich wieder mit der Natur zu verbinden. Genie\u00dfen Sie die Ruhe der umgebenden Landschaft und die beruhigende Seite des Flusses La Forge. <\/p>\n<\/div>\n\n\n\n<div class=\"wp-block-column right is-layout-flow wp-block-column-is-layout-flow\">\n<figure class=\"wp-block-image size-full pin\"><img decoding=\"async\" width=\"211\" height=\"227\" src=\"https:\/\/www.camping-laclairiere.fr\/wp-content\/uploads\/2022\/12\/pin.png\" alt=\"pins\" class=\"wp-image-660\" title=\"pin\"\/><\/figure>\n\n\n\n<h2 class=\"ls__heading deco-gauche wp-block-heading\">Angeln im Fluss<\/h2>\n\n\n\n<p class=\"ls-paragraph\">Unser Campingplatz La Clairi\u00e8re in Saint-Paul-en-Born liegt direkt am Flussufer und bietet Anglern eine einzigartige Gelegenheit, ihrer Lieblingsbesch\u00e4ftigung nachzugehen.<\/p>\n\n\n\n<p class=\"ls-paragraph\">Mit einem <strong>fischreichen Fluss<\/strong> und einer wundersch\u00f6nen Natur, die es zu bewundern gilt, k\u00f6nnen Sie die Freuden des Angelns an einem der vielen Flussabschnitte, insbesondere in der N\u00e4he des campingplatzes, entdecken.<\/p>\n\n\n\n<p class=\"ls-paragraph\">Egal, ob Sie ein erfahrener <strong>Angler oder ein Anf\u00e4nger sind<\/strong>, unsere Mitarbeiter k\u00f6nnen Ihnen Tipps geben und Sie anleiten, damit Sie das Beste aus Ihrem Aufenthalt in <a href=\"\/de\/tourismus-landes\/\">der Region Lwes Landes<\/a> machen k\u00f6nnen.<\/p>\n\n\n\n<figure class=\"wp-block-image size-full animated fadeInLeft delay-200ms slow\"><a href=\"https:\/\/www.camping-laclairiere.fr\/wp-content\/uploads\/2022\/12\/camping-en-bord-de-riviere.jpg\"><img decoding=\"async\" width=\"800\" height=\"532\" src=\"https:\/\/www.camping-laclairiere.fr\/wp-content\/uploads\/2022\/12\/camping-en-bord-de-riviere.jpg\" alt=\"camping en bord de riviere\" class=\"wp-image-1354\" srcset=\"https:\/\/www.camping-laclairiere.fr\/wp-content\/uploads\/2022\/12\/camping-en-bord-de-riviere.jpg 800w, https:\/\/www.camping-laclairiere.fr\/wp-content\/uploads\/2022\/12\/camping-en-bord-de-riviere-300x200.jpg 300w, https:\/\/www.camping-laclairiere.fr\/wp-content\/uploads\/2022\/12\/camping-en-bord-de-riviere-768x511.jpg 768w\" sizes=\"(max-width: 800px) 100vw, 800px\" \/><\/a><\/figure>\n<\/div>\n<\/div>\n\n\n    <\/div>\n<\/section>\n\n<section id=\"ls-section-block_508e58fbf4240e4ba8f99de9212693d3\" class=\"ls-section  page-one has-p-b p-b-14\" >\n        <div class=\"container container--wide\">\n        \n\n<div class=\"wp-block-columns is-layout-flex wp-container-core-columns-is-layout-9d6595d7 wp-block-columns-is-layout-flex\">\n<div class=\"wp-block-column right is-layout-flow wp-block-column-is-layout-flow\" style=\"flex-basis:66.66%\">\n<figure class=\"wp-block-image size-full animated fadeInUp delay-200ms slow\"><img decoding=\"async\" width=\"800\" height=\"532\" src=\"https:\/\/www.camping-laclairiere.fr\/wp-content\/uploads\/2023\/01\/canoe-kayak-landes.jpg\" alt=\"canoe kayak landes\" class=\"wp-image-1519\" srcset=\"https:\/\/www.camping-laclairiere.fr\/wp-content\/uploads\/2023\/01\/canoe-kayak-landes.jpg 800w, https:\/\/www.camping-laclairiere.fr\/wp-content\/uploads\/2023\/01\/canoe-kayak-landes-300x200.jpg 300w, https:\/\/www.camping-laclairiere.fr\/wp-content\/uploads\/2023\/01\/canoe-kayak-landes-768x511.jpg 768w\" sizes=\"(max-width: 800px) 100vw, 800px\" \/><\/figure>\n<\/div>\n\n\n\n<div class=\"wp-block-column is-vertically-aligned-center left is-layout-flow wp-block-column-is-layout-flow\" style=\"flex-basis:33.33%\">\n<figure class=\"wp-block-image size-full plante\"><img decoding=\"async\" width=\"220\" height=\"217\" src=\"https:\/\/www.camping-laclairiere.fr\/wp-content\/uploads\/2022\/12\/plante.png\" alt=\"plante\" class=\"wp-image-654\"\/><\/figure>\n\n\n\n<h2 class=\"ls__heading deco-gauche wp-block-heading\">Kanu- und Kajakfahren im Fluss<\/h2>\n\n\n\n<p class=\"ls-paragraph\">Auf dem Campingplatz La Clairi\u00e8re in Saint-Paul-en-Born k\u00f6nnen Sie eine Vielzahl von <strong>Wassersportaktivit\u00e4ten genie\u00dfen<\/strong>. Wenn Sie gerne Kanu oder Kajak fahren, k\u00f6nnen Sie auf dem Fluss La Forge paddeln und seine Sch\u00f6nheit entdecken. Der Fluss wird von einer unber\u00fchrten Naturlandschaft eingerahmt, was ihn zu einem idealen Ort macht, um ihn zu erkunden.   <\/p>\n\n\n\n<p class=\"ls-paragraph\">Neben Kanu- und Kajakfahren k\u00f6nnen Sie auch angeln. Der Fluss beherbergt <strong>eine Vielzahl von Fischarten<\/strong>, von Karpfen bis hin zu Forellen, und bietet somit viele M\u00f6glichkeiten, die <strong>lokale Tierwelt<\/strong> zu erkunden. Und f\u00fcr diejenigen, die lieber schwimmen, ist der Fluss der ideale Ort, um sich an einem hei\u00dfen Sommertag abzuk\u00fchlen.  <\/p>\n<\/div>\n<\/div>\n\n\n    <\/div>\n<\/section>\n\n<section id=\"ls-section-block_eb13c1eb6e0712b679e5685642d744e8\" class=\"ls-section  page-maillage has-background has-color-3-background-color has-p-t p-t-14 has-p-b p-b-14\" >\n        <div class=\"container container--wide\">\n        \n\n<div id=\"ls-heading ls-titre-div-block_d8fb08069c1ffaeb7747a5e8ff62a008\" class=\"ls-titre-div deco-centre aligncenter h2-like\" >\n    Entdecken Sie die Animationen, den Pool und die Gastst\u00e4tte auf unserem campingplatz<\/div>\n\n\n<div id=\"ls-maillage-block_134e42497e38796c30af621216409a3a\" class=\"ls-maillage cta-style-normal has-p-t p-t-8\" data-rows=\"3\">\n    <div class=\"wp-block-columns\"><div class=\"wp-block-column\">\n\n<a href=\"https:\/\/www.camping-laclairiere.fr\/de\/camping-animationen-saint-paul-en-born\/\" target=\"\" rel=\"noopener\" class=\"ls-cta__link\">\n\n\t<div class=\"ls-cta__image\"><img decoding=\"async\" src=\"https:\/\/www.camping-laclairiere.fr\/wp-content\/uploads\/2022\/12\/camping-avec-animations-dans-les-landes-768x511.jpg\" alt=\"camping avec animations dans les landes\"><\/div>\n\t<div class=\"ls-cta__title\">\n\t\tAnimations\t<\/div>\n\n\t\t\n<\/a><\/div><div class=\"wp-block-column\">\n\n<a href=\"https:\/\/www.camping-laclairiere.fr\/de\/campingplatz-schwimmbad-saint-paul-en-born\/\" target=\"\" rel=\"noopener\" class=\"ls-cta__link\">\n\n\t<div class=\"ls-cta__image\"><img decoding=\"async\" src=\"https:\/\/www.camping-laclairiere.fr\/wp-content\/uploads\/2022\/12\/piscine-chauffee-camping-la-clairiere-768x511.jpg\" alt=\"piscine chauffee camping la clairiere\"><\/div>\n\t<div class=\"ls-cta__title\">\n\t\tDer Pool\t<\/div>\n\n\t\t\n<\/a><\/div><div class=\"wp-block-column\">\n\n<a href=\"https:\/\/www.camping-laclairiere.fr\/de\/campingplatz-familie-saint-paul-en-born\/\" target=\"\" rel=\"noopener\" class=\"ls-cta__link\">\n\n\t<div class=\"ls-cta__image\"><img decoding=\"async\" src=\"https:\/\/www.camping-laclairiere.fr\/wp-content\/uploads\/2022\/12\/vienoisserie-et-depot-de-pain-la-clairiere-landes.jpg\" alt=\"depot pain viennoiserie\"><\/div>\n\t<div class=\"ls-cta__title\">\n\t\tGastst\u00e4tte und Dienstleistungen\t<\/div>\n\n\t\t\n<\/a><\/div><\/div><\/div>\n\n    <\/div>\n<\/section>","protected":false},"excerpt":{"rendered":"","protected":false},"author":1,"featured_media":1773,"parent":0,"menu_order":0,"comment_status":"closed","ping_status":"closed","template":"","meta":{"_acf_changed":false,"footnotes":""},"sujet":[],"class_list":["post-1979","page","type-page","status-publish","has-post-thumbnail","hentry"],"acf":[],"yoast_head":"<!-- This site is optimized with the Yoast SEO plugin v25.3 - https:\/\/yoast.com\/wordpress\/plugins\/seo\/ -->\n<title>Camping Flussbett St. Paul-en-Born | Camping Kanu Landes<\/title>\n<meta name=\"robots\" content=\"index, follow, max-snippet:-1, max-image-preview:large, max-video-preview:-1\" \/>\n<link rel=\"canonical\" href=\"https:\/\/www.camping-laclairiere.fr\/de\/campingplatz-rivierufer-saint-paul-en-born\/\" \/>\n<meta property=\"og:locale\" content=\"de_DE\" \/>\n<meta property=\"og:type\" content=\"article\" \/>\n<meta property=\"og:title\" content=\"Camping Flussbett St. Paul-en-Born | Camping Kanu Landes\" \/>\n<meta property=\"og:url\" content=\"https:\/\/www.camping-laclairiere.fr\/de\/campingplatz-rivierufer-saint-paul-en-born\/\" \/>\n<meta property=\"og:site_name\" content=\"Camping La Clairi\u00e8re\" \/>\n<meta property=\"article:modified_time\" content=\"2023-01-20T09:35:25+00:00\" \/>\n<meta property=\"og:image\" content=\"https:\/\/www.camping-laclairiere.fr\/wp-content\/uploads\/2023\/01\/camping-lac-landes.jpg\" \/>\n\t<meta property=\"og:image:width\" content=\"1900\" \/>\n\t<meta property=\"og:image:height\" content=\"600\" \/>\n\t<meta property=\"og:image:type\" content=\"image\/jpeg\" \/>\n<meta name=\"twitter:card\" content=\"summary_large_image\" \/>\n<meta name=\"twitter:label1\" content=\"Gesch\u00e4tzte Lesezeit\" \/>\n\t<meta name=\"twitter:data1\" content=\"4\u00a0Minuten\" \/>\n<script type=\"application\/ld+json\" class=\"yoast-schema-graph\">{\"@context\":\"https:\/\/schema.org\",\"@graph\":[{\"@type\":\"WebPage\",\"@id\":\"https:\/\/www.camping-laclairiere.fr\/de\/campingplatz-rivierufer-saint-paul-en-born\/\",\"url\":\"https:\/\/www.camping-laclairiere.fr\/de\/campingplatz-rivierufer-saint-paul-en-born\/\",\"name\":\"Camping Flussbett St. Paul-en-Born | Camping Kanu Landes\",\"isPartOf\":{\"@id\":\"https:\/\/www.camping-laclairiere.fr\/fr\/#website\"},\"primaryImageOfPage\":{\"@id\":\"https:\/\/www.camping-laclairiere.fr\/de\/campingplatz-rivierufer-saint-paul-en-born\/#primaryimage\"},\"image\":{\"@id\":\"https:\/\/www.camping-laclairiere.fr\/de\/campingplatz-rivierufer-saint-paul-en-born\/#primaryimage\"},\"thumbnailUrl\":\"https:\/\/www.camping-laclairiere.fr\/wp-content\/uploads\/2023\/01\/camping-lac-landes.jpg\",\"datePublished\":\"2023-01-06T13:07:23+00:00\",\"dateModified\":\"2023-01-20T09:35:25+00:00\",\"breadcrumb\":{\"@id\":\"https:\/\/www.camping-laclairiere.fr\/de\/campingplatz-rivierufer-saint-paul-en-born\/#breadcrumb\"},\"inLanguage\":\"de\",\"potentialAction\":[{\"@type\":\"ReadAction\",\"target\":[\"https:\/\/www.camping-laclairiere.fr\/de\/campingplatz-rivierufer-saint-paul-en-born\/\"]}]},{\"@type\":\"ImageObject\",\"inLanguage\":\"de\",\"@id\":\"https:\/\/www.camping-laclairiere.fr\/de\/campingplatz-rivierufer-saint-paul-en-born\/#primaryimage\",\"url\":\"https:\/\/www.camping-laclairiere.fr\/wp-content\/uploads\/2023\/01\/camping-lac-landes.jpg\",\"contentUrl\":\"https:\/\/www.camping-laclairiere.fr\/wp-content\/uploads\/2023\/01\/camping-lac-landes.jpg\",\"width\":1900,\"height\":600,\"caption\":\"camping lac landes\"},{\"@type\":\"BreadcrumbList\",\"@id\":\"https:\/\/www.camping-laclairiere.fr\/de\/campingplatz-rivierufer-saint-paul-en-born\/#breadcrumb\",\"itemListElement\":[{\"@type\":\"ListItem\",\"position\":1,\"name\":\"Camping Landes\",\"item\":\"https:\/\/www.camping-laclairiere.fr\/de\/\"},{\"@type\":\"ListItem\",\"position\":2,\"name\":\"Campingpl\u00e4tze mit beheiztem Schwimmbad Landes\"}]},{\"@type\":\"WebSite\",\"@id\":\"https:\/\/www.camping-laclairiere.fr\/fr\/#website\",\"url\":\"https:\/\/www.camping-laclairiere.fr\/fr\/\",\"name\":\"Camping La Clairi\u00e8re\",\"description\":\"\",\"publisher\":{\"@id\":\"https:\/\/www.camping-laclairiere.fr\/fr\/#organization\"},\"potentialAction\":[{\"@type\":\"SearchAction\",\"target\":{\"@type\":\"EntryPoint\",\"urlTemplate\":\"https:\/\/www.camping-laclairiere.fr\/fr\/?s={search_term_string}\"},\"query-input\":{\"@type\":\"PropertyValueSpecification\",\"valueRequired\":true,\"valueName\":\"search_term_string\"}}],\"inLanguage\":\"de\"},{\"@type\":\"Organization\",\"@id\":\"https:\/\/www.camping-laclairiere.fr\/fr\/#organization\",\"name\":\"Camping La Clairi\u00e8re\",\"url\":\"https:\/\/www.camping-laclairiere.fr\/fr\/\",\"logo\":{\"@type\":\"ImageObject\",\"inLanguage\":\"de\",\"@id\":\"https:\/\/www.camping-laclairiere.fr\/fr\/#\/schema\/logo\/image\/\",\"url\":\"https:\/\/www.camping-laclairiere.fr\/wp-content\/uploads\/2022\/12\/logo-camping-la-clairiere.png\",\"contentUrl\":\"https:\/\/www.camping-laclairiere.fr\/wp-content\/uploads\/2022\/12\/logo-camping-la-clairiere.png\",\"width\":317,\"height\":111,\"caption\":\"Camping La Clairi\u00e8re\"},\"image\":{\"@id\":\"https:\/\/www.camping-laclairiere.fr\/fr\/#\/schema\/logo\/image\/\"}}]}<\/script>\n<!-- \/ Yoast SEO plugin. -->","yoast_head_json":{"title":"Camping Flussbett St. Paul-en-Born | Camping Kanu Landes","robots":{"index":"index","follow":"follow","max-snippet":"max-snippet:-1","max-image-preview":"max-image-preview:large","max-video-preview":"max-video-preview:-1"},"canonical":"https:\/\/www.camping-laclairiere.fr\/de\/campingplatz-rivierufer-saint-paul-en-born\/","og_locale":"de_DE","og_type":"article","og_title":"Camping Flussbett St. Paul-en-Born | Camping Kanu Landes","og_url":"https:\/\/www.camping-laclairiere.fr\/de\/campingplatz-rivierufer-saint-paul-en-born\/","og_site_name":"Camping La Clairi\u00e8re","article_modified_time":"2023-01-20T09:35:25+00:00","og_image":[{"width":1900,"height":600,"url":"https:\/\/www.camping-laclairiere.fr\/wp-content\/uploads\/2023\/01\/camping-lac-landes.jpg","type":"image\/jpeg"}],"twitter_card":"summary_large_image","twitter_misc":{"Gesch\u00e4tzte Lesezeit":"4\u00a0Minuten"},"schema":{"@context":"https:\/\/schema.org","@graph":[{"@type":"WebPage","@id":"https:\/\/www.camping-laclairiere.fr\/de\/campingplatz-rivierufer-saint-paul-en-born\/","url":"https:\/\/www.camping-laclairiere.fr\/de\/campingplatz-rivierufer-saint-paul-en-born\/","name":"Camping Flussbett St. Paul-en-Born | Camping Kanu Landes","isPartOf":{"@id":"https:\/\/www.camping-laclairiere.fr\/fr\/#website"},"primaryImageOfPage":{"@id":"https:\/\/www.camping-laclairiere.fr\/de\/campingplatz-rivierufer-saint-paul-en-born\/#primaryimage"},"image":{"@id":"https:\/\/www.camping-laclairiere.fr\/de\/campingplatz-rivierufer-saint-paul-en-born\/#primaryimage"},"thumbnailUrl":"https:\/\/www.camping-laclairiere.fr\/wp-content\/uploads\/2023\/01\/camping-lac-landes.jpg","datePublished":"2023-01-06T13:07:23+00:00","dateModified":"2023-01-20T09:35:25+00:00","breadcrumb":{"@id":"https:\/\/www.camping-laclairiere.fr\/de\/campingplatz-rivierufer-saint-paul-en-born\/#breadcrumb"},"inLanguage":"de","potentialAction":[{"@type":"ReadAction","target":["https:\/\/www.camping-laclairiere.fr\/de\/campingplatz-rivierufer-saint-paul-en-born\/"]}]},{"@type":"ImageObject","inLanguage":"de","@id":"https:\/\/www.camping-laclairiere.fr\/de\/campingplatz-rivierufer-saint-paul-en-born\/#primaryimage","url":"https:\/\/www.camping-laclairiere.fr\/wp-content\/uploads\/2023\/01\/camping-lac-landes.jpg","contentUrl":"https:\/\/www.camping-laclairiere.fr\/wp-content\/uploads\/2023\/01\/camping-lac-landes.jpg","width":1900,"height":600,"caption":"camping lac landes"},{"@type":"BreadcrumbList","@id":"https:\/\/www.camping-laclairiere.fr\/de\/campingplatz-rivierufer-saint-paul-en-born\/#breadcrumb","itemListElement":[{"@type":"ListItem","position":1,"name":"Camping Landes","item":"https:\/\/www.camping-laclairiere.fr\/de\/"},{"@type":"ListItem","position":2,"name":"Campingpl\u00e4tze mit beheiztem Schwimmbad Landes"}]},{"@type":"WebSite","@id":"https:\/\/www.camping-laclairiere.fr\/fr\/#website","url":"https:\/\/www.camping-laclairiere.fr\/fr\/","name":"Camping La Clairi\u00e8re","description":"","publisher":{"@id":"https:\/\/www.camping-laclairiere.fr\/fr\/#organization"},"potentialAction":[{"@type":"SearchAction","target":{"@type":"EntryPoint","urlTemplate":"https:\/\/www.camping-laclairiere.fr\/fr\/?s={search_term_string}"},"query-input":{"@type":"PropertyValueSpecification","valueRequired":true,"valueName":"search_term_string"}}],"inLanguage":"de"},{"@type":"Organization","@id":"https:\/\/www.camping-laclairiere.fr\/fr\/#organization","name":"Camping La Clairi\u00e8re","url":"https:\/\/www.camping-laclairiere.fr\/fr\/","logo":{"@type":"ImageObject","inLanguage":"de","@id":"https:\/\/www.camping-laclairiere.fr\/fr\/#\/schema\/logo\/image\/","url":"https:\/\/www.camping-laclairiere.fr\/wp-content\/uploads\/2022\/12\/logo-camping-la-clairiere.png","contentUrl":"https:\/\/www.camping-laclairiere.fr\/wp-content\/uploads\/2022\/12\/logo-camping-la-clairiere.png","width":317,"height":111,"caption":"Camping La Clairi\u00e8re"},"image":{"@id":"https:\/\/www.camping-laclairiere.fr\/fr\/#\/schema\/logo\/image\/"}}]}},"_links":{"self":[{"href":"https:\/\/www.camping-laclairiere.fr\/de\/wp-json\/wp\/v2\/pages\/1979","targetHints":{"allow":["GET"]}}],"collection":[{"href":"https:\/\/www.camping-laclairiere.fr\/de\/wp-json\/wp\/v2\/pages"}],"about":[{"href":"https:\/\/www.camping-laclairiere.fr\/de\/wp-json\/wp\/v2\/types\/page"}],"author":[{"embeddable":true,"href":"https:\/\/www.camping-laclairiere.fr\/de\/wp-json\/wp\/v2\/users\/1"}],"replies":[{"embeddable":true,"href":"https:\/\/www.camping-laclairiere.fr\/de\/wp-json\/wp\/v2\/comments?post=1979"}],"version-history":[{"count":3,"href":"https:\/\/www.camping-laclairiere.fr\/de\/wp-json\/wp\/v2\/pages\/1979\/revisions"}],"predecessor-version":[{"id":2432,"href":"https:\/\/www.camping-laclairiere.fr\/de\/wp-json\/wp\/v2\/pages\/1979\/revisions\/2432"}],"wp:featuredmedia":[{"embeddable":true,"href":"https:\/\/www.camping-laclairiere.fr\/de\/wp-json\/wp\/v2\/media\/1773"}],"wp:attachment":[{"href":"https:\/\/www.camping-laclairiere.fr\/de\/wp-json\/wp\/v2\/media?parent=1979"}],"wp:term":[{"taxonomy":"sujet","embeddable":true,"href":"https:\/\/www.camping-laclairiere.fr\/de\/wp-json\/wp\/v2\/sujet?post=1979"}],"curies":[{"name":"wp","href":"https:\/\/api.w.org\/{rel}","templated":true}]}}