{"id":1977,"date":"2023-01-06T14:03:45","date_gmt":"2023-01-06T13:03:45","guid":{"rendered":"https:\/\/www.camping-laclairiere.fr\/camping-animationen-saint-paul-en-born\/"},"modified":"2024-07-08T14:42:19","modified_gmt":"2024-07-08T12:42:19","slug":"camping-animationen-saint-paul-en-born","status":"publish","type":"page","link":"https:\/\/www.camping-laclairiere.fr\/de\/camping-animationen-saint-paul-en-born\/","title":{"rendered":"Animations"},"content":{"rendered":"<section id=\"ls-section-block_3bb62f6dbe79c1ea18319a31fc23a639\" class=\"ls-section  page-intro\" >\n        <div class=\"container \">\n        \n\n<h1 class=\"ls__heading wp-block-heading has-text-align-center aquarelle deco-centre\">Campingplatz mit Animation in St. Petersburg Paul-en-Born<\/h1>\n\n\n    <\/div>\n<\/section>\n\n<section id=\"ls-section-block_071e0dea110c8734e7d2fe950cc55e65\" class=\"ls-section  page-one has-p-b p-b-14\" >\n        <div class=\"container container--wide\">\n        \n\n<div class=\"wp-block-columns is-layout-flex wp-container-core-columns-is-layout-9d6595d7 wp-block-columns-is-layout-flex\">\n<div class=\"wp-block-column is-vertically-aligned-center left is-layout-flow wp-block-column-is-layout-flow\" style=\"flex-basis:33.33%\">\n<figure class=\"wp-block-image size-full plante\"><img decoding=\"async\" width=\"220\" height=\"217\" src=\"https:\/\/www.camping-laclairiere.fr\/wp-content\/uploads\/2022\/12\/plante.png\" alt=\"Pflanze\" class=\"wp-image-654\"\/><\/figure>\n\n\n\n<h2 class=\"ls__heading wp-block-heading deco-gauche\" id=\"sport\">Unsere Sportpl\u00e4tze<\/h2>\n\n\n\n<p class=\"ls-paragraph\">Willkommen auf unserem <a href=\"\/de\/\">campingplatz in Saint-Paul-en-Born in den Landes.<\/a> Wir freuen uns, unseren G\u00e4sten eine gro\u00dfe Anzahl an <strong>Sporteinrichtungen<\/strong> zur Verf\u00fcgung stellen zu k\u00f6nnen (Ausleihe von Sportausr\u00fcstung m\u00f6glich).<\/p>\n\n\n\n<p class=\"ls-paragraph\">Unser campingplatz ist ideal f\u00fcr alle, die sich <strong>sportlich bet\u00e4tigen<\/strong> und ein belebendes erlebnis im <strong>Freien genie\u00dfen m\u00f6chten.<\/strong> Nur wenige Kilometer von den Str\u00e4nden des Atlantiks entfernt und in der N\u00e4he der Stadt Mimizan (8,3 km \u00fcber die D626) gelegen, k\u00f6nnen Sie Volleyball, Hometrainer, Tennis, Baumklettern, Golf, Kajak und sogar Fallschirmspringen ausprobieren! <\/p>\n\n\n\n<p class=\"ls-paragraph\">Wer sich entspannen und die <strong>Natur genie\u00dfen m\u00f6chte,<\/strong> kann die Freuden des Surfens, des Hawaiianischen Kanus oder des Paddelns entdecken. Wir sind sicher, dass Sie bei <strong>Ihrem Aufenthalt<\/strong> auf unserem campingplatz in Landes eine tolle Erfahrung machen werden.<\/p>\n<\/div>\n\n\n\n<div class=\"wp-block-column right is-layout-flow wp-block-column-is-layout-flow\" style=\"flex-basis:66.66%\">\n<figure class=\"wp-block-image size-full animated fadeInUp delay-200ms slow\"><img decoding=\"async\" width=\"900\" height=\"599\" src=\"https:\/\/www.camping-laclairiere.fr\/wp-content\/uploads\/2023\/09\/La-Clairiere-Escapades_jeux-enfants.jpg\" alt=\"\" class=\"wp-image-2645\" srcset=\"https:\/\/www.camping-laclairiere.fr\/wp-content\/uploads\/2023\/09\/La-Clairiere-Escapades_jeux-enfants.jpg 900w, https:\/\/www.camping-laclairiere.fr\/wp-content\/uploads\/2023\/09\/La-Clairiere-Escapades_jeux-enfants-300x200.jpg 300w, https:\/\/www.camping-laclairiere.fr\/wp-content\/uploads\/2023\/09\/La-Clairiere-Escapades_jeux-enfants-768x511.jpg 768w\" sizes=\"(max-width: 900px) 100vw, 900px\" \/><\/figure>\n<\/div>\n<\/div>\n\n\n    <\/div>\n<\/section>\n\n<section id=\"ls-section-block_3a4dd6483de0bf1875606b02ab915c59\" class=\"ls-section  page-two has-background has-color-3-background-color has-p-t p-t-14 has-p-b p-b-14\" >\n        <div class=\"container container--wide\">\n        \n\n<div class=\"wp-block-columns is-layout-flex wp-container-core-columns-is-layout-9d6595d7 wp-block-columns-is-layout-flex\">\n<div class=\"wp-block-column left is-layout-flow wp-block-column-is-layout-flow\">\n<figure class=\"wp-block-image size-full animated fadeInRight delay-200ms slow\"><a href=\"https:\/\/www.camping-laclairiere.fr\/wp-content\/uploads\/2023\/09\/La-Clairiere-Escapades_echec.jpg\"><img decoding=\"async\" width=\"900\" height=\"599\" src=\"https:\/\/www.camping-laclairiere.fr\/wp-content\/uploads\/2023\/09\/La-Clairiere-Escapades_echec.jpg\" alt=\"\" class=\"wp-image-2649\" srcset=\"https:\/\/www.camping-laclairiere.fr\/wp-content\/uploads\/2023\/09\/La-Clairiere-Escapades_echec.jpg 900w, https:\/\/www.camping-laclairiere.fr\/wp-content\/uploads\/2023\/09\/La-Clairiere-Escapades_echec-300x200.jpg 300w, https:\/\/www.camping-laclairiere.fr\/wp-content\/uploads\/2023\/09\/La-Clairiere-Escapades_echec-768x511.jpg 768w\" sizes=\"(max-width: 900px) 100vw, 900px\" \/><\/a><\/figure>\n\n\n\n<h2 class=\"ls__heading wp-block-heading deco-gauche\" id=\"soirees\">Unsere lebhaften Abende in St. Paul-en-Born<\/h2>\n\n\n\n<p class=\"ls-paragraph\">Wir sind stolz darauf, unseren Urlaubern <strong>unterhaltsame Abende<\/strong> zu bieten. Im Juli und August k\u00f6nnen Sie zweimal pro Woche nach einem Tag in unserem <a href=\"https:\/\/www.camping-laclairiere.fr\/de\/campingplatz-schwimmbad-saint-paul-en-born\/\">beheizten Pool<\/a> Musik h\u00f6ren und die warme Atmosph\u00e4re auf unserem campingplatz genie\u00dfen. Ob Sie nun Musikliebhaber sind oder einfach nur entspannen wollen, alles wird eine hervorragende Gelegenheit sein, sich mit Freunden zu treffen und einen geselligen <strong>Abend zu verbringen.<\/strong> Verbringen Sie au\u00dfergew\u00f6hnliche Abende auf dem campingplatz Clairi\u00e8re und profitieren Sie von den angebotenen Animationen. Sie werden es nicht bereuen!<\/p>\n<\/div>\n\n\n\n<div class=\"wp-block-column right is-layout-flow wp-block-column-is-layout-flow\">\n<figure class=\"wp-block-image size-full pin\"><img decoding=\"async\" width=\"211\" height=\"227\" src=\"https:\/\/www.camping-laclairiere.fr\/wp-content\/uploads\/2022\/12\/pin.png\" alt=\"pin\" class=\"wp-image-660\" title=\"pin\"\/><\/figure>\n\n\n\n<h2 class=\"ls__heading wp-block-heading deco-gauche\" id=\"club-enfant\">Der Kinderclub auf dem Campingplatz in den Landes<\/h2>\n\n\n\n<p class=\"ls-paragraph\">In der Hochsaison treffen sich die Kinder (4-17 Jahre) jeden Morgen im <strong>Kinderclub<\/strong>, wo unsere Betreuer ihnen Bastelworkshops, Spiele im Freien oder auch Tanz anbieten. Dies ist der ideale Ort, um neue Freunde zu finden, mit denen man auf dem Spielplatz oder beim Minigolf spielen kann.<\/p>\n\n\n\n<p class=\"ls-paragraph\">Am Nachmittag werden <strong>sportliche Aktivit\u00e4ten<\/strong> f\u00fcr <strong>Jugendliche und Erwachsene<\/strong> organisiert: Fu\u00dfball- oder Volleyballturniere, eine riesige Schnitzeljagd usw.<\/p>\n\n\n\n<figure class=\"wp-block-image size-full animated fadeInLeft delay-200ms slow\"><a href=\"https:\/\/www.camping-laclairiere.fr\/wp-content\/uploads\/2022\/12\/soirees-animees-camping-la-clairiere.jpg\"><img decoding=\"async\" width=\"800\" height=\"532\" src=\"https:\/\/www.camping-laclairiere.fr\/wp-content\/uploads\/2022\/12\/soirees-animees-camping-la-clairiere.jpg\" alt=\"abendliche Veranstaltungen auf dem campingplatz la clairiere\" class=\"wp-image-1181\" srcset=\"https:\/\/www.camping-laclairiere.fr\/wp-content\/uploads\/2022\/12\/soirees-animees-camping-la-clairiere.jpg 800w, https:\/\/www.camping-laclairiere.fr\/wp-content\/uploads\/2022\/12\/soirees-animees-camping-la-clairiere-300x200.jpg 300w, https:\/\/www.camping-laclairiere.fr\/wp-content\/uploads\/2022\/12\/soirees-animees-camping-la-clairiere-768x511.jpg 768w\" sizes=\"(max-width: 800px) 100vw, 800px\" \/><\/a><\/figure>\n<\/div>\n<\/div>\n\n\n    <\/div>\n<\/section>\n\n<section id=\"ls-section-block_6eaf3052b597640d82ea6671cf0c01e0\" class=\"ls-section   home-avis has-background has-color-white-background-color has-p-t p-t-14 has-p-b p-b-14\" >\n        <div class=\"container \">\n        \n\n<div id=\"ls-heading ls-titre-div-block_2c09109d9f9b32c542beff6f50121e5d\" class=\"ls-titre-div deco-first  aligncenter h2-like has-m-b m-b-8\" >\n    Und unsere Kunden, was halten sie von unseren Animationen?<\/div>\n\n\n<div class=\"avis-container-pages\"><div class=\"avis\"><div class=\"avis-content-container\"><div class=\"avis-text-container\"><div class=\"avis-name\">Dorothee P.<\/div><div class=\"avis-note\">\n                <span><i class=\"clairiere-star\"><\/i><\/span><span><i class=\"clairiere-star\"><\/i><\/span><span><i class=\"clairiere-star\"><\/i><\/span><span><i class=\"clairiere-star\"><\/i><\/span><span><i class=\"clairiere-star\"><\/i><\/span>\n                <\/div><div class=\"avis-content\"><p>Ruhiger campingplatz, freundlicher und professioneller Empfang. Der Pool ist top. Es werden viele <strong>Aktivit\u00e4ten<\/strong> angeboten. Ein kleiner Lebensmittelladen und eine Gastst\u00e4tte sind sehr erg\u00e4nzend. Man kann sein Brot und Geb\u00e4ck am Vortag f\u00fcr den n\u00e4chsten Tag bestellen und das ist sehr nett. Ich kann diesen familienfreundlichen campingplatz wirklich empfehlen, er ist gut ausgestattet und es gibt Fahrradwege in der N\u00e4he.<\/p>\n<\/div><\/div><\/div><\/div><div class=\"avis\"><div class=\"avis-content-container\"><div class=\"avis-text-container\"><div class=\"avis-name\">Carole C.<\/div><div class=\"avis-note\">\n                <span><i class=\"clairiere-star\"><\/i><\/span><span><i class=\"clairiere-star\"><\/i><\/span><span><i class=\"clairiere-star\"><\/i><\/span><span><i class=\"clairiere-star\"><\/i><\/span><span><i class=\"clairiere-star\"><\/i><\/span>\n                <\/div><div class=\"avis-content\"><p>Sehr angenehmer Aufenthalt! Wir haben einen tollen Aufenthalt auf diesem campingplatz verbracht, sehr guter Empfang, sehr sehr nettes Personal (J\u00e9r\u00e9my, Margaux, Fabian&#8230;), angenehmes und sehr sauberes Schwimmbad. Wir waren zu viert (2 Erwachsene und 2 Teenager) in einem Pops-Mobilheim, sauber und komfortabel mit einer schattigen Terrasse, wir haben dort alle unsere Mahlzeiten eingenommen&#8230; Ein ruhiger campingplatz, der aber viel zu bieten hat.<b>Aktivit\u00e4ten<\/b> und Abendveranstaltungen mit Orchester oder DJ. In der N\u00e4he des Ozeans, ruhig gelegen, keine vorbeif\u00fchrenden Stra\u00dfen in der N\u00e4he, quasi inmitten von B\u00e4umen. Wir werden auf jeden Fall wiederkommen. Vielen Dank an Sie alle.<\/p>\n<\/div><\/div><\/div><\/div><\/div>\n\n\n    <\/div>\n<\/section>\n\n<section id=\"ls-section-block_144e42a39f8ef0e64de5004f313d4bba\" class=\"ls-section  page-maillage has-background has-color-3-background-color has-p-t p-t-14 has-p-b p-b-14\" >\n        <div class=\"container container--wide\">\n        \n\n<div id=\"ls-heading ls-titre-div-block_3ca03a37c72893aef1da6ea377f465e0\" class=\"ls-titre-div deco-centre aligncenter h2-like\" >\n    Entdecken Sie die Unterk\u00fcnfte und Dienstleistungen unseres campingplatzes<\/div>\n\n\n<div id=\"ls-maillage-block_84aa65638d4dd5be52bf11db2c288abe\" class=\"ls-maillage cta-style-normal has-p-t p-t-8\" data-rows=\"3\">\n    <div class=\"wp-block-columns\"><div class=\"wp-block-column\">\n\n<a href=\"https:\/\/www.camping-laclairiere.fr\/de\/standort-emplacement-saint-paul-en-born\/\" target=\"\" rel=\"noopener\" class=\"ls-cta__link\">\n\n\t<div class=\"ls-cta__image\"><img decoding=\"async\" src=\"https:\/\/www.camping-laclairiere.fr\/wp-content\/uploads\/2022\/12\/emplacement-tente-ou-caravaning.jpg\" alt=\"emplacement tente ou caravaning\"><\/div>\n\t<div class=\"ls-cta__title\">\n\t\tStandorte\t<\/div>\n\n\t\t\n<\/a><\/div><div class=\"wp-block-column\">\n\n<a href=\"https:\/\/www.camping-laclairiere.fr\/de\/vermietung-mobilheim-saint-paul-en-born\/\" target=\"\" rel=\"noopener\" class=\"ls-cta__link\">\n\n\t<div class=\"ls-cta__image\"><img decoding=\"async\" src=\"https:\/\/www.camping-laclairiere.fr\/wp-content\/uploads\/2023\/02\/La-Clairiere-Escapades_mobilhome-768x512.jpg\" alt=\"\"><\/div>\n\t<div class=\"ls-cta__title\">\n\t\tVermietungen\t<\/div>\n\n\t\t\n<\/a><\/div><div class=\"wp-block-column\">\n\n<a href=\"https:\/\/www.camping-laclairiere.fr\/de\/campingplatz-familie-saint-paul-en-born\/\" target=\"\" rel=\"noopener\" class=\"ls-cta__link\">\n\n\t<div class=\"ls-cta__image\"><img decoding=\"async\" src=\"https:\/\/www.camping-laclairiere.fr\/wp-content\/uploads\/2022\/12\/vienoisserie-et-depot-de-pain-la-clairiere-landes.jpg\" alt=\"depot pain viennoiserie\"><\/div>\n\t<div class=\"ls-cta__title\">\n\t\tGastst\u00e4tte und Dienstleistungen\t<\/div>\n\n\t\t\n<\/a><\/div><\/div><\/div>\n\n    <\/div>\n<\/section>","protected":false},"excerpt":{"rendered":"","protected":false},"author":1,"featured_media":1691,"parent":0,"menu_order":0,"comment_status":"closed","ping_status":"closed","template":"","meta":{"_acf_changed":false,"footnotes":""},"sujet":[],"class_list":["post-1977","page","type-page","status-publish","has-post-thumbnail","hentry"],"acf":[],"yoast_head":"<!-- This site is optimized with the Yoast SEO plugin v25.3 - https:\/\/yoast.com\/wordpress\/plugins\/seo\/ -->\n<title>Camping-Animationen St. Paul-en-Born | Campingplatz Aktivit\u00e4ten Landes<\/title>\n<meta name=\"description\" content=\"Kinderclub mit Spielen im Freien, Sport und vielem mehr oder genie\u00dfen Sie den beheizten Pool und die Abendunterhaltung.\" \/>\n<meta name=\"robots\" content=\"index, follow, max-snippet:-1, max-image-preview:large, max-video-preview:-1\" \/>\n<link rel=\"canonical\" href=\"https:\/\/www.camping-laclairiere.fr\/de\/camping-animationen-saint-paul-en-born\/\" \/>\n<meta property=\"og:locale\" content=\"de_DE\" \/>\n<meta property=\"og:type\" content=\"article\" \/>\n<meta property=\"og:title\" content=\"Camping-Animationen St. Paul-en-Born | Campingplatz Aktivit\u00e4ten Landes\" \/>\n<meta property=\"og:description\" content=\"Kinderclub mit Spielen im Freien, Sport und vielem mehr oder genie\u00dfen Sie den beheizten Pool und die Abendunterhaltung.\" \/>\n<meta property=\"og:url\" content=\"https:\/\/www.camping-laclairiere.fr\/de\/camping-animationen-saint-paul-en-born\/\" \/>\n<meta property=\"og:site_name\" content=\"Camping La Clairi\u00e8re\" \/>\n<meta property=\"article:modified_time\" content=\"2024-07-08T12:42:19+00:00\" \/>\n<meta property=\"og:image\" content=\"https:\/\/www.camping-laclairiere.fr\/wp-content\/uploads\/2022\/12\/animations-camping-la-clairiere.jpg\" \/>\n\t<meta property=\"og:image:width\" content=\"1920\" \/>\n\t<meta property=\"og:image:height\" content=\"712\" \/>\n\t<meta property=\"og:image:type\" content=\"image\/jpeg\" \/>\n<meta name=\"twitter:card\" content=\"summary_large_image\" \/>\n<meta name=\"twitter:label1\" content=\"Gesch\u00e4tzte Lesezeit\" \/>\n\t<meta name=\"twitter:data1\" content=\"3\u00a0Minuten\" \/>\n<script type=\"application\/ld+json\" class=\"yoast-schema-graph\">{\"@context\":\"https:\/\/schema.org\",\"@graph\":[{\"@type\":\"WebPage\",\"@id\":\"https:\/\/www.camping-laclairiere.fr\/de\/camping-animationen-saint-paul-en-born\/\",\"url\":\"https:\/\/www.camping-laclairiere.fr\/de\/camping-animationen-saint-paul-en-born\/\",\"name\":\"Camping-Animationen St. Paul-en-Born | Campingplatz Aktivit\u00e4ten Landes\",\"isPartOf\":{\"@id\":\"https:\/\/www.camping-laclairiere.fr\/fr\/#website\"},\"primaryImageOfPage\":{\"@id\":\"https:\/\/www.camping-laclairiere.fr\/de\/camping-animationen-saint-paul-en-born\/#primaryimage\"},\"image\":{\"@id\":\"https:\/\/www.camping-laclairiere.fr\/de\/camping-animationen-saint-paul-en-born\/#primaryimage\"},\"thumbnailUrl\":\"https:\/\/www.camping-laclairiere.fr\/wp-content\/uploads\/2022\/12\/animations-camping-la-clairiere.jpg\",\"datePublished\":\"2023-01-06T13:03:45+00:00\",\"dateModified\":\"2024-07-08T12:42:19+00:00\",\"description\":\"Kinderclub mit Spielen im Freien, Sport und vielem mehr oder genie\u00dfen Sie den beheizten Pool und die Abendunterhaltung.\",\"breadcrumb\":{\"@id\":\"https:\/\/www.camping-laclairiere.fr\/de\/camping-animationen-saint-paul-en-born\/#breadcrumb\"},\"inLanguage\":\"de\",\"potentialAction\":[{\"@type\":\"ReadAction\",\"target\":[\"https:\/\/www.camping-laclairiere.fr\/de\/camping-animationen-saint-paul-en-born\/\"]}]},{\"@type\":\"ImageObject\",\"inLanguage\":\"de\",\"@id\":\"https:\/\/www.camping-laclairiere.fr\/de\/camping-animationen-saint-paul-en-born\/#primaryimage\",\"url\":\"https:\/\/www.camping-laclairiere.fr\/wp-content\/uploads\/2022\/12\/animations-camping-la-clairiere.jpg\",\"contentUrl\":\"https:\/\/www.camping-laclairiere.fr\/wp-content\/uploads\/2022\/12\/animations-camping-la-clairiere.jpg\",\"width\":1920,\"height\":712,\"caption\":\"animations camping la clairiere\"},{\"@type\":\"BreadcrumbList\",\"@id\":\"https:\/\/www.camping-laclairiere.fr\/de\/camping-animationen-saint-paul-en-born\/#breadcrumb\",\"itemListElement\":[{\"@type\":\"ListItem\",\"position\":1,\"name\":\"Camping Landes\",\"item\":\"https:\/\/www.camping-laclairiere.fr\/de\/\"},{\"@type\":\"ListItem\",\"position\":2,\"name\":\"Campingpl\u00e4tze mit Aktivit\u00e4ten in den Landes\"}]},{\"@type\":\"WebSite\",\"@id\":\"https:\/\/www.camping-laclairiere.fr\/fr\/#website\",\"url\":\"https:\/\/www.camping-laclairiere.fr\/fr\/\",\"name\":\"Camping La Clairi\u00e8re\",\"description\":\"\",\"publisher\":{\"@id\":\"https:\/\/www.camping-laclairiere.fr\/fr\/#organization\"},\"potentialAction\":[{\"@type\":\"SearchAction\",\"target\":{\"@type\":\"EntryPoint\",\"urlTemplate\":\"https:\/\/www.camping-laclairiere.fr\/fr\/?s={search_term_string}\"},\"query-input\":{\"@type\":\"PropertyValueSpecification\",\"valueRequired\":true,\"valueName\":\"search_term_string\"}}],\"inLanguage\":\"de\"},{\"@type\":\"Organization\",\"@id\":\"https:\/\/www.camping-laclairiere.fr\/fr\/#organization\",\"name\":\"Camping La Clairi\u00e8re\",\"url\":\"https:\/\/www.camping-laclairiere.fr\/fr\/\",\"logo\":{\"@type\":\"ImageObject\",\"inLanguage\":\"de\",\"@id\":\"https:\/\/www.camping-laclairiere.fr\/fr\/#\/schema\/logo\/image\/\",\"url\":\"https:\/\/www.camping-laclairiere.fr\/wp-content\/uploads\/2022\/12\/logo-camping-la-clairiere.png\",\"contentUrl\":\"https:\/\/www.camping-laclairiere.fr\/wp-content\/uploads\/2022\/12\/logo-camping-la-clairiere.png\",\"width\":317,\"height\":111,\"caption\":\"Camping La Clairi\u00e8re\"},\"image\":{\"@id\":\"https:\/\/www.camping-laclairiere.fr\/fr\/#\/schema\/logo\/image\/\"}}]}<\/script>\n<!-- \/ Yoast SEO plugin. -->","yoast_head_json":{"title":"Camping-Animationen St. Paul-en-Born | Campingplatz Aktivit\u00e4ten Landes","description":"Kinderclub mit Spielen im Freien, Sport und vielem mehr oder genie\u00dfen Sie den beheizten Pool und die Abendunterhaltung.","robots":{"index":"index","follow":"follow","max-snippet":"max-snippet:-1","max-image-preview":"max-image-preview:large","max-video-preview":"max-video-preview:-1"},"canonical":"https:\/\/www.camping-laclairiere.fr\/de\/camping-animationen-saint-paul-en-born\/","og_locale":"de_DE","og_type":"article","og_title":"Camping-Animationen St. Paul-en-Born | Campingplatz Aktivit\u00e4ten Landes","og_description":"Kinderclub mit Spielen im Freien, Sport und vielem mehr oder genie\u00dfen Sie den beheizten Pool und die Abendunterhaltung.","og_url":"https:\/\/www.camping-laclairiere.fr\/de\/camping-animationen-saint-paul-en-born\/","og_site_name":"Camping La Clairi\u00e8re","article_modified_time":"2024-07-08T12:42:19+00:00","og_image":[{"width":1920,"height":712,"url":"https:\/\/www.camping-laclairiere.fr\/wp-content\/uploads\/2022\/12\/animations-camping-la-clairiere.jpg","type":"image\/jpeg"}],"twitter_card":"summary_large_image","twitter_misc":{"Gesch\u00e4tzte Lesezeit":"3\u00a0Minuten"},"schema":{"@context":"https:\/\/schema.org","@graph":[{"@type":"WebPage","@id":"https:\/\/www.camping-laclairiere.fr\/de\/camping-animationen-saint-paul-en-born\/","url":"https:\/\/www.camping-laclairiere.fr\/de\/camping-animationen-saint-paul-en-born\/","name":"Camping-Animationen St. Paul-en-Born | Campingplatz Aktivit\u00e4ten Landes","isPartOf":{"@id":"https:\/\/www.camping-laclairiere.fr\/fr\/#website"},"primaryImageOfPage":{"@id":"https:\/\/www.camping-laclairiere.fr\/de\/camping-animationen-saint-paul-en-born\/#primaryimage"},"image":{"@id":"https:\/\/www.camping-laclairiere.fr\/de\/camping-animationen-saint-paul-en-born\/#primaryimage"},"thumbnailUrl":"https:\/\/www.camping-laclairiere.fr\/wp-content\/uploads\/2022\/12\/animations-camping-la-clairiere.jpg","datePublished":"2023-01-06T13:03:45+00:00","dateModified":"2024-07-08T12:42:19+00:00","description":"Kinderclub mit Spielen im Freien, Sport und vielem mehr oder genie\u00dfen Sie den beheizten Pool und die Abendunterhaltung.","breadcrumb":{"@id":"https:\/\/www.camping-laclairiere.fr\/de\/camping-animationen-saint-paul-en-born\/#breadcrumb"},"inLanguage":"de","potentialAction":[{"@type":"ReadAction","target":["https:\/\/www.camping-laclairiere.fr\/de\/camping-animationen-saint-paul-en-born\/"]}]},{"@type":"ImageObject","inLanguage":"de","@id":"https:\/\/www.camping-laclairiere.fr\/de\/camping-animationen-saint-paul-en-born\/#primaryimage","url":"https:\/\/www.camping-laclairiere.fr\/wp-content\/uploads\/2022\/12\/animations-camping-la-clairiere.jpg","contentUrl":"https:\/\/www.camping-laclairiere.fr\/wp-content\/uploads\/2022\/12\/animations-camping-la-clairiere.jpg","width":1920,"height":712,"caption":"animations camping la clairiere"},{"@type":"BreadcrumbList","@id":"https:\/\/www.camping-laclairiere.fr\/de\/camping-animationen-saint-paul-en-born\/#breadcrumb","itemListElement":[{"@type":"ListItem","position":1,"name":"Camping Landes","item":"https:\/\/www.camping-laclairiere.fr\/de\/"},{"@type":"ListItem","position":2,"name":"Campingpl\u00e4tze mit Aktivit\u00e4ten in den Landes"}]},{"@type":"WebSite","@id":"https:\/\/www.camping-laclairiere.fr\/fr\/#website","url":"https:\/\/www.camping-laclairiere.fr\/fr\/","name":"Camping La Clairi\u00e8re","description":"","publisher":{"@id":"https:\/\/www.camping-laclairiere.fr\/fr\/#organization"},"potentialAction":[{"@type":"SearchAction","target":{"@type":"EntryPoint","urlTemplate":"https:\/\/www.camping-laclairiere.fr\/fr\/?s={search_term_string}"},"query-input":{"@type":"PropertyValueSpecification","valueRequired":true,"valueName":"search_term_string"}}],"inLanguage":"de"},{"@type":"Organization","@id":"https:\/\/www.camping-laclairiere.fr\/fr\/#organization","name":"Camping La Clairi\u00e8re","url":"https:\/\/www.camping-laclairiere.fr\/fr\/","logo":{"@type":"ImageObject","inLanguage":"de","@id":"https:\/\/www.camping-laclairiere.fr\/fr\/#\/schema\/logo\/image\/","url":"https:\/\/www.camping-laclairiere.fr\/wp-content\/uploads\/2022\/12\/logo-camping-la-clairiere.png","contentUrl":"https:\/\/www.camping-laclairiere.fr\/wp-content\/uploads\/2022\/12\/logo-camping-la-clairiere.png","width":317,"height":111,"caption":"Camping La Clairi\u00e8re"},"image":{"@id":"https:\/\/www.camping-laclairiere.fr\/fr\/#\/schema\/logo\/image\/"}}]}},"_links":{"self":[{"href":"https:\/\/www.camping-laclairiere.fr\/de\/wp-json\/wp\/v2\/pages\/1977","targetHints":{"allow":["GET"]}}],"collection":[{"href":"https:\/\/www.camping-laclairiere.fr\/de\/wp-json\/wp\/v2\/pages"}],"about":[{"href":"https:\/\/www.camping-laclairiere.fr\/de\/wp-json\/wp\/v2\/types\/page"}],"author":[{"embeddable":true,"href":"https:\/\/www.camping-laclairiere.fr\/de\/wp-json\/wp\/v2\/users\/1"}],"replies":[{"embeddable":true,"href":"https:\/\/www.camping-laclairiere.fr\/de\/wp-json\/wp\/v2\/comments?post=1977"}],"version-history":[{"count":9,"href":"https:\/\/www.camping-laclairiere.fr\/de\/wp-json\/wp\/v2\/pages\/1977\/revisions"}],"predecessor-version":[{"id":2896,"href":"https:\/\/www.camping-laclairiere.fr\/de\/wp-json\/wp\/v2\/pages\/1977\/revisions\/2896"}],"wp:featuredmedia":[{"embeddable":true,"href":"https:\/\/www.camping-laclairiere.fr\/de\/wp-json\/wp\/v2\/media\/1691"}],"wp:attachment":[{"href":"https:\/\/www.camping-laclairiere.fr\/de\/wp-json\/wp\/v2\/media?parent=1977"}],"wp:term":[{"taxonomy":"sujet","embeddable":true,"href":"https:\/\/www.camping-laclairiere.fr\/de\/wp-json\/wp\/v2\/sujet?post=1977"}],"curies":[{"name":"wp","href":"https:\/\/api.w.org\/{rel}","templated":true}]}}